{"id":11080,"date":"2025-10-28T21:26:37","date_gmt":"2025-10-28T21:26:37","guid":{"rendered":"https:\/\/storempss.com\/?page_id=11080"},"modified":"2025-10-28T21:26:37","modified_gmt":"2025-10-28T21:26:37","slug":"hseq-fr","status":"publish","type":"page","link":"https:\/\/mathies-antwerpen.com\/fr\/hseq-fr\/","title":{"rendered":"HSEQ"},"content":{"rendered":"<div  class='hr av-4xy0tn-33b2dfeb306c27acedb8269b5d62c8b0 hr-default  avia-builder-el-0  el_before_av_heading  avia-builder-el-first '><span class='hr-inner '><span class=\"hr-inner-style\"><\/span><\/span><\/div>\n\n<style type=\"text\/css\" data-created_by=\"avia_inline_auto\" id=\"style-css-av-lvqa4oui-454d25adb094830722c76e91287d09a6\">\n#top .av-special-heading.av-lvqa4oui-454d25adb094830722c76e91287d09a6{\npadding-bottom:10px;\n}\nbody .av-special-heading.av-lvqa4oui-454d25adb094830722c76e91287d09a6 .av-special-heading-tag .heading-char{\nfont-size:25px;\n}\n.av-special-heading.av-lvqa4oui-454d25adb094830722c76e91287d09a6 .av-subheading{\nfont-size:15px;\n}\n<\/style>\n<div  class='av-special-heading av-lvqa4oui-454d25adb094830722c76e91287d09a6 av-special-heading-h3  avia-builder-el-1  el_after_av_hr  el_before_av_hr '><h3 class='av-special-heading-tag '  itemprop=\"headline\"  >HSEQ<\/h3><div class=\"special-heading-border\"><div class=\"special-heading-inner-border\"><\/div><\/div><\/div>\n<div  class='hr av-v2d7-30b8854d1593cc1defb35be30fb3e0ae hr-default  avia-builder-el-2  el_after_av_heading  el_before_av_textblock '><span class='hr-inner '><span class=\"hr-inner-style\"><\/span><\/span><\/div>\n<section  class='av_textblock_section av-lvqabn1v-032a44eae380a5d9db34d7755621ee17 '   itemscope=\"itemscope\" itemtype=\"https:\/\/schema.org\/CreativeWork\" ><div class='avia_textblock'  itemprop=\"text\" ><p>Assurer la sant\u00e9, la s\u00e9curit\u00e9, la protection de l&rsquo;environnement et la qualit\u00e9 (HSEQ) est une priorit\u00e9 pour MATHIES dans tous ses domaines d&rsquo;activit\u00e9. Pour atteindre ces objectifs, MATHIES agit en stricte conformit\u00e9 avec les exigences des l\u00e9gislations internationales et europ\u00e9ennes.<\/p>\n<p>En tant qu&rsquo;entreprise et prestataire de services de premier plan, MATHIES est consciente de la nature et de l&rsquo;ampleur de son impact sur l&rsquo;environnement. Nous consid\u00e9rons qu&rsquo;il est de notre devoir de garantir des conditions de travail s\u00fbres \u00e0 nos employ\u00e9s et \u00e0 nos partenaires, ainsi que de garantir le bon fonctionnement de nos installations et de minimiser notre empreinte \u00e9cologique.<\/p>\n<p>La protection de l&rsquo;environnement fait partie int\u00e9grante de la culture d&rsquo;entreprise et de la responsabilit\u00e9 sociale de MATHIES. Notre objectif principal est de g\u00e9rer et de minimiser efficacement l&rsquo;impact environnemental de nos activit\u00e9s de production, ainsi que de le pr\u00e9server au b\u00e9n\u00e9fice des g\u00e9n\u00e9rations actuelles et futures.<\/p>\n<\/div><\/section>\n","protected":false},"excerpt":{"rendered":"","protected":false},"author":1,"featured_media":0,"parent":0,"menu_order":0,"comment_status":"closed","ping_status":"closed","template":"","meta":{"_glsr_average":0,"_glsr_ranking":0,"_glsr_reviews":0,"footnotes":""},"class_list":["post-11080","page","type-page","status-publish","hentry"],"_links":{"self":[{"href":"https:\/\/mathies-antwerpen.com\/fr\/wp-json\/wp\/v2\/pages\/11080","targetHints":{"allow":["GET"]}}],"collection":[{"href":"https:\/\/mathies-antwerpen.com\/fr\/wp-json\/wp\/v2\/pages"}],"about":[{"href":"https:\/\/mathies-antwerpen.com\/fr\/wp-json\/wp\/v2\/types\/page"}],"author":[{"embeddable":true,"href":"https:\/\/mathies-antwerpen.com\/fr\/wp-json\/wp\/v2\/users\/1"}],"replies":[{"embeddable":true,"href":"https:\/\/mathies-antwerpen.com\/fr\/wp-json\/wp\/v2\/comments?post=11080"}],"version-history":[{"count":0,"href":"https:\/\/mathies-antwerpen.com\/fr\/wp-json\/wp\/v2\/pages\/11080\/revisions"}],"wp:attachment":[{"href":"https:\/\/mathies-antwerpen.com\/fr\/wp-json\/wp\/v2\/media?parent=11080"}],"curies":[{"name":"wp","href":"https:\/\/api.w.org\/{rel}","templated":true}]}}