{"id":137825,"date":"1900-10-26T15:08:36","date_gmt":"1900-10-26T15:08:36","guid":{"rendered":"https:\/\/moby-hub.com\/?page_id=137825"},"modified":"2026-03-12T09:25:51","modified_gmt":"2026-03-12T09:25:51","slug":"modalites-de-paiement","status":"publish","type":"page","link":"https:\/\/mathies-antwerpen.com\/fr\/modalites-de-paiement\/","title":{"rendered":"Modalit\u00e9s de paiement"},"content":{"rendered":"\n<style type=\"text\/css\" data-created_by=\"avia_inline_auto\" id=\"style-css-av-lsg7cu57-86464460e1d780ffbd195c1c33f1827f\">\n#top .av-special-heading.av-lsg7cu57-86464460e1d780ffbd195c1c33f1827f{\npadding-bottom:10px;\n}\nbody .av-special-heading.av-lsg7cu57-86464460e1d780ffbd195c1c33f1827f .av-special-heading-tag .heading-char{\nfont-size:25px;\n}\n.av-special-heading.av-lsg7cu57-86464460e1d780ffbd195c1c33f1827f .av-subheading{\nfont-size:15px;\n}\n<\/style>\n<div  class='av-special-heading av-lsg7cu57-86464460e1d780ffbd195c1c33f1827f av-special-heading-h2 blockquote elegant-quote elegant-centered  avia-builder-el-0  el_before_av_hr  avia-builder-el-first '><h2 class='av-special-heading-tag '  itemprop=\"headline\"  ><span class=\"heading-wrap\">M\u00e9thodes de payement<\/span><\/h2><div class=\"special-heading-border\"><div class=\"special-heading-inner-border\"><\/div><\/div><\/div>\n\n<style type=\"text\/css\" data-created_by=\"avia_inline_auto\" id=\"style-css-av-wojhpd-64b12b4aa09c2ffe98570801a67cb44e\">\n#top .hr.hr-invisible.av-wojhpd-64b12b4aa09c2ffe98570801a67cb44e{\nheight:25px;\n}\n<\/style>\n<div  class='hr av-wojhpd-64b12b4aa09c2ffe98570801a67cb44e hr-invisible  avia-builder-el-1  el_after_av_heading  el_before_av_one_fifth '><span class='hr-inner '><span class=\"hr-inner-style\"><\/span><\/span><\/div>\n<div  class='flex_column av-2cxz5dup-94daa74a982d5f9a675dc1834eacfd6c av_one_fifth  avia-builder-el-2  el_after_av_hr  el_before_av_three_fifth  first flex_column_div  '     ><\/div>\n<div  class='flex_column av-81gwzkx-4c3022e6089267dbaeb91083a3f794be av_three_fifth  avia-builder-el-3  el_after_av_one_fifth  el_before_av_one_fifth  flex_column_div  '     ><section  class='av_textblock_section av-lsg7dxnd-8d41805381362528b55e959b2b461c70 '   itemscope=\"itemscope\" itemtype=\"https:\/\/schema.org\/CreativeWork\" ><div class='avia_textblock'  itemprop=\"text\" ><p style=\"text-align: center;\"><strong>Les modes de paiement suivants sont accept\u00e9s :<\/strong><\/p>\n<ul>\n<li>Payer par virement bancaire (paiement \u00e0 l&rsquo;avance) moins 5% de r\u00e9duction<\/li>\n<li>Payer par carte de cr\u00e9dit \/ carte de d\u00e9bit<\/li>\n<li>Achat \u00e0 cr\u00e9dit<\/li>\n<li>Payer via PayPal<\/li>\n<li>Payer via Western Union et MoneyGram<\/li>\n<\/ul>\n<p>Nous nous r\u00e9servons le droit de restreindre individuellement l&rsquo;utilisation des m\u00e9thodes de paiement disponibles. Dans ce cas, vous serez imm\u00e9diatement inform\u00e9 par email.<\/p>\n<\/div><\/section><\/div>\n<div  class='flex_column av-239y3fj5-7d0c32eeee0b49af0d0c2ca9a4e1601f av_one_fifth  avia-builder-el-5  el_after_av_three_fifth  el_before_av_three_fifth  flex_column_div  '     ><\/div>\n<div  class='flex_column av-1yzws34x-666241633d627cf3a953dd10f40b61ca av_three_fifth  avia-builder-el-6  el_after_av_one_fifth  el_before_av_one_fifth  first flex_column_div  column-top-margin'     ><section  class='av_textblock_section av-lsg7faxk-481253c96c40a8b7c412819d44b72302 '   itemscope=\"itemscope\" itemtype=\"https:\/\/schema.org\/CreativeWork\" ><div class='avia_textblock'  itemprop=\"text\" ><p><strong>Payer par virement bancaire (paiement \u00e0 l&rsquo;avance) moins 5% de r\u00e9duction<\/strong><\/p>\n<ul>\n<li>Simple et pratique<\/li>\n<\/ul>\n<p>Envoyez-nous votre commande en pr\u00e9cisant le mode de paiement : virement bancaire (paiement \u00e0 l&rsquo;avance)<\/p>\n<p>Vous recevrez alors un email de confirmation de commande contenant les informations et coordonn\u00e9es bancaires requises. D\u00e8s que nous pourrons enregistrer la r\u00e9ception du paiement, votre commande sera trait\u00e9e et exp\u00e9di\u00e9e.<\/p>\n<\/div><\/section><\/div>\n<div  class='flex_column av-1wox6xk1-b8ce407587f7e95fc0e86e4f0f3901df av_one_fifth  avia-builder-el-8  el_after_av_three_fifth  el_before_av_one_fifth  flex_column_div  column-top-margin'     ><style type=\"text\/css\" data-created_by=\"avia_inline_auto\" id=\"style-css-av-1ptn5oip-81bacace98d1c038dc2fe9d6531e76eb\">\n.avia-image-container.av-1ptn5oip-81bacace98d1c038dc2fe9d6531e76eb img.avia_image{\nbox-shadow:none;\n}\n.avia-image-container.av-1ptn5oip-81bacace98d1c038dc2fe9d6531e76eb .av-image-caption-overlay-center{\ncolor:#ffffff;\n}\n<\/style>\n<div  class='avia-image-container av-1ptn5oip-81bacace98d1c038dc2fe9d6531e76eb av-styling- avia-align-center  avia-builder-el-9  avia-builder-el-no-sibling '   itemprop=\"image\" itemscope=\"itemscope\" itemtype=\"https:\/\/schema.org\/ImageObject\" ><div class=\"avia-image-container-inner\"><div class=\"avia-image-overlay-wrap\"><img decoding=\"async\" fetchpriority=\"high\" class='wp-image-137882 avia-img-lazy-loading-not-137882 avia_image ' src=\"https:\/\/mathies-antwerpen.com\/wp-content\/uploads\/2025\/10\/bank.jpg\" alt='' title='bank'  height=\"350\" width=\"350\"  itemprop=\"thumbnailUrl\" srcset=\"https:\/\/mathies-antwerpen.com\/wp-content\/uploads\/2025\/10\/bank.jpg 350w, https:\/\/mathies-antwerpen.com\/wp-content\/uploads\/2025\/10\/bank-300x300.jpg 300w, https:\/\/mathies-antwerpen.com\/wp-content\/uploads\/2025\/10\/bank-100x100.jpg 100w, https:\/\/mathies-antwerpen.com\/wp-content\/uploads\/2025\/10\/bank-120x120.jpg 120w, https:\/\/mathies-antwerpen.com\/wp-content\/uploads\/2025\/10\/bank-36x36.jpg 36w, https:\/\/mathies-antwerpen.com\/wp-content\/uploads\/2025\/10\/bank-180x180.jpg 180w\" sizes=\"(max-width: 350px) 100vw, 350px\" \/><\/div><\/div><\/div><\/div>\n<div  class='flex_column av-1l58gnfl-6dc9901bbed6f70ac34ab73dc5e6e974 av_one_fifth  avia-builder-el-10  el_after_av_one_fifth  el_before_av_one_fifth  flex_column_div  column-top-margin'     ><\/div>\n<div  class='flex_column av-1j2m4ty9-697e481716bc6152ca20a15eff87117c av_one_fifth  avia-builder-el-11  el_after_av_one_fifth  el_before_av_one_fifth  first flex_column_div  column-top-margin'     ><\/div>\n<div  class='flex_column av-1aq46o81-ec00f4f6aa05aeb82312013985d69bbc av_one_fifth  avia-builder-el-12  el_after_av_one_fifth  el_before_av_three_fifth  flex_column_div  column-top-margin'     ><style type=\"text\/css\" data-created_by=\"avia_inline_auto\" id=\"style-css-av-mhbr9l1l-eabeb86ee0e4e6e56557fe29c465cb15\">\n.avia-image-container.av-mhbr9l1l-eabeb86ee0e4e6e56557fe29c465cb15 img.avia_image{\nbox-shadow:none;\n}\n.avia-image-container.av-mhbr9l1l-eabeb86ee0e4e6e56557fe29c465cb15 .av-image-caption-overlay-center{\ncolor:#ffffff;\n}\n<\/style>\n<div  class='avia-image-container av-mhbr9l1l-eabeb86ee0e4e6e56557fe29c465cb15 av-styling- avia-align-center  avia-builder-el-13  avia-builder-el-no-sibling '   itemprop=\"image\" itemscope=\"itemscope\" itemtype=\"https:\/\/schema.org\/ImageObject\" ><div class=\"avia-image-container-inner\"><div class=\"avia-image-overlay-wrap\"><img decoding=\"async\" fetchpriority=\"high\" class='wp-image-137894 avia-img-lazy-loading-not-137894 avia_image ' src=\"https:\/\/mathies-antwerpen.com\/wp-content\/uploads\/2025\/10\/Kreditkarte.jpg\" alt='' title='Kreditkarte'  height=\"350\" width=\"350\"  itemprop=\"thumbnailUrl\" srcset=\"https:\/\/mathies-antwerpen.com\/wp-content\/uploads\/2025\/10\/Kreditkarte.jpg 350w, https:\/\/mathies-antwerpen.com\/wp-content\/uploads\/2025\/10\/Kreditkarte-300x300.jpg 300w, https:\/\/mathies-antwerpen.com\/wp-content\/uploads\/2025\/10\/Kreditkarte-100x100.jpg 100w, https:\/\/mathies-antwerpen.com\/wp-content\/uploads\/2025\/10\/Kreditkarte-120x120.jpg 120w, https:\/\/mathies-antwerpen.com\/wp-content\/uploads\/2025\/10\/Kreditkarte-36x36.jpg 36w, https:\/\/mathies-antwerpen.com\/wp-content\/uploads\/2025\/10\/Kreditkarte-180x180.jpg 180w\" sizes=\"(max-width: 350px) 100vw, 350px\" \/><\/div><\/div><\/div><\/div>\n<div  class='flex_column av-15uqu5gh-496494dfc3fa1c6c3f79ddfea95c28cb av_three_fifth  avia-builder-el-14  el_after_av_one_fifth  el_before_av_three_fifth  flex_column_div  column-top-margin'     ><section  class='av_textblock_section av-lsg7gmyp-8b26976d5c765f6292825723bdf7e078 '   itemscope=\"itemscope\" itemtype=\"https:\/\/schema.org\/CreativeWork\" ><div class='avia_textblock'  itemprop=\"text\" ><p><strong>Payer par carte de cr\u00e9dit \/ carte de d\u00e9bit<\/strong><\/p>\n<p>Payez rapidement et en toute s\u00e9curit\u00e9 avec Visa ou Mastercard. Le paiement s&rsquo;effectue via une connexion s\u00e9curis\u00e9e et crypt\u00e9e et est trait\u00e9 par le prestataire tiers Stripe.<\/p>\n<p>Une fois le paiement valid\u00e9, votre commande sera trait\u00e9e puis exp\u00e9di\u00e9e.<\/p>\n<\/div><\/section><\/div>\n<div  class='flex_column av-13pzpext-8c244c549ede8ca47ea1da88bc738257 av_three_fifth  avia-builder-el-16  el_after_av_three_fifth  el_before_av_one_fifth  first flex_column_div  '     ><section  class='av_textblock_section av-lsg7heuh-e3ceb72ef06c0f112870a700186f4b8a '   itemscope=\"itemscope\" itemtype=\"https:\/\/schema.org\/CreativeWork\" ><div class='avia_textblock'  itemprop=\"text\" ><p><strong>Achat \u00e0 cr\u00e9dit<\/strong><\/p>\n<p>Avec ce mode de paiement, le montant de la facture est payable dans les 14 jours suivant l&rsquo;exp\u00e9dition de la commande et la r\u00e9ception de la facture.<\/p>\n<p>L&rsquo;achat \u00e0 cr\u00e9dit est automatiquement activ\u00e9 pour les clients ayant d\u00e9j\u00e0 pass\u00e9 leur deuxi\u00e8me commande, sous r\u00e9serve de la cr\u00e9ation d&rsquo;un compte client.<\/p>\n<\/div><\/section><\/div>\n<div  class='flex_column av-22jflsx-fc7cccbcb4413ff496fd2522e806d8cd av_one_fifth  avia-builder-el-18  el_after_av_three_fifth  el_before_av_one_fifth  flex_column_div  '     ><style type=\"text\/css\" data-created_by=\"avia_inline_auto\" id=\"style-css-av-mi4jtqrf-b267a4154e52f5b28abf090e1ec76adf\">\n.avia-image-container.av-mi4jtqrf-b267a4154e52f5b28abf090e1ec76adf img.avia_image{\nbox-shadow:none;\n}\n.avia-image-container.av-mi4jtqrf-b267a4154e52f5b28abf090e1ec76adf .av-image-caption-overlay-center{\ncolor:#ffffff;\n}\n<\/style>\n<div  class='avia-image-container av-mi4jtqrf-b267a4154e52f5b28abf090e1ec76adf av-styling- avia-align-center  avia-builder-el-19  avia-builder-el-no-sibling '   itemprop=\"image\" itemscope=\"itemscope\" itemtype=\"https:\/\/schema.org\/ImageObject\" ><div class=\"avia-image-container-inner\"><div class=\"avia-image-overlay-wrap\"><img decoding=\"async\" fetchpriority=\"high\" class='wp-image-138463 avia-img-lazy-loading-not-138463 avia_image ' src=\"https:\/\/mathies-antwerpen.com\/wp-content\/uploads\/2025\/11\/KaR.jpg\" alt='' title='KaR'  height=\"350\" width=\"350\"  itemprop=\"thumbnailUrl\" srcset=\"https:\/\/mathies-antwerpen.com\/wp-content\/uploads\/2025\/11\/KaR.jpg 350w, https:\/\/mathies-antwerpen.com\/wp-content\/uploads\/2025\/11\/KaR-300x300.jpg 300w, https:\/\/mathies-antwerpen.com\/wp-content\/uploads\/2025\/11\/KaR-100x100.jpg 100w, https:\/\/mathies-antwerpen.com\/wp-content\/uploads\/2025\/11\/KaR-120x120.jpg 120w, https:\/\/mathies-antwerpen.com\/wp-content\/uploads\/2025\/11\/KaR-36x36.jpg 36w, https:\/\/mathies-antwerpen.com\/wp-content\/uploads\/2025\/11\/KaR-180x180.jpg 180w\" sizes=\"(max-width: 350px) 100vw, 350px\" \/><\/div><\/div><\/div><\/div>\n<div  class='flex_column av-fb2jmht-261c0cb84ea7c963674efffc8d78895c av_one_fifth  avia-builder-el-20  el_after_av_one_fifth  el_before_av_one_fifth  flex_column_div  '     ><\/div>\n<div  class='flex_column av-p9fphwh-f1bf9f57c11e16e8e19a318b05693097 av_one_fifth  avia-builder-el-21  el_after_av_one_fifth  el_before_av_one_fifth  first flex_column_div  column-top-margin'     ><\/div>\n<div  class='flex_column av-39gfgm9-5d9967aa26dddc4f884af15d770ec7b3 av_one_fifth  avia-builder-el-22  el_after_av_one_fifth  el_before_av_three_fifth  flex_column_div  column-top-margin'     ><style type=\"text\/css\" data-created_by=\"avia_inline_auto\" id=\"style-css-av-tlaiiu9-68db7f595e2640d46590ff05ac02ee14\">\n.avia-image-container.av-tlaiiu9-68db7f595e2640d46590ff05ac02ee14 img.avia_image{\nbox-shadow:none;\n}\n.avia-image-container.av-tlaiiu9-68db7f595e2640d46590ff05ac02ee14 .av-image-caption-overlay-center{\ncolor:#ffffff;\n}\n<\/style>\n<div  class='avia-image-container av-tlaiiu9-68db7f595e2640d46590ff05ac02ee14 av-styling- avia-align-center  avia-builder-el-23  avia-builder-el-no-sibling '   itemprop=\"image\" itemscope=\"itemscope\" itemtype=\"https:\/\/schema.org\/ImageObject\" ><div class=\"avia-image-container-inner\"><div class=\"avia-image-overlay-wrap\"><img decoding=\"async\" fetchpriority=\"high\" class='wp-image-137898 avia-img-lazy-loading-not-137898 avia_image ' src=\"https:\/\/mathies-antwerpen.com\/wp-content\/uploads\/2025\/10\/PayPal.jpg\" alt='' title='PayPal'  height=\"350\" width=\"350\"  itemprop=\"thumbnailUrl\" srcset=\"https:\/\/mathies-antwerpen.com\/wp-content\/uploads\/2025\/10\/PayPal.jpg 350w, https:\/\/mathies-antwerpen.com\/wp-content\/uploads\/2025\/10\/PayPal-300x300.jpg 300w, https:\/\/mathies-antwerpen.com\/wp-content\/uploads\/2025\/10\/PayPal-100x100.jpg 100w, https:\/\/mathies-antwerpen.com\/wp-content\/uploads\/2025\/10\/PayPal-120x120.jpg 120w, https:\/\/mathies-antwerpen.com\/wp-content\/uploads\/2025\/10\/PayPal-36x36.jpg 36w, https:\/\/mathies-antwerpen.com\/wp-content\/uploads\/2025\/10\/PayPal-180x180.jpg 180w\" sizes=\"(max-width: 350px) 100vw, 350px\" \/><\/div><\/div><\/div><\/div>\n<div  class='flex_column av-dloikyp-5dc4912650e126a98aae6163c00e2e14 av_three_fifth  avia-builder-el-24  el_after_av_one_fifth  el_before_av_three_fifth  flex_column_div  column-top-margin'     ><section  class='av_textblock_section av-786ib8h-7c8910348ae22653daa9303d7755c0b2 '   itemscope=\"itemscope\" itemtype=\"https:\/\/schema.org\/CreativeWork\" ><div class='avia_textblock'  itemprop=\"text\" ><p><strong>Payer via PayPal<\/strong><\/p>\n<p>Lorsque vous aurez finalis\u00e9 votre commande, vous serez dirig\u00e9 directement &#8211; s\u00e9curis\u00e9 SSL &#8211; vers le site PayPal. Vous pouvez y finaliser votre paiement.<\/p>\n<p><strong>Remarque :<\/strong><\/p>\n<p>En tant que nouveau client, cette option de paiement n&rsquo;est disponible qu&rsquo;avec un plafond d&rsquo;achat de 500,00 EUR !<\/p>\n<p>En raison de l&rsquo;augmentation des cas de fraude par le biais de paiements PayPal, nous n&rsquo;acceptons plus que les paiements jusqu&rsquo;\u00e0 1 500,00 EUR par commande, \u00e0 partir de la troisi\u00e8me commande.<\/p>\n<\/div><\/section><\/div><div  class='flex_column av-77p8qox-08d844ffda66d46415fb7a211851ec91 av_three_fifth  avia-builder-el-26  el_after_av_three_fifth  el_before_av_one_fifth  first flex_column_div  '     ><section  class='av_textblock_section av-lsg7hxpq-6d18ee00a97c7256afcf3ff57bbb5b8e '   itemscope=\"itemscope\" itemtype=\"https:\/\/schema.org\/CreativeWork\" ><div class='avia_textblock'  itemprop=\"text\" ><p><strong>Payer via Western Union et MoneyGram<\/strong><\/p>\n<p>Lorsque vous finalisez votre commande, vous pouvez choisir de payer via Western Union ou MoneyGram. Vous pouvez d\u00e9duire les frais qui en r\u00e9sultent directement du montant de la facture.<\/p>\n<p>La plupart des banques dans le monde proposent ces options de paiement sur votre compte bancaire en ligne afin que vous puissiez traiter facilement le paiement. Vous pouvez \u00e9galement vous rendre dans une agence Western Union ou MoneyGram et d\u00e9poser le montant en CASH. Le montant nous sera communiqu\u00e9 dans les 15 minutes suivant le paiement, afin que votre commande puisse \u00eatre trait\u00e9e imm\u00e9diatement. Envoyez-nous le code \u00e0 10 chiffres par email.<\/p>\n<\/div><\/section><\/div><\/p>\n<div  class='flex_column av-i5sewrl-3823ab2128a6bb3cff65c3739d8d26af av_one_fifth  avia-builder-el-28  el_after_av_three_fifth  el_before_av_one_fifth  flex_column_div  '     ><style type=\"text\/css\" data-created_by=\"avia_inline_auto\" id=\"style-css-av-b69yov5-6085660f67b9b0c88e116ff382f093c9\">\n.avia-image-container.av-b69yov5-6085660f67b9b0c88e116ff382f093c9 img.avia_image{\nbox-shadow:none;\n}\n.avia-image-container.av-b69yov5-6085660f67b9b0c88e116ff382f093c9 .av-image-caption-overlay-center{\ncolor:#ffffff;\n}\n<\/style>\n<div  class='avia-image-container av-b69yov5-6085660f67b9b0c88e116ff382f093c9 av-styling- avia-align-center  avia-builder-el-29  avia-builder-el-no-sibling '   itemprop=\"image\" itemscope=\"itemscope\" itemtype=\"https:\/\/schema.org\/ImageObject\" ><div class=\"avia-image-container-inner\"><div class=\"avia-image-overlay-wrap\"><img decoding=\"async\" fetchpriority=\"high\" class='wp-image-137906 avia-img-lazy-loading-not-137906 avia_image ' src=\"https:\/\/mathies-antwerpen.com\/wp-content\/uploads\/2025\/10\/WesternUnion.jpg\" alt='' title='WesternUnion'  height=\"350\" width=\"350\"  itemprop=\"thumbnailUrl\" srcset=\"https:\/\/mathies-antwerpen.com\/wp-content\/uploads\/2025\/10\/WesternUnion.jpg 350w, https:\/\/mathies-antwerpen.com\/wp-content\/uploads\/2025\/10\/WesternUnion-300x300.jpg 300w, https:\/\/mathies-antwerpen.com\/wp-content\/uploads\/2025\/10\/WesternUnion-100x100.jpg 100w, https:\/\/mathies-antwerpen.com\/wp-content\/uploads\/2025\/10\/WesternUnion-120x120.jpg 120w, https:\/\/mathies-antwerpen.com\/wp-content\/uploads\/2025\/10\/WesternUnion-36x36.jpg 36w, https:\/\/mathies-antwerpen.com\/wp-content\/uploads\/2025\/10\/WesternUnion-180x180.jpg 180w\" sizes=\"(max-width: 350px) 100vw, 350px\" \/><\/div><\/div><\/div><\/div>\n<div  class='flex_column av-koypmsh-bf28981d8417a872c4b89449452ce750 av_one_fifth  avia-builder-el-30  el_after_av_one_fifth  avia-builder-el-last  flex_column_div  '     ><\/div>\n","protected":false},"excerpt":{"rendered":"","protected":false},"author":1,"featured_media":0,"parent":0,"menu_order":0,"comment_status":"closed","ping_status":"closed","template":"","meta":{"_glsr_average":0,"_glsr_ranking":0,"_glsr_reviews":0,"footnotes":""},"class_list":["post-137825","page","type-page","status-publish","hentry"],"_links":{"self":[{"href":"https:\/\/mathies-antwerpen.com\/fr\/wp-json\/wp\/v2\/pages\/137825","targetHints":{"allow":["GET"]}}],"collection":[{"href":"https:\/\/mathies-antwerpen.com\/fr\/wp-json\/wp\/v2\/pages"}],"about":[{"href":"https:\/\/mathies-antwerpen.com\/fr\/wp-json\/wp\/v2\/types\/page"}],"author":[{"embeddable":true,"href":"https:\/\/mathies-antwerpen.com\/fr\/wp-json\/wp\/v2\/users\/1"}],"replies":[{"embeddable":true,"href":"https:\/\/mathies-antwerpen.com\/fr\/wp-json\/wp\/v2\/comments?post=137825"}],"version-history":[{"count":0,"href":"https:\/\/mathies-antwerpen.com\/fr\/wp-json\/wp\/v2\/pages\/137825\/revisions"}],"wp:attachment":[{"href":"https:\/\/mathies-antwerpen.com\/fr\/wp-json\/wp\/v2\/media?parent=137825"}],"curies":[{"name":"wp","href":"https:\/\/api.w.org\/{rel}","templated":true}]}}