{"id":137847,"date":"1900-10-26T16:17:14","date_gmt":"1900-10-26T16:17:14","guid":{"rendered":"https:\/\/moby-hub.com\/?page_id=137847"},"modified":"2026-03-12T09:30:36","modified_gmt":"2026-03-12T09:30:36","slug":"methodes-de-livraison","status":"publish","type":"page","link":"https:\/\/mathies-antwerpen.com\/fr\/methodes-de-livraison\/","title":{"rendered":"M\u00e9thodes de livraison"},"content":{"rendered":"\n<style type=\"text\/css\" data-created_by=\"avia_inline_auto\" id=\"style-css-av-lsg9py5e-6c8ca1a0602bb0117b0400c24d35d150\">\n#top .av-special-heading.av-lsg9py5e-6c8ca1a0602bb0117b0400c24d35d150{\npadding-bottom:10px;\n}\nbody .av-special-heading.av-lsg9py5e-6c8ca1a0602bb0117b0400c24d35d150 .av-special-heading-tag .heading-char{\nfont-size:25px;\n}\n.av-special-heading.av-lsg9py5e-6c8ca1a0602bb0117b0400c24d35d150 .av-subheading{\nfont-size:15px;\n}\n<\/style>\n<div  class='av-special-heading av-lsg9py5e-6c8ca1a0602bb0117b0400c24d35d150 av-special-heading-h2 blockquote elegant-quote elegant-centered  avia-builder-el-0  el_before_av_hr  avia-builder-el-first '><h2 class='av-special-heading-tag '  itemprop=\"headline\"  ><span class=\"heading-wrap\">Modes et frais de livraison<\/span><\/h2><div class='av-subheading av-subheading_below'><p>Nous ne facturons actuellement pas de frais d&rsquo;exp\u00e9dition<\/p>\n<\/div><div class=\"special-heading-border\"><div class=\"special-heading-inner-border\"><\/div><\/div><\/div>\n\n<style type=\"text\/css\" data-created_by=\"avia_inline_auto\" id=\"style-css-av-6glshid3-4629aa776bcd7f65307a8c878c538ea9\">\n#top .hr.hr-invisible.av-6glshid3-4629aa776bcd7f65307a8c878c538ea9{\nheight:15px;\n}\n<\/style>\n<div  class='hr av-6glshid3-4629aa776bcd7f65307a8c878c538ea9 hr-invisible  avia-builder-el-1  el_after_av_heading  el_before_av_one_fifth '><span class='hr-inner '><span class=\"hr-inner-style\"><\/span><\/span><\/div>\n<div  class='flex_column av-6bmmsq2f-832a90891008604b73485d210125b999 av_one_fifth  avia-builder-el-2  el_after_av_hr  el_before_av_one_fifth  first flex_column_div  '     ><\/div>\n<div  class='flex_column av-68jdprnb-352c2a276a665783af51b321d61c5d15 av_one_fifth  avia-builder-el-3  el_after_av_one_fifth  el_before_av_one_fifth  flex_column_div  '     ><style type=\"text\/css\" data-created_by=\"avia_inline_auto\" id=\"style-css-av-mhbrs1sa-0dea8b7fb29bf30256ebb589f807199d\">\n.avia-image-container.av-mhbrs1sa-0dea8b7fb29bf30256ebb589f807199d img.avia_image{\nbox-shadow:none;\n}\n.avia-image-container.av-mhbrs1sa-0dea8b7fb29bf30256ebb589f807199d .av-image-caption-overlay-center{\ncolor:#ffffff;\n}\n<\/style>\n<div  class='avia-image-container av-mhbrs1sa-0dea8b7fb29bf30256ebb589f807199d av-styling- avia-align-center  avia-builder-el-4  avia-builder-el-no-sibling '   itemprop=\"image\" itemscope=\"itemscope\" itemtype=\"https:\/\/schema.org\/ImageObject\" ><div class=\"avia-image-container-inner\"><div class=\"avia-image-overlay-wrap\"><img decoding=\"async\" fetchpriority=\"high\" class='wp-image-137886 avia-img-lazy-loading-not-137886 avia_image ' src=\"https:\/\/mathies-antwerpen.com\/wp-content\/uploads\/2025\/10\/DHL.jpg\" alt='' title='DHL'  height=\"350\" width=\"350\"  itemprop=\"thumbnailUrl\" srcset=\"https:\/\/mathies-antwerpen.com\/wp-content\/uploads\/2025\/10\/DHL.jpg 350w, https:\/\/mathies-antwerpen.com\/wp-content\/uploads\/2025\/10\/DHL-300x300.jpg 300w, https:\/\/mathies-antwerpen.com\/wp-content\/uploads\/2025\/10\/DHL-100x100.jpg 100w, https:\/\/mathies-antwerpen.com\/wp-content\/uploads\/2025\/10\/DHL-120x120.jpg 120w, https:\/\/mathies-antwerpen.com\/wp-content\/uploads\/2025\/10\/DHL-36x36.jpg 36w, https:\/\/mathies-antwerpen.com\/wp-content\/uploads\/2025\/10\/DHL-180x180.jpg 180w\" sizes=\"(max-width: 350px) 100vw, 350px\" \/><\/div><\/div><\/div><\/div>\n<div  class='flex_column av-60fm4hbr-6a9a43c6048dd4c52b6b366a3e2e0cf0 av_one_fifth  avia-builder-el-5  el_after_av_one_fifth  el_before_av_one_fifth  flex_column_div  '     ><style type=\"text\/css\" data-created_by=\"avia_inline_auto\" id=\"style-css-av-5w7j2abb-d029ae0498844fdefe4427dae058c131\">\n.avia-image-container.av-5w7j2abb-d029ae0498844fdefe4427dae058c131 img.avia_image{\nbox-shadow:none;\n}\n.avia-image-container.av-5w7j2abb-d029ae0498844fdefe4427dae058c131 .av-image-caption-overlay-center{\ncolor:#ffffff;\n}\n<\/style>\n<div  class='avia-image-container av-5w7j2abb-d029ae0498844fdefe4427dae058c131 av-styling- avia-align-center  avia-builder-el-6  avia-builder-el-no-sibling '   itemprop=\"image\" itemscope=\"itemscope\" itemtype=\"https:\/\/schema.org\/ImageObject\" ><div class=\"avia-image-container-inner\"><div class=\"avia-image-overlay-wrap\"><img decoding=\"async\" fetchpriority=\"high\" class='wp-image-137902 avia-img-lazy-loading-not-137902 avia_image ' src=\"https:\/\/mathies-antwerpen.com\/wp-content\/uploads\/2025\/10\/UPS.jpg\" alt='' title='UPS'  height=\"350\" width=\"350\"  itemprop=\"thumbnailUrl\" srcset=\"https:\/\/mathies-antwerpen.com\/wp-content\/uploads\/2025\/10\/UPS.jpg 350w, https:\/\/mathies-antwerpen.com\/wp-content\/uploads\/2025\/10\/UPS-300x300.jpg 300w, https:\/\/mathies-antwerpen.com\/wp-content\/uploads\/2025\/10\/UPS-100x100.jpg 100w, https:\/\/mathies-antwerpen.com\/wp-content\/uploads\/2025\/10\/UPS-120x120.jpg 120w, https:\/\/mathies-antwerpen.com\/wp-content\/uploads\/2025\/10\/UPS-36x36.jpg 36w, https:\/\/mathies-antwerpen.com\/wp-content\/uploads\/2025\/10\/UPS-180x180.jpg 180w\" sizes=\"(max-width: 350px) 100vw, 350px\" \/><\/div><\/div><\/div><\/div>\n<div  class='flex_column av-5uu2w7jr-1c83f1784b777e2a6651e7fabf104304 av_one_fifth  avia-builder-el-7  el_after_av_one_fifth  el_before_av_one_fifth  flex_column_div  '     ><style type=\"text\/css\" data-created_by=\"avia_inline_auto\" id=\"style-css-av-mhbrsiud-fdbfae00945316c5346ce02831b954bd\">\n.avia-image-container.av-mhbrsiud-fdbfae00945316c5346ce02831b954bd img.avia_image{\nbox-shadow:none;\n}\n.avia-image-container.av-mhbrsiud-fdbfae00945316c5346ce02831b954bd .av-image-caption-overlay-center{\ncolor:#ffffff;\n}\n<\/style>\n<div  class='avia-image-container av-mhbrsiud-fdbfae00945316c5346ce02831b954bd av-styling- avia-align-center  avia-builder-el-8  avia-builder-el-no-sibling '   itemprop=\"image\" itemscope=\"itemscope\" itemtype=\"https:\/\/schema.org\/ImageObject\" ><div class=\"avia-image-container-inner\"><div class=\"avia-image-overlay-wrap\"><img decoding=\"async\" fetchpriority=\"high\" class='wp-image-137890 avia-img-lazy-loading-not-137890 avia_image ' src=\"https:\/\/mathies-antwerpen.com\/wp-content\/uploads\/2025\/10\/GLS.jpg\" alt='' title='GLS'  height=\"350\" width=\"350\"  itemprop=\"thumbnailUrl\" srcset=\"https:\/\/mathies-antwerpen.com\/wp-content\/uploads\/2025\/10\/GLS.jpg 350w, https:\/\/mathies-antwerpen.com\/wp-content\/uploads\/2025\/10\/GLS-300x300.jpg 300w, https:\/\/mathies-antwerpen.com\/wp-content\/uploads\/2025\/10\/GLS-100x100.jpg 100w, https:\/\/mathies-antwerpen.com\/wp-content\/uploads\/2025\/10\/GLS-120x120.jpg 120w, https:\/\/mathies-antwerpen.com\/wp-content\/uploads\/2025\/10\/GLS-36x36.jpg 36w, https:\/\/mathies-antwerpen.com\/wp-content\/uploads\/2025\/10\/GLS-180x180.jpg 180w\" sizes=\"(max-width: 350px) 100vw, 350px\" \/><\/div><\/div><\/div><\/div>\n<div  class='flex_column av-kl1lwfr-f078625b22b50e88959923c5ec84650d av_one_fifth  avia-builder-el-9  el_after_av_one_fifth  el_before_av_hr  flex_column_div  '     ><\/div>\n\n<style type=\"text\/css\" data-created_by=\"avia_inline_auto\" id=\"style-css-av-5la0qaev-67d70c5adc33d1621ac3213d8665f6f4\">\n#top .hr.hr-invisible.av-5la0qaev-67d70c5adc33d1621ac3213d8665f6f4{\nheight:25px;\n}\n<\/style>\n<div  class='hr av-5la0qaev-67d70c5adc33d1621ac3213d8665f6f4 hr-invisible  avia-builder-el-10  el_after_av_one_fifth  el_before_av_one_half '><span class='hr-inner '><span class=\"hr-inner-style\"><\/span><\/span><\/div>\n<div  class='flex_column av-5fa155x3-2215efa342ea9349cb1f86781c9ac5b5 av_one_half  avia-builder-el-11  el_after_av_hr  el_before_av_one_half  first flex_column_div  '     ><section  class='av_textblock_section av-5ba3lo53-94c28c051bb2127ba54595174a2a3c74 '   itemscope=\"itemscope\" itemtype=\"https:\/\/schema.org\/CreativeWork\" ><div class='avia_textblock'  itemprop=\"text\" ><p><strong>Austria<\/strong><\/p>\n<p><strong>Versandkostenfrei:<\/strong>\u00a0Ab einen Bestellwert von 75,00 \u20ac<br \/>\n<strong>Standard Versand:<\/strong> Lieferung innerhalb von 4-6 Werktagen 8,60 \u20ac<br \/>\n<strong>Express Versand:<\/strong> Lieferung innerhalb von 2-3 Werktagen 25,00 \u20ac<\/p>\n<p><strong>Versand per Nachnahme:<\/strong> Ist nicht m\u00f6glich<\/p>\n<\/div><\/section><\/div>\n<div  class='flex_column av-56dvw1iv-770f6a500f2c00dc4a5d049088aeb6b3 av_one_half  avia-builder-el-13  el_after_av_one_half  el_before_av_one_half  flex_column_div  '     ><section  class='av_textblock_section av-50e7m5iv-3cdda861972d10c23914d25eaa2f7b21 '   itemscope=\"itemscope\" itemtype=\"https:\/\/schema.org\/CreativeWork\" ><div class='avia_textblock'  itemprop=\"text\" ><p><strong>Belgium<\/strong><\/p>\n<p><strong>Free Shipping:<\/strong>\u00a0 From an order value of 75.00 \u20ac<br \/>\n<strong>Standard Shipping:\u00a0<\/strong> Delivery in 4-6 working days 9,20 \u20ac<br \/>\n<strong>Express Shipping:<\/strong>\u00a0 Delivery in 2-4 working days 20.00\u00a0\u20ac<\/p>\n<p><strong>Cash on Delivery:\u00a0<\/strong>\u00a0Is not possible<\/p>\n<\/div><\/section><\/div>\n<div  class='flex_column av-4wxj37w7-f3fab3ddb3ab1c1892c875851b85388a av_one_half  avia-builder-el-15  el_after_av_one_half  el_before_av_one_half  first flex_column_div  column-top-margin'     ><section  class='av_textblock_section av-4sr3kddj-3d0002a91caebd6e9fcabe950a0c862c '   itemscope=\"itemscope\" itemtype=\"https:\/\/schema.org\/CreativeWork\" ><div class='avia_textblock'  itemprop=\"text\" ><p><strong>Denmark<\/strong><\/p>\n<p><strong>Free Shipping:<\/strong>\u00a0 From an order value of 600,00 DK<br \/>\n<strong>Standard Shipping:\u00a0<\/strong> Delivery in 3-6 working days 104,25 DK<br \/>\n<strong>Express Shipping:<\/strong>\u00a0 Delivery in 1-3 working days 148,92 DK<\/p>\n<p><strong>Cash on Delivery:\u00a0<\/strong>\u00a0Is not possible<\/p>\n<\/div><\/section><\/div>\n<div  class='flex_column av-4otppmrb-8c7c2801309defeceecf192a566a1afc av_one_half  avia-builder-el-17  el_after_av_one_half  el_before_av_one_half  flex_column_div  column-top-margin'     ><section  class='av_textblock_section av-4ivviuwn-9385d6d139fb0c1b7f98762e94fab28c '   itemscope=\"itemscope\" itemtype=\"https:\/\/schema.org\/CreativeWork\" ><div class='avia_textblock'  itemprop=\"text\" ><p><strong>France<\/strong><\/p>\n<p><strong>Livraison gratuite:<\/strong>\u00a0 Commande minimum de 75,00 \u20ac<br \/>\n<strong>Livraison standard:\u00a0<\/strong> Livraison sous 4-6 jours 8,90 \u20ac<br \/>\n<strong>Livraison express:<\/strong> Livraison entre 2-3 jours 25,00 \u20ac<\/p>\n<p><strong>Paiement \u00e0 la livraison:<\/strong>\u00a0 n&rsquo;est pas possible<\/p>\n<\/div><\/section><\/div>\n<div  class='flex_column av-4g4zs4zb-f5b11b42d247fbcc6cef28c90180250e av_one_half  avia-builder-el-19  el_after_av_one_half  el_before_av_one_half  first flex_column_div  column-top-margin'     ><section  class='av_textblock_section av-4a8qqz7b-e1cf3c0455b448555f725494c2e8a01a '   itemscope=\"itemscope\" itemtype=\"https:\/\/schema.org\/CreativeWork\" ><div class='avia_textblock'  itemprop=\"text\" ><p><strong>Finland<\/strong><\/p>\n<p><strong>Free Shipping:<\/strong>\u00a0 From an order value of 95.00 \u20ac<br \/>\n<strong>Standard Shipping:\u00a0<\/strong>\u00a0Delivery in 4-7 working days 14.00\u00a0\u20ac<br \/>\n<strong>Express Shipping:<\/strong>\u00a0 Delivery in 2-3 working days 35.00 \u20ac<\/p>\n<p><strong>Cash on Delivery:\u00a0<\/strong>\u00a0Is not possible<\/p>\n<\/div><\/section><\/div>\n<div  class='flex_column av-443oz7lj-6dec32bf688471f5cf2542ce69c6d759 av_one_half  avia-builder-el-21  el_after_av_one_half  el_before_av_one_half  flex_column_div  column-top-margin'     ><section  class='av_textblock_section av-42c0scl3-41fb5c0ad40d7c74a6cdad83c44b6ac6 '   itemscope=\"itemscope\" itemtype=\"https:\/\/schema.org\/CreativeWork\" ><div class='avia_textblock'  itemprop=\"text\" ><p><strong>Germany<\/strong><\/p>\n<p><strong>Versandkostenfrei:<\/strong>\u00a0Ab einen Bestellwert von 75,00 \u20ac<br \/>\n<strong>Standard Versand:<\/strong> Lieferung innerhalb von 4-6 Werktagen 8,90 \u20ac<br \/>\n<strong>Express Versand:<\/strong> Lieferung innerhalb von 2-3 Werktagen 25,00 \u20ac<\/p>\n<p><strong>Versand per Nachnahme:<\/strong> Ist nicht m\u00f6glich<\/p>\n<\/div><\/section><\/div>\n<div  class='flex_column av-3uyg9ohj-39a4cfca4921c678b083d16072d06bbd av_one_half  avia-builder-el-23  el_after_av_one_half  el_before_av_one_half  first flex_column_div  column-top-margin'     ><section  class='av_textblock_section av-3s9thwtz-d9468bce317db49db204f09fb1dbc308 '   itemscope=\"itemscope\" itemtype=\"https:\/\/schema.org\/CreativeWork\" ><div class='avia_textblock'  itemprop=\"text\" ><p><strong>Greece<\/strong><\/p>\n<p><strong>Free Shipping:<\/strong>\u00a0 From an order value of 95.00 \u20ac<br \/>\n<strong>Standard Shipping:\u00a0<\/strong> Delivery in 5-7 working days 22,61 \u20ac<br \/>\n<strong>Express Shipping:<\/strong>\u00a0 Delivery in 1-3 working days 38.00 \u20ac<\/p>\n<p><strong>Cash on Delivery:\u00a0<\/strong>\u00a0Is not possible<\/p>\n<\/div><\/section><\/div>\n<div  class='flex_column av-3mrbted3-d443f498c468b4d72cbc50e7293b1310 av_one_half  avia-builder-el-25  el_after_av_one_half  el_before_av_one_half  flex_column_div  column-top-margin'     ><section  class='av_textblock_section av-cmjxw3b-3d29f2a1176d22312366a32eecc2bef6 '   itemscope=\"itemscope\" itemtype=\"https:\/\/schema.org\/CreativeWork\" ><div class='avia_textblock'  itemprop=\"text\" ><p><strong>Ireland<\/strong><\/p>\n<p><strong>Free Shipping:<\/strong>\u00a0 From an order value of 95.00 \u20ac<br \/>\n<strong>Standard Shipping:\u00a0<\/strong> Delivery in 3-7 working days 9,60 \u20ac<br \/>\n<strong>Express Shipping:<\/strong>\u00a0 Delivery in 1-2 working days 14,90 \u20ac<\/p>\n<p><strong>Cash on Delivery:\u00a0<\/strong>\u00a0Is not possible<\/p>\n<\/div><\/section><\/div>\n<div  class='flex_column av-3cfj7jqv-333aa8dd007532f3e509ad3512b885bd av_one_half  avia-builder-el-27  el_after_av_one_half  el_before_av_one_half  first flex_column_div  column-top-margin'     ><section  class='av_textblock_section av-37hww2pj-57521a639844ef3cddcde1d4c25949b8 '   itemscope=\"itemscope\" itemtype=\"https:\/\/schema.org\/CreativeWork\" ><div class='avia_textblock'  itemprop=\"text\" ><p><strong>Italia<\/strong><\/p>\n<p><strong>Spedizione Gratuita:<\/strong>\u00a0 Da un valore dell&rsquo;ordine di 75,00 \u20ac<br \/>\n<strong>Spedizione Standard:\u00a0<\/strong> Consegna entro 3-4 giorni lavorativi 9.60 \u20ac<br \/>\n<strong>Spedizione Express:<\/strong>\u00a0 Consegna entro 1-2 giorni lavorativi 28,00 \u20ac<\/p>\n<p><strong>Pagamento alla consegna:\u00a0 <\/strong>Non \u00e8 possibile<\/p>\n<\/div><\/section><\/div>\n<div  class='flex_column av-33mslpyv-833c2766f6f2139053f2e3377f8ed436 av_one_half  avia-builder-el-29  el_after_av_one_half  el_before_av_one_half  flex_column_div  column-top-margin'     ><section  class='av_textblock_section av-2y9176if-40d853334fd19e364f130c7fbe997fb9 '   itemscope=\"itemscope\" itemtype=\"https:\/\/schema.org\/CreativeWork\" ><div class='avia_textblock'  itemprop=\"text\" ><p><strong>Luxembourg<\/strong><\/p>\n<p><strong>Livraison gratuite:<\/strong>\u00a0 Commande minimum de 75,00 \u20ac<br \/>\n<strong>Livraison standard:\u00a0<\/strong> Livraison sous 4-6 jours 8,90 \u20ac<br \/>\n<strong>Livraison express:<\/strong> Livraison entre 2-3 jours 25,00 \u20ac<\/p>\n<p><strong>Paiement \u00e0 la livraison:<\/strong>\u00a0 n&rsquo;est pas possible<\/p>\n<\/div><\/section><\/div>\n<div  class='flex_column av-2vqqgfjr-f47654e002fe421c5c2b693443415262 av_one_half  avia-builder-el-31  el_after_av_one_half  el_before_av_one_half  first flex_column_div  column-top-margin'     ><section  class='av_textblock_section av-2pv4n6d3-dc6aa93dfe00cd57ccf30c614c9a2717 '   itemscope=\"itemscope\" itemtype=\"https:\/\/schema.org\/CreativeWork\" ><div class='avia_textblock'  itemprop=\"text\" ><p><strong>Netherlands<\/strong><\/p>\n<p><strong>Free Shipping:<\/strong>\u00a0 From an order value of 80.00 \u20ac<br \/>\n<strong>Standard Shipping:\u00a0<\/strong>\u00a0Delivery in 3-6 working days 11.00\u00a0\u20ac<br \/>\n<strong>Express Shipping:<\/strong>\u00a0 Delivery in 2-3 working days 33.00 \u20ac<\/p>\n<p><strong>Cash on Delivery:\u00a0<\/strong>\u00a0Is not possible<\/p>\n<\/div><\/section><\/div>\n<div  class='flex_column av-2lv15cjb-d32389b5b3bd31372e7e67d660ddcaff av_one_half  avia-builder-el-33  el_after_av_one_half  el_before_av_one_half  flex_column_div  column-top-margin'     ><section  class='av_textblock_section av-2ipii08n-14ea1fbc526508bca8ada3a113e024e2 '   itemscope=\"itemscope\" itemtype=\"https:\/\/schema.org\/CreativeWork\" ><div class='avia_textblock'  itemprop=\"text\" ><p><strong>Norway<\/strong><\/p>\n<p><strong>Free Shipping:<\/strong>\u00a0 From an order value of 214,83 NOK<br \/>\n<strong>Standard Shipping:\u00a0<\/strong> Delivery in 4-6 working days 180,91 NOK<br \/>\n<strong>Express Shipping:<\/strong>\u00a0 Delivery in 1-3 working days 316,60 NOK<\/p>\n<p><strong>Cash on Delivery:\u00a0<\/strong>\u00a0Is not possible<\/p>\n<\/div><\/section><\/div>\n<div  class='flex_column av-2dm4zoon-001a02d74478d6ddf9e81d1c01ac7706 av_one_half  avia-builder-el-35  el_after_av_one_half  el_before_av_one_half  first flex_column_div  column-top-margin'     ><section  class='av_textblock_section av-28tih4c7-1335815e3075b9350e3e5c4555f3a15d '   itemscope=\"itemscope\" itemtype=\"https:\/\/schema.org\/CreativeWork\" ><div class='avia_textblock'  itemprop=\"text\" ><p><strong>Portugal<\/strong><\/p>\n<p><strong>Free Shipping:<\/strong>\u00a0 From an order value of 75.00 \u20ac<br \/>\n<strong>Standard Shipping:\u00a0<\/strong>\u00a0Delivery in 4-6 working days 14.00\u00a0\u20ac<br \/>\n<strong>Express Shipping:<\/strong>\u00a0 Delivery in 1-3 working days 35.00 \u20ac<\/p>\n<p><strong>Cash on Delivery:\u00a0<\/strong>\u00a0Is not possible<\/p>\n<\/div><\/section><\/div>\n<div  class='flex_column av-7gqbf07-c3725bf588fa0f161d861b583fb65844 av_one_half  avia-builder-el-37  el_after_av_one_half  el_before_av_one_half  flex_column_div  column-top-margin'     ><section  class='av_textblock_section av-20kf6987-f765706dad9569d94ad041fcba1cf307 '   itemscope=\"itemscope\" itemtype=\"https:\/\/schema.org\/CreativeWork\" ><div class='avia_textblock'  itemprop=\"text\" ><p><strong>Spain<\/strong><\/p>\n<p><strong>Free Shipping:<\/strong>\u00a0 From an order value of 85.00 \u20ac<br \/>\n<strong>Standard Shipping:\u00a0<\/strong> Delivery in 3-6 working days 14.00 \u20ac<br \/>\n<strong>Express Shipping:<\/strong>\u00a0 Delivery in 1-2 working days 35.00 \u20ac<\/p>\n<p><strong>Cash on Delivery:\u00a0<\/strong>\u00a0Is not possible<\/p>\n<\/div><\/section><\/div>\n<div  class='flex_column av-1vkstbzr-0a1e35a52369965a90f3c953306a7ccd av_one_half  avia-builder-el-39  el_after_av_one_half  el_before_av_one_half  first flex_column_div  column-top-margin'     ><section  class='av_textblock_section av-1q9o2ppz-713a1f44efa4e17b404c9e54711c8994 '   itemscope=\"itemscope\" itemtype=\"https:\/\/schema.org\/CreativeWork\" ><div class='avia_textblock'  itemprop=\"text\" ><p><strong>Sweden<\/strong><\/p>\n<p><strong>Free Shipping:<\/strong>\u00a0 From an order value of 1063.00 SEK<br \/>\n<strong>Standard Shipping:\u00a0<\/strong> Delivery in 4-7 working days 156.00 SEK<br \/>\n<strong>Express Shipping:<\/strong>\u00a0 Delivery in 1-2 working days 223.00 SEK<\/p>\n<p><strong>Cash on Delivery:\u00a0<\/strong>\u00a0Is not possible<\/p>\n<\/div><\/section><\/div>\n<div  class='flex_column av-1m1nzoqf-2ea2a13a0241ff2cf8d0c3218bae762d av_one_half  avia-builder-el-41  el_after_av_one_half  el_before_av_one_half  flex_column_div  column-top-margin'     ><section  class='av_textblock_section av-1fmm0o53-183abc455fcb198993e44d7d84ec5cc7 '   itemscope=\"itemscope\" itemtype=\"https:\/\/schema.org\/CreativeWork\" ><div class='avia_textblock'  itemprop=\"text\" ><p><strong>Switzerland<\/strong><\/p>\n<p><strong>Free Shipping:<\/strong>\u00a0 From an order value of 85.00 CHF<br \/>\n<strong>Standard Shipping:\u00a0<\/strong> Delivery in 3-6 working days 11.00 CHF<br \/>\n<strong>Express Shipping:<\/strong>\u00a0 Is possible 22.00 CHF<\/p>\n<p><strong>Cash on Delivery:\u00a0<\/strong>\u00a0Is not possible<\/p>\n<\/div><\/section><\/div>\n<div  class='flex_column av-1bum98qf-2978430a95a48339f6c55469b00a6053 av_one_half  avia-builder-el-43  el_after_av_one_half  el_before_av_one_half  first flex_column_div  column-top-margin'     ><section  class='av_textblock_section av-17lxrfxz-042897835981dac611406060431cb84d '   itemscope=\"itemscope\" itemtype=\"https:\/\/schema.org\/CreativeWork\" ><div class='avia_textblock'  itemprop=\"text\" ><p><strong>Other EU Countries<\/strong><\/p>\n<p><strong>Free Shipping:<\/strong>\u00a0 From an order value of 100.00 \u20ac<br \/>\n<strong>Standard Shipping:\u00a0<\/strong>\u00a0Delivery in 4-7 working days 30.00\u00a0\u20ac<br \/>\n<strong>Express Shipping:<\/strong>\u00a0 Is possible 45.00 \u20ac<\/p>\n<p><strong>Cash on Delivery:\u00a0\u00a0Is not possible<\/strong><\/p>\n<\/div><\/section><\/div>\n<div  class='flex_column av-1536ck1j-a8c06ebf782c03f9368c3962e5a0ab78 av_one_half  avia-builder-el-45  el_after_av_one_half  el_before_av_one_half  flex_column_div  column-top-margin'     ><section  class='av_textblock_section av-zs10i5z-6ef05d38416126a074d42390427fedc5 '   itemscope=\"itemscope\" itemtype=\"https:\/\/schema.org\/CreativeWork\" ><div class='avia_textblock'  itemprop=\"text\" ><p><strong>U.S.<\/strong><\/p>\n<p><strong>Free Shipping:<\/strong>\u00a0 From an order value of 90.00 $<br \/>\n<strong>Standard Shipping:\u00a0<\/strong> Delivery in 5-7 working days 12.00 $<br \/>\n<strong>Express Shipping:<\/strong>\u00a0 Delivery in 1-3 working days 34.75 $<\/p>\n<p><strong>Cash on Delivery:\u00a0<\/strong>\u00a0Is not possible<\/p>\n<\/div><\/section><\/div>\n<div  class='flex_column av-v2q62ev-c13944c8a88e00c10ac8a9c1622b4b81 av_one_half  avia-builder-el-47  el_after_av_one_half  el_before_av_one_half  first flex_column_div  column-top-margin'     ><section  class='av_textblock_section av-ps1i5h3-dda883ca34c8403ceb158a8e9a51253c '   itemscope=\"itemscope\" itemtype=\"https:\/\/schema.org\/CreativeWork\" ><div class='avia_textblock'  itemprop=\"text\" ><p><strong>United Kingdom<\/strong><\/p>\n<p><strong>Free Shipping:<\/strong>\u00a0 From an order value of 60.00 \u00a3<br \/>\n<strong>Standard Shipping:\u00a0<\/strong> Delivery in 4-6 working days 6.00 \u00a3<br \/>\n<strong>Express Shipping:<\/strong>\u00a0 Delivery in 1-3 working days 18,00 \u00a3<\/p>\n<p><strong>Weekend delivery<\/strong>:\u00a0 Delivery Sat. and Sun. 29,90 \u00a3<\/p>\n<p><strong>Cash on Delivery:\u00a0<\/strong>\u00a0Is not possible<\/p>\n<\/div><\/section><\/div>\n<div  class='flex_column av-jspqd6f-ef8f63e11f36e872e56292cbb0c3a8a6 av_one_half  avia-builder-el-49  el_after_av_one_half  el_before_av_one_half  flex_column_div  column-top-margin'     ><section  class='av_textblock_section av-g1qado7-5a2ca4ace9fba6115e1cabe681509024 '   itemscope=\"itemscope\" itemtype=\"https:\/\/schema.org\/CreativeWork\" ><div class='avia_textblock'  itemprop=\"text\" ><p><strong>International Shipping<\/strong><\/p>\n<p><strong>Free Shipping:<\/strong>\u00a0 From an order value of 150.00 $<br \/>\n<strong>Standard Shipping:\u00a0<\/strong> Delivery in 5-8 working days 28.00 $<br \/>\n<strong>Express Shipping:<\/strong>\u00a0 Delivery in 1-3 working days 56.75 $<\/p>\n<p><strong>Cash on Delivery:\u00a0<\/strong>\u00a0Is not possible<\/p>\n<\/div><\/section><\/div>\n<div  class='flex_column av-azpllpz-1b2d212b1335f48aef7726cc47a8d520 av_one_half  avia-builder-el-51  el_after_av_one_half  el_before_av_one_half  first flex_column_div  column-top-margin'     ><section  class='av_textblock_section av-lsg9t4gz-b439d9da47892154f53377ac6768c86b '   itemscope=\"itemscope\" itemtype=\"https:\/\/schema.org\/CreativeWork\" ><div class='avia_textblock'  itemprop=\"text\" ><p>Date de livraison souhait\u00e9e<\/p>\n<p>Il nous faut 2 \u00e0 4 jours ouvrables pour que votre colis soit pr\u00eat \u00e0 \u00eatre exp\u00e9di\u00e9. Apr\u00e8s l&rsquo;avoir remise au prestataire de services de colis, votre commande vous sera livr\u00e9e dans un d\u00e9lai d&rsquo;environ 2 \u00e0 9 jours ouvrables.<\/p>\n<p>Il n&rsquo;est actuellement pas possible de livrer le colis \u00e0 la date souhait\u00e9e. Si vous ne parvenez pas \u00e0 recevoir votre commande \u00e0 temps (par exemple en raison de vacances), veuillez nous contacter d\u00e8s que possible pour soit modifier la commande en exp\u00e9dition express et\/ou la faire livrer \u00e0 une adresse de livraison diff\u00e9rente, soit l&rsquo;annuler. Veuillez toutefois noter que cela n&rsquo;est possible que tant que votre commande n&rsquo;a pas encore quitt\u00e9 notre entrep\u00f4t.<\/p>\n<p>Pour nous contacter, utilisez simplement notre formulaire de <a href=\"https:\/\/mathies-antwerpen.com\/fr\/contacter\/\"><span style=\"font-size: 10pt; font-family: Georgia, serif;\">Contactez<\/span><\/a><\/p>\n<p style=\"line-height: 14.25pt;\"><span style=\"font-size: 10.0pt; font-family: 'Georgia',serif; color: #333333;\">\u00a0<\/span><\/p>\n<\/div><\/section><\/div><div  class='flex_column av-9278q5z-2a3ed764426b249a992b9660bb0be6c7 av_one_half  avia-builder-el-53  el_after_av_one_half  avia-builder-el-last  flex_column_div  column-top-margin'     ><section  class='av_textblock_section av-lsg9tl97-bff72086f0cbeab32c80fb1a2ee32668 '   itemscope=\"itemscope\" itemtype=\"https:\/\/schema.org\/CreativeWork\" ><div class='avia_textblock'  itemprop=\"text\" ><p>Colis endommag\u00e9<\/p>\n<p>Si votre colis est endommag\u00e9 et que des marchandises sont manquantes, veuillez contacter votre livreur dans les 5 jours ou le prestataire de services de colis dans les 3 jours pour signaler les dommages. Veuillez respecter ce d\u00e9lai, faute de quoi il n&rsquo;y aura aucune action en responsabilit\u00e9 contre le livreur ou MATHIES.<\/p>\n<p>Afin que le processus puisse \u00eatre correctement document\u00e9 par un employ\u00e9, veuillez apporter le colis tel que vous l&rsquo;avez re\u00e7u au livreur. Veuillez nous envoyer le rapport sur les dommages dus au transport.<\/p>\n<\/div><\/section><\/div><\/p>\n","protected":false},"excerpt":{"rendered":"","protected":false},"author":1,"featured_media":0,"parent":0,"menu_order":0,"comment_status":"closed","ping_status":"closed","template":"","meta":{"_glsr_average":0,"_glsr_ranking":0,"_glsr_reviews":0,"footnotes":""},"class_list":["post-137847","page","type-page","status-publish","hentry"],"_links":{"self":[{"href":"https:\/\/mathies-antwerpen.com\/fr\/wp-json\/wp\/v2\/pages\/137847","targetHints":{"allow":["GET"]}}],"collection":[{"href":"https:\/\/mathies-antwerpen.com\/fr\/wp-json\/wp\/v2\/pages"}],"about":[{"href":"https:\/\/mathies-antwerpen.com\/fr\/wp-json\/wp\/v2\/types\/page"}],"author":[{"embeddable":true,"href":"https:\/\/mathies-antwerpen.com\/fr\/wp-json\/wp\/v2\/users\/1"}],"replies":[{"embeddable":true,"href":"https:\/\/mathies-antwerpen.com\/fr\/wp-json\/wp\/v2\/comments?post=137847"}],"version-history":[{"count":0,"href":"https:\/\/mathies-antwerpen.com\/fr\/wp-json\/wp\/v2\/pages\/137847\/revisions"}],"wp:attachment":[{"href":"https:\/\/mathies-antwerpen.com\/fr\/wp-json\/wp\/v2\/media?parent=137847"}],"curies":[{"name":"wp","href":"https:\/\/api.w.org\/{rel}","templated":true}]}}