{"id":137865,"date":"2025-10-28T23:34:53","date_gmt":"2025-10-28T23:34:53","guid":{"rendered":"https:\/\/storempss.com\/?page_id=137865"},"modified":"2026-01-09T13:55:17","modified_gmt":"2026-01-09T13:55:17","slug":"mon-compte-client","status":"publish","type":"page","link":"https:\/\/mathies-antwerpen.com\/fr\/mon-compte-client\/","title":{"rendered":"Mon compte client"},"content":{"rendered":"<div class=\"woocommerce\"><\/div>\n<p>&nbsp;<\/p>\n<p>\/\/ Actuellement, vous b\u00e9n\u00e9ficiez d&rsquo;une r\u00e9duction de 35% sur toutes les commandes et services. (Les remises sont automatiquement augment\u00e9es en fonction de votre volume de ventes.)<br \/>\n\/\/ Livraison gratuite dans le monde entier.<br \/>\n\/\/ La TVA n&rsquo;est pas calcul\u00e9e.<\/p>\n<p>Les options de paiement suivantes seront activ\u00e9es progressivement\u00a0:<br \/>\n\u2022 Achat sur facture avec un d\u00e9lai de paiement de 14 jours \u2013 apr\u00e8s la troisi\u00e8me commande.<br \/>\n\u2022 Achat sur facture avec un d\u00e9lai de paiement de 30 jours \u2013 apr\u00e8s la sixi\u00e8me commande.<br \/>\n\u2022 Limite d&rsquo;achat PayPal de 500,00 \u20ac, qui sera lev\u00e9e apr\u00e8s la sixi\u00e8me commande.<\/p>\n<p>&nbsp;<\/p>\n","protected":false},"excerpt":{"rendered":"<p>&nbsp; \/\/ Actuellement, vous b\u00e9n\u00e9ficiez d&rsquo;une r\u00e9duction de 35% sur toutes les commandes et services. (Les remises sont automatiquement augment\u00e9es en fonction de votre volume de ventes.) \/\/ Livraison gratuite dans le monde entier. \/\/ La TVA n&rsquo;est pas calcul\u00e9e. Les options de paiement suivantes seront activ\u00e9es progressivement\u00a0: \u2022 Achat sur facture avec un d\u00e9lai [&hellip;]<\/p>\n","protected":false},"author":1,"featured_media":0,"parent":0,"menu_order":0,"comment_status":"closed","ping_status":"closed","template":"","meta":{"_glsr_average":0,"_glsr_ranking":0,"_glsr_reviews":0,"footnotes":""},"class_list":["post-137865","page","type-page","status-publish","hentry"],"_links":{"self":[{"href":"https:\/\/mathies-antwerpen.com\/fr\/wp-json\/wp\/v2\/pages\/137865","targetHints":{"allow":["GET"]}}],"collection":[{"href":"https:\/\/mathies-antwerpen.com\/fr\/wp-json\/wp\/v2\/pages"}],"about":[{"href":"https:\/\/mathies-antwerpen.com\/fr\/wp-json\/wp\/v2\/types\/page"}],"author":[{"embeddable":true,"href":"https:\/\/mathies-antwerpen.com\/fr\/wp-json\/wp\/v2\/users\/1"}],"replies":[{"embeddable":true,"href":"https:\/\/mathies-antwerpen.com\/fr\/wp-json\/wp\/v2\/comments?post=137865"}],"version-history":[{"count":0,"href":"https:\/\/mathies-antwerpen.com\/fr\/wp-json\/wp\/v2\/pages\/137865\/revisions"}],"wp:attachment":[{"href":"https:\/\/mathies-antwerpen.com\/fr\/wp-json\/wp\/v2\/media?parent=137865"}],"curies":[{"name":"wp","href":"https:\/\/api.w.org\/{rel}","templated":true}]}}