{"id":140602,"date":"2026-01-02T21:26:52","date_gmt":"2026-01-02T21:26:52","guid":{"rendered":"https:\/\/storempss.com\/?page_id=140602"},"modified":"2026-01-02T21:32:27","modified_gmt":"2026-01-02T21:32:27","slug":"prix-des-produits","status":"publish","type":"page","link":"https:\/\/mathies-antwerpen.com\/fr\/prix-des-produits\/","title":{"rendered":"Prix des produits"},"content":{"rendered":"<div  class='flex_column av-av_one_full-a2cef933b0a555f25d1e39b22a8e9dae av_one_full  avia-builder-el-0  el_before_av_one_fourth  avia-builder-el-first  first flex_column_div  '     ><style type=\"text\/css\" data-created_by=\"avia_inline_auto\" id=\"style-css-av-mjxeehkr-b8f29dfb88375ed9d74e4c04e9f65af1\">\n#top .av-special-heading.av-mjxeehkr-b8f29dfb88375ed9d74e4c04e9f65af1{\npadding-bottom:10px;\n}\nbody .av-special-heading.av-mjxeehkr-b8f29dfb88375ed9d74e4c04e9f65af1 .av-special-heading-tag .heading-char{\nfont-size:25px;\n}\n.av-special-heading.av-mjxeehkr-b8f29dfb88375ed9d74e4c04e9f65af1 .av-subheading{\nfont-size:15px;\n}\n<\/style>\n<div  class='av-special-heading av-mjxeehkr-b8f29dfb88375ed9d74e4c04e9f65af1 av-special-heading-h3 blockquote elegant-quote elegant-centered  avia-builder-el-1  avia-builder-el-no-sibling '><h3 class='av-special-heading-tag '  itemprop=\"headline\"  ><span class=\"heading-wrap\">Prix des produits<\/span><\/h3><div class=\"special-heading-border\"><div class=\"special-heading-inner-border\"><\/div><\/div><\/div><\/div><div  class='flex_column av-av_one_fourth-a2cef933b0a555f25d1e39b22a8e9dae av_one_fourth  avia-builder-el-2  el_after_av_one_full  el_before_av_one_half  first flex_column_div  column-top-margin'     ><\/div><\/p>\n<div  class='flex_column av-av_one_half-538dd737667e19053994a94b9156413b av_one_half  avia-builder-el-3  el_after_av_one_fourth  el_before_av_one_fourth  flex_column_div  column-top-margin'     ><style type=\"text\/css\" data-created_by=\"avia_inline_auto\" id=\"style-css-av-mjxeeao5-2f9b920386413ad495cd5344c23bde16\">\n#top .av_textblock_section.av-mjxeeao5-2f9b920386413ad495cd5344c23bde16 .avia_textblock{\nfont-size:15px;\n}\n<\/style>\n<section  class='av_textblock_section av-mjxeeao5-2f9b920386413ad495cd5344c23bde16 '   itemscope=\"itemscope\" itemtype=\"https:\/\/schema.org\/CreativeWork\" ><div class='avia_textblock'  itemprop=\"text\" ><p>Prix des produits chez MATHIES<\/p>\n<p>MATHIES est une entreprise \u00e0 but lucratif. Cela ne signifie pas pour autant que nous voulons obtenir une majoration de 100 \u00e0 300\u00a0% par produit. En outre, nous ne nous soumettons pas \u00e0 des accords de prix avec des entreprises concurrentes comme c\u2019est le cas en Allemagne, en Autriche et en Suisse.<\/p>\n<p>Les prix des produits sont r\u00e9gul\u00e9s par l\u2019offre et la demande. \u00c9tant donn\u00e9 que nous vendons nos produits dans les pays europ\u00e9ens et \u00e0 l\u2019international, la quantit\u00e9 achet\u00e9e par les fournisseurs augmente. En cons\u00e9quence, le prix d\u2019achat est r\u00e9duit, ce qui nous permet d\u2019adapter les prix de nos produits afin de garantir \u00e0 nos clients un prix mod\u00e9r\u00e9 par produit, fiable et durable.<\/p>\n<p>De m\u00eame, la TVA n\u2019est pas calcul\u00e9e pour les clients de l\u2019Union europ\u00e9enne et internationale et les prix des produits affich\u00e9s dans la boutique en ligne et le magasin sont hors TVA (la TVA n\u2019est calcul\u00e9e que si aucune promotion n\u2019a lieu et uniquement en Belgique).<\/p>\n<p>Les frais d\u2019exp\u00e9dition ne sont en principe pas factur\u00e9s par MATHIES dans les pays europ\u00e9ens, ainsi qu\u2019\u00e0 l\u2019international.<\/p>\n<p>En cons\u00e9quence, les prix par produit se situent dans un segment de prix abordable.<\/p>\n<p>Derni\u00e8re modification le 25\u00a0mars\u00a01999<\/p>\n<\/div><\/section><\/div><div  class='flex_column av-av_one_fourth-538dd737667e19053994a94b9156413b av_one_fourth  avia-builder-el-5  el_after_av_one_half  avia-builder-el-last  flex_column_div  column-top-margin'     ><\/div><\/p>\n","protected":false},"excerpt":{"rendered":"","protected":false},"author":1,"featured_media":0,"parent":0,"menu_order":0,"comment_status":"closed","ping_status":"closed","template":"","meta":{"_glsr_average":0,"_glsr_ranking":0,"_glsr_reviews":0,"footnotes":""},"class_list":["post-140602","page","type-page","status-publish","hentry"],"_links":{"self":[{"href":"https:\/\/mathies-antwerpen.com\/fr\/wp-json\/wp\/v2\/pages\/140602","targetHints":{"allow":["GET"]}}],"collection":[{"href":"https:\/\/mathies-antwerpen.com\/fr\/wp-json\/wp\/v2\/pages"}],"about":[{"href":"https:\/\/mathies-antwerpen.com\/fr\/wp-json\/wp\/v2\/types\/page"}],"author":[{"embeddable":true,"href":"https:\/\/mathies-antwerpen.com\/fr\/wp-json\/wp\/v2\/users\/1"}],"replies":[{"embeddable":true,"href":"https:\/\/mathies-antwerpen.com\/fr\/wp-json\/wp\/v2\/comments?post=140602"}],"version-history":[{"count":0,"href":"https:\/\/mathies-antwerpen.com\/fr\/wp-json\/wp\/v2\/pages\/140602\/revisions"}],"wp:attachment":[{"href":"https:\/\/mathies-antwerpen.com\/fr\/wp-json\/wp\/v2\/media?parent=140602"}],"curies":[{"name":"wp","href":"https:\/\/api.w.org\/{rel}","templated":true}]}}