{"id":9174,"date":"2024-04-01T08:23:57","date_gmt":"2024-04-01T06:23:57","guid":{"rendered":"https:\/\/la-foundation-nanoug.ch\/?page_id=9174"},"modified":"2024-04-01T08:23:57","modified_gmt":"2024-04-01T06:23:57","slug":"clause-de-non-responsabilite","status":"publish","type":"page","link":"https:\/\/mathies-antwerpen.com\/fr\/clause-de-non-responsabilite\/","title":{"rendered":"Clause de non-responsabilit\u00e9"},"content":{"rendered":"\n<style type=\"text\/css\" data-created_by=\"avia_inline_auto\" id=\"style-css-av-latc1yuv-a0ebfa52bf7ff429bf6db7ac227db08e\">\n#top .av-special-heading.av-latc1yuv-a0ebfa52bf7ff429bf6db7ac227db08e{\npadding-bottom:10px;\n}\nbody .av-special-heading.av-latc1yuv-a0ebfa52bf7ff429bf6db7ac227db08e .av-special-heading-tag .heading-char{\nfont-size:25px;\n}\n.av-special-heading.av-latc1yuv-a0ebfa52bf7ff429bf6db7ac227db08e .av-subheading{\nfont-size:15px;\n}\n<\/style>\n<div  class='av-special-heading av-latc1yuv-a0ebfa52bf7ff429bf6db7ac227db08e av-special-heading-h3 blockquote classic-quote  avia-builder-el-0  el_before_av_one_full  avia-builder-el-first '><h3 class='av-special-heading-tag '  itemprop=\"headline\"  >Clause de non-responsabilit\u00e9<\/h3><div class=\"special-heading-border\"><div class=\"special-heading-inner-border\"><\/div><\/div><\/div>\n\n<style type=\"text\/css\" data-created_by=\"avia_inline_auto\" id=\"style-css-av-av_one_full-79ff81c021393065cee878051452f6a6\">\n.flex_column.av-av_one_full-79ff81c021393065cee878051452f6a6{\nborder-radius:0px 0px 0px 0px;\npadding:0px 0px 0px 0px;\n}\n<\/style>\n<div  class='flex_column av-av_one_full-79ff81c021393065cee878051452f6a6 av_one_full  avia-builder-el-1  el_after_av_heading  el_before_av_one_full  first flex_column_div av-zero-column-padding  '     ><\/div>\n\n<style type=\"text\/css\" data-created_by=\"avia_inline_auto\" id=\"style-css-av-av_one_full-79ff81c021393065cee878051452f6a6\">\n.flex_column.av-av_one_full-79ff81c021393065cee878051452f6a6{\nborder-radius:0px 0px 0px 0px;\npadding:0px 0px 0px 0px;\n}\n<\/style>\n<div  class='flex_column av-av_one_full-79ff81c021393065cee878051452f6a6 av_one_full  avia-builder-el-2  el_after_av_one_full  el_before_av_hr  first flex_column_div av-zero-column-padding  column-top-margin'     ><style type=\"text\/css\" data-created_by=\"avia_inline_auto\" id=\"style-css-av-latc3ap3-61953b040c81b8ff036d08ee6953bb14\">\n#top .av_textblock_section.av-latc3ap3-61953b040c81b8ff036d08ee6953bb14 .avia_textblock{\nfont-size:14px;\n}\n<\/style>\n<section  class='av_textblock_section av-latc3ap3-61953b040c81b8ff036d08ee6953bb14 '   itemscope=\"itemscope\" itemtype=\"https:\/\/schema.org\/CreativeWork\" ><div class='avia_textblock'  itemprop=\"text\" ><p>Les articles, donn\u00e9es et pr\u00e9visions publi\u00e9s par <strong>\u00a0\u00bb MATHIES \u00ab\u00a0<\/strong> ont \u00e9t\u00e9 recherch\u00e9s avec le plus grand soin. Cependant, ni <strong>\u00a0\u00bb MATHIES \u00ab\u00a0<\/strong>, ni ses fournisseurs ou prestataires ne peuvent assumer une quelconque responsabilit\u00e9 quant \u00e0 l&rsquo;exactitude. Les actualit\u00e9s, articles et contributions sont en partie bas\u00e9s sur des rapports de tiers et sont dans ce cas marqu\u00e9s en cons\u00e9quence. Les profils d&rsquo;entreprise sont cr\u00e9\u00e9s sur la base des donn\u00e9es fournies par les entreprises. Les analyses de march\u00e9, les pr\u00e9visions, etc. sont en partie transmises par les entreprises et instituts partenaires respectifs.<\/p>\n<p>Ce site Web contient des liens vers des sites Web de tiers. Ces sites Internet rel\u00e8vent de la responsabilit\u00e9 de leurs op\u00e9rateurs respectifs. Lorsque nous avons \u00e9tabli pour la premi\u00e8re fois des liens externes, nous avons v\u00e9rifi\u00e9 le contenu externe pour d\u00e9terminer s&rsquo;il y avait des violations de la loi. \u00c0 l\u2019\u00e9poque, aucune violation de la loi n\u2019\u00e9tait apparente. \u00c9tant donn\u00e9 que nous n&rsquo;avons aucune influence sur la conception ou le contenu actuel et futur des pages li\u00e9es, nous d\u00e9clinons toute responsabilit\u00e9 dans ce contexte. Toutefois, si nous avons connaissance d&rsquo;\u00e9ventuelles violations de la loi, nous supprimerons imm\u00e9diatement ces liens externes.<\/p>\n<p>Tous droits r\u00e9serv\u00e9s. La reproduction ou la modification en totalit\u00e9 ou en partie sans l\u2019autorisation \u00e9crite de <strong>\u00a0\u00bb MATHIES \u00ab\u00a0<\/strong> est interdite.<\/p>\n<p>Copyright <strong>\u00a0\u00bb MATHIES \u00ab\u00a0<\/strong> janvier 2024<\/p>\n<\/div><\/section><\/div><div  class='hr av-av_hr-403c6b7c4ef2832f2bba461a738e582c hr-short  avia-builder-el-4  el_after_av_one_full  avia-builder-el-last  hr-center'><span class='hr-inner '><span class=\"hr-inner-style\"><\/span><\/span><\/div><\/p>\n","protected":false},"excerpt":{"rendered":"","protected":false},"author":1,"featured_media":0,"parent":0,"menu_order":0,"comment_status":"closed","ping_status":"closed","template":"","meta":{"_glsr_average":0,"_glsr_ranking":0,"_glsr_reviews":0,"footnotes":""},"class_list":["post-9174","page","type-page","status-publish","hentry"],"_links":{"self":[{"href":"https:\/\/mathies-antwerpen.com\/fr\/wp-json\/wp\/v2\/pages\/9174","targetHints":{"allow":["GET"]}}],"collection":[{"href":"https:\/\/mathies-antwerpen.com\/fr\/wp-json\/wp\/v2\/pages"}],"about":[{"href":"https:\/\/mathies-antwerpen.com\/fr\/wp-json\/wp\/v2\/types\/page"}],"author":[{"embeddable":true,"href":"https:\/\/mathies-antwerpen.com\/fr\/wp-json\/wp\/v2\/users\/1"}],"replies":[{"embeddable":true,"href":"https:\/\/mathies-antwerpen.com\/fr\/wp-json\/wp\/v2\/comments?post=9174"}],"version-history":[{"count":0,"href":"https:\/\/mathies-antwerpen.com\/fr\/wp-json\/wp\/v2\/pages\/9174\/revisions"}],"wp:attachment":[{"href":"https:\/\/mathies-antwerpen.com\/fr\/wp-json\/wp\/v2\/media?parent=9174"}],"curies":[{"name":"wp","href":"https:\/\/api.w.org\/{rel}","templated":true}]}}