{"id":9490,"date":"2024-05-02T23:01:48","date_gmt":"2024-05-02T23:01:48","guid":{"rendered":"https:\/\/port-supply-services.com\/?page_id=9490"},"modified":"2026-02-26T10:47:29","modified_gmt":"2026-02-26T10:47:29","slug":"imprimer","status":"publish","type":"page","link":"https:\/\/mathies-antwerpen.com\/fr\/imprimer\/","title":{"rendered":"Imprimer"},"content":{"rendered":"\n<style type=\"text\/css\" data-created_by=\"avia_inline_auto\" id=\"style-css-av-lwcj5tky-395b82bcb2185c5c28dc7070692a2acf\">\n#top .av-special-heading.av-lwcj5tky-395b82bcb2185c5c28dc7070692a2acf{\npadding-bottom:10px;\n}\nbody .av-special-heading.av-lwcj5tky-395b82bcb2185c5c28dc7070692a2acf .av-special-heading-tag .heading-char{\nfont-size:25px;\n}\n.av-special-heading.av-lwcj5tky-395b82bcb2185c5c28dc7070692a2acf .av-subheading{\nfont-size:15px;\n}\n<\/style>\n<div  class='av-special-heading av-lwcj5tky-395b82bcb2185c5c28dc7070692a2acf av-special-heading-h3  avia-builder-el-0  el_before_av_one_fourth  avia-builder-el-first '><h3 class='av-special-heading-tag '  itemprop=\"headline\"  >Imprimer<\/h3><div class=\"special-heading-border\"><div class=\"special-heading-inner-border\"><\/div><\/div><\/div>\n<div  class='flex_column av-1xj7ci-a88e07fdcaebb1c771e0990c44bccb1f av_one_fourth  avia-builder-el-1  el_after_av_heading  el_before_av_one_half  first flex_column_div  '     ><\/div>\n<div  class='flex_column av-4ew5j6-2d6927560184622029604b1a9fe0354a av_one_half  avia-builder-el-2  el_after_av_one_fourth  avia-builder-el-last  flex_column_div  '     ><section  class='av_textblock_section av-lwcj5h2w-11ab75dbc09ed4b4d303f76e00310d1c '   itemscope=\"itemscope\" itemtype=\"https:\/\/schema.org\/CreativeWork\" ><div class='avia_textblock'  itemprop=\"text\" ><p>Information juridique<\/p>\n<p>Gestionnaire du fournisseur<\/p>\n<p>mathies-antwerpen.com<\/p>\n<p>Si\u00e8ge juridique et op\u00e9rationnel de la soci\u00e9t\u00e9:<\/p>\n<p>MATHIES<br \/>\nIndiestraat 2-18<br \/>\n2000 Anvers<br \/>\nBelgique<\/p>\n<p>Si\u00e8ge de la soci\u00e9t\u00e9\u00a0: Anvers<br \/>\nSir\u00e8ne no 69449040<br \/>\nNo REA A &#8211; 304653<br \/>\nDirecteur g\u00e9n\u00e9ral\u00a0: S. Ventura<br \/>\ninfo@mathies-antwerpen.com<\/p>\n<p>T\u00e9l.\u00a0: + 33 (0) 751\u00a0050\u00a0460 (pour l\u2019Europe)<\/p>\n<p>Nous ne sommes pas dispos\u00e9s ou oblig\u00e9s de participer \u00e0 des proc\u00e9dures de r\u00e8glement des litiges devant un organe de conciliation pour les consommateurs (\u00a7 36, paragraphe 1, no 1 VSBG).<\/p>\n<\/div><\/section><\/div>\n","protected":false},"excerpt":{"rendered":"","protected":false},"author":1,"featured_media":0,"parent":0,"menu_order":0,"comment_status":"closed","ping_status":"closed","template":"","meta":{"_glsr_average":0,"_glsr_ranking":0,"_glsr_reviews":0,"footnotes":""},"class_list":["post-9490","page","type-page","status-publish","hentry"],"_links":{"self":[{"href":"https:\/\/mathies-antwerpen.com\/fr\/wp-json\/wp\/v2\/pages\/9490","targetHints":{"allow":["GET"]}}],"collection":[{"href":"https:\/\/mathies-antwerpen.com\/fr\/wp-json\/wp\/v2\/pages"}],"about":[{"href":"https:\/\/mathies-antwerpen.com\/fr\/wp-json\/wp\/v2\/types\/page"}],"author":[{"embeddable":true,"href":"https:\/\/mathies-antwerpen.com\/fr\/wp-json\/wp\/v2\/users\/1"}],"replies":[{"embeddable":true,"href":"https:\/\/mathies-antwerpen.com\/fr\/wp-json\/wp\/v2\/comments?post=9490"}],"version-history":[{"count":0,"href":"https:\/\/mathies-antwerpen.com\/fr\/wp-json\/wp\/v2\/pages\/9490\/revisions"}],"wp:attachment":[{"href":"https:\/\/mathies-antwerpen.com\/fr\/wp-json\/wp\/v2\/media?parent=9490"}],"curies":[{"name":"wp","href":"https:\/\/api.w.org\/{rel}","templated":true}]}}