{"id":138008,"date":"2025-10-29T15:26:23","date_gmt":"2025-10-29T15:26:23","guid":{"rendered":"https:\/\/storempss.com\/?post_type=product&#038;p=138008"},"modified":"2025-11-21T17:19:51","modified_gmt":"2025-11-21T17:19:51","slug":"axiom-12-touch-ais700-fr","status":"publish","type":"product","link":"https:\/\/mathies-antwerpen.com\/fr\/produit\/axiom-12-touch-ais700-fr\/","title":{"rendered":"AXIOM+ 12 &#8211; Touch &#8211; AIS700"},"content":{"rendered":"<p>Le Raymarine AXIOM+ est dot\u00e9 du nouvel \u00e9cran HydroTough\u2122 nettement plus lumineux, d&rsquo;une m\u00e9moire interne accrue et d&rsquo;un processeur quadric\u0153ur plus rapide. Gr\u00e2ce au nouveau syst\u00e8me LightHouse Dartmouth, vous b\u00e9n\u00e9ficiez des modes jour et nuit, ainsi que de la compatibilit\u00e9 avec les cartes Raymarine LightHouse.<img loading=\"lazy\" decoding=\"async\" class=\"alignnone size-full wp-image-137965\" src=\"https:\/\/mathies-antwerpen.com\/wp-content\/uploads\/2025\/10\/FR-Daten.jpeg\" alt=\"\" width=\"1255\" height=\"621\" srcset=\"https:\/\/mathies-antwerpen.com\/wp-content\/uploads\/2025\/10\/FR-Daten.jpeg 1255w, https:\/\/mathies-antwerpen.com\/wp-content\/uploads\/2025\/10\/FR-Daten-600x297.jpeg 600w, https:\/\/mathies-antwerpen.com\/wp-content\/uploads\/2025\/10\/FR-Daten-768x380.jpeg 768w, https:\/\/mathies-antwerpen.com\/wp-content\/uploads\/2025\/10\/FR-Daten-705x349.jpeg 705w, https:\/\/mathies-antwerpen.com\/wp-content\/uploads\/2025\/10\/FR-Daten-450x223.jpeg 450w\" sizes=\"auto, (max-width: 1255px) 100vw, 1255px\" \/><\/p>\n<p><strong>Sp\u00e9cifications techniques<\/strong><\/p>\n<ul>\n<li>Taille de l&rsquo;\u00e9cran<br \/>\n12 pouces<\/li>\n<li>R\u00e9solution de l&rsquo;\u00e9cran<br \/>\n1280 x 800<\/li>\n<li>Type d&rsquo;\u00e9cran<br \/>\nMultitouch avec rev\u00eatement HydroTough (r\u00e9sistant)<\/li>\n<li>Luminosit\u00e9<br \/>\n1800 nits<\/li>\n<li>Angle de vision<br \/>\n88\u00b0 haut, bas, gauche, droite<\/li>\n<li>Tension<br \/>\n12 V CC (8-16 V CC)<\/li>\n<li>Consommation \u00e9lectrique<br \/>\n15,48 W<\/li>\n<li>Ethernet<br \/>\nOui, 1 port<\/li>\n<li>NMEA2000<br \/>\nOui, 1 port<\/li>\n<li>NMEA0183<br \/>\nNon<\/li>\n<li>SeaTalkNG<br \/>\nC\u00e2ble adaptateur requis<\/li>\n<li>USB<br \/>\n1 port micro-USB AB<\/li>\n<li>Wi-Fi<br \/>\nOui<\/li>\n<li>Bluetooth 4.0<br \/>\nOui<\/li>\n<li>GPS<br \/>\nInt\u00e9gr\u00e9 (10 Hz, 28 canaux)<\/li>\n<li>GPS<br \/>\nGLONASS\/Galileo\/Beidou<\/li>\n<li>Sonar<br \/>\nOui<\/li>\n<li>Radar<br \/>\nCompatible avec Quantum, Digital, HD Color\/Super HD Color et Magnum<\/li>\n<li>Antennes radar<\/li>\n<li>AIS<br \/>\nOui, via NMEA2000<\/li>\n<li>Cartes marines<br \/>\nNavionics, C-MAP et Lighthouse<\/li>\n<li>Emplacement pour carte<br \/>\n1x<\/li>\n<li>Commande de pilote automatique<br \/>\nPilote automatique Evolution<\/li>\n<li>Imagerie thermique<br \/>\nFLIR AX8, M232, s\u00e9rie M300, M400, M500<\/li>\n<li>Vid\u00e9o\/Cam\u00e9ra<br \/>\nCompatible avec CAM210IP et CAM220IP (10 cam\u00e9ras max.)<\/li>\n<li>Temp\u00e9rature de fonctionnement<br \/>\n-25 \u00e0 +55 \u00b0C<\/li>\n<li>Temp\u00e9rature de stockage<br \/>\n-30 \u00e0 +70 \u00b0C<\/li>\n<li>\u00c9tanch\u00e9it\u00e9<br \/>\nIPX6 \/ IPX7<\/li>\n<li>Imensions<br \/>\n314 x 217 x 77 mm<\/li>\n<li>Poids<br \/>\n2,72 kg<\/li>\n<\/ul>\n<p><strong>Contenu de la livraison<\/strong><\/p>\n<p>\u00c9cran multifonction, support de montage, vis molet\u00e9es, pare-soleil, joints, vis filet\u00e9es, c\u00e2bles d&rsquo;alimentation et de donn\u00e9es, et documentation<\/p>\n","protected":false},"excerpt":{"rendered":"<p>\u2022 3 ans de garantie du fabricant<br \/>\n\u2022 Livraison gratuite dans le monde entier<br \/>\n\u2022 Montage et installation sur demande<\/p>\n","protected":false},"featured_media":139216,"template":"","meta":{"_glsr_average":0,"_glsr_ranking":0,"_glsr_reviews":0},"product_brand":[],"product_cat":[50],"product_tag":[],"class_list":{"0":"post-138008","1":"product","2":"type-product","3":"status-publish","4":"has-post-thumbnail","6":"product_cat-electronique-gps-navigation","8":"first","9":"instock","10":"taxable","11":"shipping-taxable","12":"purchasable","13":"product-type-simple"},"_links":{"self":[{"href":"https:\/\/mathies-antwerpen.com\/fr\/wp-json\/wp\/v2\/product\/138008","targetHints":{"allow":["GET"]}}],"collection":[{"href":"https:\/\/mathies-antwerpen.com\/fr\/wp-json\/wp\/v2\/product"}],"about":[{"href":"https:\/\/mathies-antwerpen.com\/fr\/wp-json\/wp\/v2\/types\/product"}],"wp:featuredmedia":[{"embeddable":true,"href":"https:\/\/mathies-antwerpen.com\/fr\/wp-json\/wp\/v2\/media\/139216"}],"wp:attachment":[{"href":"https:\/\/mathies-antwerpen.com\/fr\/wp-json\/wp\/v2\/media?parent=138008"}],"wp:term":[{"taxonomy":"product_brand","embeddable":true,"href":"https:\/\/mathies-antwerpen.com\/fr\/wp-json\/wp\/v2\/product_brand?post=138008"},{"taxonomy":"product_cat","embeddable":true,"href":"https:\/\/mathies-antwerpen.com\/fr\/wp-json\/wp\/v2\/product_cat?post=138008"},{"taxonomy":"product_tag","embeddable":true,"href":"https:\/\/mathies-antwerpen.com\/fr\/wp-json\/wp\/v2\/product_tag?post=138008"}],"curies":[{"name":"wp","href":"https:\/\/api.w.org\/{rel}","templated":true}]}}