{"id":138107,"date":"2025-11-06T19:38:36","date_gmt":"2025-11-06T19:38:36","guid":{"rendered":"https:\/\/storempss.com\/?post_type=product&#038;p=138107"},"modified":"2025-11-21T17:23:18","modified_gmt":"2025-11-21T17:23:18","slug":"gilet-de-sauvetage-gonflable","status":"publish","type":"product","link":"https:\/\/mathies-antwerpen.com\/fr\/produit\/gilet-de-sauvetage-gonflable\/","title":{"rendered":"Gilet de sauvetage gonflable"},"content":{"rendered":"<p>Gilet de sauvetage gonflable Sailsafe Race (Helly Hansen)<\/p>\n<p>Le gilet de sauvetage Sailsafe est un mod\u00e8le ultra-l\u00e9ger, id\u00e9al en toutes circonstances. Son design ergonomique offre un gilet l\u00e9ger et flexible, dot\u00e9 d&rsquo;un harnais amovible unique qui \u00e9pouse les contours du corps sans entraver les mouvements. Il est \u00e9quip\u00e9 d&rsquo;un syst\u00e8me de gonflage manuel \u00e0 marteau et d&rsquo;un m\u00e9canisme de d\u00e9compression automatique qui emp\u00eache tout gonflage accidentel, m\u00eame par forte humidit\u00e9. Ce gilet est certifi\u00e9 ISO 12402\u00a0; le harnais de s\u00e9curit\u00e9 int\u00e9gr\u00e9 est certifi\u00e9 ISO 12401. Il comprend \u00e9galement une cagoule anti-embruns, une lampe frontale et des sangles de cuisse anti-positionnement.<\/p>\n<p>D\u00e9tails\u00a0:<\/p>\n<p>\u2022 Conception l\u00e9g\u00e8re et ergonomique<br \/>\n\u2022 Capteur de gonflage automatique par marteau avec technologie de pression hydrostatique<br \/>\n\u2022 Harnais de poitrine pour une position de remorquage plus s\u00fbre<br \/>\n\u2022 Con\u00e7u pour une utilisation avec une fixation souple \u00e0 la ligne de s\u00e9curit\u00e9<br \/>\n\u2022 R\u00e9flecteurs certifi\u00e9s SOLAS<br \/>\n\u2022 Poign\u00e9e de maintien renforc\u00e9e 5\u00a0000\u00a0N<br \/>\n\u2022 Feu de d\u00e9tresse SOLAS int\u00e9gr\u00e9 et automatique<br \/>\n\u2022 Couvercle avec emplacement pour la balise de d\u00e9tresse personnelle (incluse)<br \/>\n\u2022 Certifi\u00e9 EN ISO 12402-3<\/p>\n<p>&nbsp;<\/p>\n","protected":false},"excerpt":{"rendered":"<p>Gilet de sauvetage gonflable Sailsafe Race (Helly Hansen) Le gilet de sauvetage Sailsafe est un mod\u00e8le ultra-l\u00e9ger, id\u00e9al en toutes circonstances. Son design ergonomique offre un gilet l\u00e9ger et flexible, dot\u00e9 d&rsquo;un harnais amovible unique qui \u00e9pouse les contours du corps sans entraver les mouvements. Il est \u00e9quip\u00e9 d&rsquo;un syst\u00e8me de gonflage manuel \u00e0 marteau [&hellip;]<\/p>\n","protected":false},"featured_media":138100,"template":"","meta":{"_glsr_average":0,"_glsr_ranking":0,"_glsr_reviews":0},"product_brand":[],"product_cat":[54],"product_tag":[],"class_list":{"0":"post-138107","1":"product","2":"type-product","3":"status-publish","4":"has-post-thumbnail","6":"product_cat-gilets-de-sauvetage","8":"first","9":"instock","10":"taxable","11":"shipping-taxable","12":"purchasable","13":"product-type-simple"},"_links":{"self":[{"href":"https:\/\/mathies-antwerpen.com\/fr\/wp-json\/wp\/v2\/product\/138107","targetHints":{"allow":["GET"]}}],"collection":[{"href":"https:\/\/mathies-antwerpen.com\/fr\/wp-json\/wp\/v2\/product"}],"about":[{"href":"https:\/\/mathies-antwerpen.com\/fr\/wp-json\/wp\/v2\/types\/product"}],"wp:featuredmedia":[{"embeddable":true,"href":"https:\/\/mathies-antwerpen.com\/fr\/wp-json\/wp\/v2\/media\/138100"}],"wp:attachment":[{"href":"https:\/\/mathies-antwerpen.com\/fr\/wp-json\/wp\/v2\/media?parent=138107"}],"wp:term":[{"taxonomy":"product_brand","embeddable":true,"href":"https:\/\/mathies-antwerpen.com\/fr\/wp-json\/wp\/v2\/product_brand?post=138107"},{"taxonomy":"product_cat","embeddable":true,"href":"https:\/\/mathies-antwerpen.com\/fr\/wp-json\/wp\/v2\/product_cat?post=138107"},{"taxonomy":"product_tag","embeddable":true,"href":"https:\/\/mathies-antwerpen.com\/fr\/wp-json\/wp\/v2\/product_tag?post=138107"}],"curies":[{"name":"wp","href":"https:\/\/api.w.org\/{rel}","templated":true}]}}