{"id":138190,"date":"2025-11-14T13:40:00","date_gmt":"2025-11-14T13:40:00","guid":{"rendered":"https:\/\/storempss.com\/?post_type=product&#038;p=138190"},"modified":"2026-03-08T08:10:56","modified_gmt":"2026-03-08T08:10:56","slug":"vetus-bow-pro-300n-12v-fr","status":"publish","type":"product","link":"https:\/\/mathies-antwerpen.com\/fr\/produit\/vetus-bow-pro-300n-12v-fr\/","title":{"rendered":"VETUS BOW PRO 300N \/ 12V"},"content":{"rendered":"<p><strong>Propulseur d&rsquo;\u00e9trave\/de poupe sans balais VETUS BOW PRO 300N \/ 12V<\/strong><\/p>\n<p>L&rsquo;exp\u00e9rience \u00e9prouv\u00e9e des propulseurs d&rsquo;\u00e9trave, associ\u00e9e \u00e0 la technologie r\u00e9volutionnaire RIMDRIVE de Vetus, donne naissance \u00e0 la nouvelle s\u00e9rie de propulseurs d&rsquo;\u00e9trave BOW PRO. R\u00e9sultat\u00a0: des propulseurs d&rsquo;\u00e9trave silencieux et enti\u00e8rement proportionnels, disponibles en diff\u00e9rentes tailles et offrant une autonomie illimit\u00e9e. Seule la capacit\u00e9 de la batterie constitue la limite.<\/p>\n<p>Une v\u00e9ritable r\u00e9volution\u00a0! Les propulseurs d&rsquo;\u00e9trave BOW PRO sont \u00e9quip\u00e9s de moteurs \u00e0 induction sans balais innovants et uniques, ne n\u00e9cessitent aucun entretien et fonctionnent avec un niveau sonore extr\u00eamement faible.<\/p>\n<p>L&rsquo;une des caract\u00e9ristiques r\u00e9volutionnaires de la s\u00e9rie BOW PRO r\u00e9side dans la possibilit\u00e9 de contr\u00f4ler les propulseurs d&rsquo;\u00e9trave via un protocole CANBUS propri\u00e9taire. Les propulseurs d&rsquo;\u00e9trave BOW PRO sont disponibles avec deux options\u00a0: le mod\u00e8le de base enti\u00e8rement proportionnel (BPPPA) et le panneau de commande enti\u00e8rement proportionnel avec fonction de maintien et de verrouillage (BPPJA). Les propulseurs d&rsquo;\u00e9trave BOW PRO utilisent les m\u00eames composants sous-marins et h\u00e9lices que les propulseurs d&rsquo;\u00e9trave VETUS, dont la fiabilit\u00e9 est \u00e9prouv\u00e9e.<\/p>\n<p><strong>Vetus BOW PRO\u00a0:<\/strong><\/p>\n<p>Contr\u00f4le proportionnel<br \/>\nAutonomie illimit\u00e9e<br \/>\nSans entretien gr\u00e2ce au moteur brushless<br \/>\nHaute efficacit\u00e9<br \/>\nS\u00fbr et fiable<br \/>\nR\u00e9trocompatible avec les propulseurs d&rsquo;\u00e9trave des s\u00e9ries VETUS C et D<\/p>\n<p><strong>D\u00e9tails du produit<\/strong><\/p>\n<p>R\u00e9f\u00e9rence\u00a0:<br \/>\n40103001<\/p>\n<p>Code EAN\/Produit\u00a0:<br \/>\n8717372402968<\/p>\n<p>Mod\u00e8le\u00a0:<\/p>\n<p>BOWA0301<\/p>\n<p>D\u00e9signation\u00a0:<br \/>\nVETUS &#8211; Propulseur d&rsquo;\u00e9trave brushless 300 N<\/p>\n<p>Type de propulseur\u00a0:<br \/>\nPropulseur d&rsquo;\u00e9trave, Propulseur de poupe<\/p>\n<p>Tension de fonctionnement\u00a0:<br \/>\n12\u00a0V<\/p>\n<p>Fusible recommand\u00e9\u00a0:<br \/>\n200\u00a0A<\/p>\n<p>Puissance\u00a0:<br \/>\n1,6\u00a0kW<\/p>\n<p>Position maximale\u00a0:<br \/>\n30\u00a0kg<\/p>\n<p>Pour bateaux\u00a0:<br \/>\n7 \u00e0 9,5\u00a0m<\/p>\n<p>Diam\u00e8tre du tunnel\u00a0:<br \/>\n110\u00a0mm<\/p>\n<p>Min. Distance \u00e0 la flottaison<\/p>\n<p>110 mm<\/p>\n<p>Vitesse contr\u00f4l\u00e9e<br \/>\nOui<\/p>\n<p>Double h\u00e9lice<br \/>\nNon<\/p>\n<p>Type de montage<br \/>\nIntracoque<\/p>\n<p>Variante<br \/>\nSimple<\/p>\n<p>Poids<br \/>\n24 kg<\/p>\n<p>Garantie constructeur*<\/p>\n<p>3 ans<\/p>\n<p>Informations de livraison<br \/>\nTransporteur<\/p>\n<p><strong>Contenu de la livraison<\/strong><\/p>\n<p>1 x Propulseur d&rsquo;\u00e9trave sans balais VETUS 300 N<br \/>\n1 x Panneau de commande pour BOW PRO<br \/>\n1 x Manuel d&rsquo;utilisation (en 24 langues)<br \/>\n1 x Instructions d&rsquo;installation + Sch\u00e9ma technique (en 24 langues)<\/p>\n","protected":false},"excerpt":{"rendered":"<p>Propulseur d&rsquo;\u00e9trave\/de poupe sans balais VETUS BOW PRO 300N \/ 12V L&rsquo;exp\u00e9rience \u00e9prouv\u00e9e des propulseurs d&rsquo;\u00e9trave, associ\u00e9e \u00e0 la technologie r\u00e9volutionnaire RIMDRIVE de Vetus, donne naissance \u00e0 la nouvelle s\u00e9rie de propulseurs d&rsquo;\u00e9trave BOW PRO. R\u00e9sultat\u00a0: des propulseurs d&rsquo;\u00e9trave silencieux et enti\u00e8rement proportionnels, disponibles en diff\u00e9rentes tailles et offrant une autonomie illimit\u00e9e. Seule la capacit\u00e9 [&hellip;]<\/p>\n","protected":false},"featured_media":138158,"template":"","meta":{"_glsr_average":0,"_glsr_ranking":0,"_glsr_reviews":0},"product_brand":[],"product_cat":[58],"product_tag":[],"class_list":{"0":"post-138190","1":"product","2":"type-product","3":"status-publish","4":"has-post-thumbnail","6":"product_cat-propulseurs-detrave-de-poupe","8":"first","9":"instock","10":"taxable","11":"shipping-taxable","12":"purchasable","13":"product-type-simple"},"_links":{"self":[{"href":"https:\/\/mathies-antwerpen.com\/fr\/wp-json\/wp\/v2\/product\/138190","targetHints":{"allow":["GET"]}}],"collection":[{"href":"https:\/\/mathies-antwerpen.com\/fr\/wp-json\/wp\/v2\/product"}],"about":[{"href":"https:\/\/mathies-antwerpen.com\/fr\/wp-json\/wp\/v2\/types\/product"}],"wp:featuredmedia":[{"embeddable":true,"href":"https:\/\/mathies-antwerpen.com\/fr\/wp-json\/wp\/v2\/media\/138158"}],"wp:attachment":[{"href":"https:\/\/mathies-antwerpen.com\/fr\/wp-json\/wp\/v2\/media?parent=138190"}],"wp:term":[{"taxonomy":"product_brand","embeddable":true,"href":"https:\/\/mathies-antwerpen.com\/fr\/wp-json\/wp\/v2\/product_brand?post=138190"},{"taxonomy":"product_cat","embeddable":true,"href":"https:\/\/mathies-antwerpen.com\/fr\/wp-json\/wp\/v2\/product_cat?post=138190"},{"taxonomy":"product_tag","embeddable":true,"href":"https:\/\/mathies-antwerpen.com\/fr\/wp-json\/wp\/v2\/product_tag?post=138190"}],"curies":[{"name":"wp","href":"https:\/\/api.w.org\/{rel}","templated":true}]}}