{"id":138331,"date":"2025-11-15T17:24:19","date_gmt":"2025-11-15T17:24:19","guid":{"rendered":"https:\/\/storempss.com\/?post_type=product&#038;p=138331"},"modified":"2025-11-21T17:13:15","modified_gmt":"2025-11-21T17:13:15","slug":"axiom-9-touch-rv-ais700-fr","status":"publish","type":"product","link":"https:\/\/mathies-antwerpen.com\/fr\/produit\/axiom-9-touch-rv-ais700-fr\/","title":{"rendered":"AXIOM+ 9 \/ Touch \/ RV \/ AIS700"},"content":{"rendered":"<p><strong>AXIOM+ 9 \/ Tactile \/ avec sondeur 3D RealVision int\u00e9gr\u00e9, transducteur RV-100 et AIS700<\/strong><\/p>\n<p>Le Raymarine AXIOM+ est dot\u00e9 du nouvel \u00e9cran HydroTough\u2122 nettement plus lumineux, d&rsquo;une m\u00e9moire interne accrue et d&rsquo;un processeur quadric\u0153ur plus rapide. Gr\u00e2ce au nouveau syst\u00e8me LightHouse Dartmouth, vous b\u00e9n\u00e9ficiez des modes jour et nuit, ainsi que de la compatibilit\u00e9 avec les cartes Raymarine LightHouse.<\/p>\n<p><strong>Donn\u00e9es produit\u00a0:<\/strong><\/p>\n<p>R\u00e9f\u00e9rence\u00a0:<br \/>\n40109450<\/p>\n<p>Nom\u00a0:<br \/>\nRAYMARINE AXIOM+ 9&Prime; RV (avec sondeurs RV100 et AIS700)<\/p>\n<p>Taille de l&rsquo;\u00e9cran\u00a0:<br \/>\n9 pouces<\/p>\n<p>R\u00e9solution\u00a0:<br \/>\n1280 x 720 px<\/p>\n<p>Angle de vision\u00a0:<br \/>\n85\u00b0<\/p>\n<p>Luminosit\u00e9 de l&rsquo;\u00e9cran\u00a0:<br \/>\n1500 nits<\/p>\n<p>Type d&rsquo;interface\u00a0:<br \/>\nTactile<\/p>\n<p>NMEA2000<\/p>\n<p>Compatible radar\u00a0:<br \/>\nOui<\/p>\n<p>Commande par tablette\u00a0:<br \/>\nOui<\/p>\n<p>Module sondeur\u00a0:<br \/>\nOui<\/p>\n<p>Type de sondeur\u00a0:<br \/>\nCHIRP \/ Sondeur de p\u00eache, DownVision, SideVision, RealVision 3D, Profondeur num\u00e9rique<\/p>\n<p>Angle de vision du sondeur\u00a0:<br \/>\nHaut, lat\u00e9ral<\/p>\n<p>Sondes Raymarine compatibles\u00a0:<br \/>\nCPT-S CHIRP, CPT-100, CPT-110, CPT-120, RV-100, RV-200, RV-212, RV-220, RV-300, RV-312 RV-320, RV-400, RV-412, RV-420<\/p>\n<p>Compatibilit\u00e9 avec les cartes\u00a0:<br \/>\nOui<\/p>\n<p>Cartes\u00a0:<br \/>\nC-MAP 4D, Navionics+, Navionics Platinum+, LightHouse Charts<\/p>\n<p>Largeur d&rsquo;installation\u00a0:<br \/>\n231\u00a0mm<\/p>\n<p>Hauteur d&rsquo;installation\u00a0:<br \/>\n145\u00a0mm<\/p>\n<p>Sonde incluse\u00a0:<br \/>\nOui<\/p>\n<p>Affichage du sondeur\u00a0:<br \/>\nPoissons, structure du fond, structure du fond en 3D<\/p>\n<p>Indice de protection\u00a0:<br \/>\nIPX7<\/p>\n<p>Garantie constructeur\u00a0:<br \/>\n3\u00a0ans<\/p>\n<p><strong>Livraison\u00a0:<\/strong><br \/>\nLivraison gratuite dans le monde entier<\/p>\n","protected":false},"excerpt":{"rendered":"<p>\u2022 3 ans de garantie du fabricant<br \/>\n\u2022 Livraison gratuite dans le monde entier<br \/>\n\u2022 Montage et installation sur demande<\/p>\n","protected":false},"featured_media":139211,"template":"","meta":{"_glsr_average":0,"_glsr_ranking":0,"_glsr_reviews":0},"product_brand":[],"product_cat":[50],"product_tag":[],"class_list":{"0":"post-138331","1":"product","2":"type-product","3":"status-publish","4":"has-post-thumbnail","6":"product_cat-electronique-gps-navigation","8":"first","9":"instock","10":"taxable","11":"shipping-taxable","12":"purchasable","13":"product-type-simple"},"_links":{"self":[{"href":"https:\/\/mathies-antwerpen.com\/fr\/wp-json\/wp\/v2\/product\/138331","targetHints":{"allow":["GET"]}}],"collection":[{"href":"https:\/\/mathies-antwerpen.com\/fr\/wp-json\/wp\/v2\/product"}],"about":[{"href":"https:\/\/mathies-antwerpen.com\/fr\/wp-json\/wp\/v2\/types\/product"}],"wp:featuredmedia":[{"embeddable":true,"href":"https:\/\/mathies-antwerpen.com\/fr\/wp-json\/wp\/v2\/media\/139211"}],"wp:attachment":[{"href":"https:\/\/mathies-antwerpen.com\/fr\/wp-json\/wp\/v2\/media?parent=138331"}],"wp:term":[{"taxonomy":"product_brand","embeddable":true,"href":"https:\/\/mathies-antwerpen.com\/fr\/wp-json\/wp\/v2\/product_brand?post=138331"},{"taxonomy":"product_cat","embeddable":true,"href":"https:\/\/mathies-antwerpen.com\/fr\/wp-json\/wp\/v2\/product_cat?post=138331"},{"taxonomy":"product_tag","embeddable":true,"href":"https:\/\/mathies-antwerpen.com\/fr\/wp-json\/wp\/v2\/product_tag?post=138331"}],"curies":[{"name":"wp","href":"https:\/\/api.w.org\/{rel}","templated":true}]}}