{"id":138380,"date":"2025-11-17T12:25:24","date_gmt":"2025-11-17T12:25:24","guid":{"rendered":"https:\/\/storempss.com\/?post_type=product&#038;p=138380"},"modified":"2025-12-02T22:05:01","modified_gmt":"2025-12-02T22:05:01","slug":"groenland-islande-20xg","status":"publish","type":"product","link":"https:\/\/mathies-antwerpen.com\/fr\/produit\/groenland-islande-20xg\/","title":{"rendered":"Groenland &#8211; Islande &#8211; 20XG"},"content":{"rendered":"<p><strong>Navionics+ Groenland &amp; Islande \/ 20XG \/ NAEU620L \/ Grand format<\/strong><\/p>\n<p><strong>D\u00e9tails du produit<\/strong><\/p>\n<p>EAN \/ Code produit<\/p>\n<p>8054242908718<\/p>\n<p>R\u00e9f\u00e9rence mod\u00e8le<\/p>\n<p>MSD\/NAV+20XG_LARGE<\/p>\n<p>Version<br \/>\nSD \/ Micro-SD<\/p>\n<p>Nom<br \/>\nGroenland &amp; Islande 20XG \/ Grand format<\/p>\n<p>&nbsp;<\/p>\n","protected":false},"excerpt":{"rendered":"<p>Navionics+ Groenland &amp; Islande \/ 20XG \/ NAEU620L \/ Grand format D\u00e9tails du produit EAN \/ Code produit 8054242908718 R\u00e9f\u00e9rence mod\u00e8le MSD\/NAV+20XG_LARGE Version SD \/ Micro-SD Nom Groenland &amp; Islande 20XG \/ Grand format &nbsp;<\/p>\n","protected":false},"featured_media":138373,"template":"","meta":{"_glsr_average":0,"_glsr_ranking":0,"_glsr_reviews":0},"product_brand":[],"product_cat":[62],"product_tag":[],"class_list":{"0":"post-138380","1":"product","2":"type-product","3":"status-publish","4":"has-post-thumbnail","6":"product_cat-cartes-marines","8":"first","9":"instock","10":"taxable","11":"shipping-taxable","12":"purchasable","13":"product-type-simple"},"_links":{"self":[{"href":"https:\/\/mathies-antwerpen.com\/fr\/wp-json\/wp\/v2\/product\/138380","targetHints":{"allow":["GET"]}}],"collection":[{"href":"https:\/\/mathies-antwerpen.com\/fr\/wp-json\/wp\/v2\/product"}],"about":[{"href":"https:\/\/mathies-antwerpen.com\/fr\/wp-json\/wp\/v2\/types\/product"}],"wp:featuredmedia":[{"embeddable":true,"href":"https:\/\/mathies-antwerpen.com\/fr\/wp-json\/wp\/v2\/media\/138373"}],"wp:attachment":[{"href":"https:\/\/mathies-antwerpen.com\/fr\/wp-json\/wp\/v2\/media?parent=138380"}],"wp:term":[{"taxonomy":"product_brand","embeddable":true,"href":"https:\/\/mathies-antwerpen.com\/fr\/wp-json\/wp\/v2\/product_brand?post=138380"},{"taxonomy":"product_cat","embeddable":true,"href":"https:\/\/mathies-antwerpen.com\/fr\/wp-json\/wp\/v2\/product_cat?post=138380"},{"taxonomy":"product_tag","embeddable":true,"href":"https:\/\/mathies-antwerpen.com\/fr\/wp-json\/wp\/v2\/product_tag?post=138380"}],"curies":[{"name":"wp","href":"https:\/\/api.w.org\/{rel}","templated":true}]}}