{"id":138577,"date":"2025-11-18T16:18:11","date_gmt":"2025-11-18T16:18:11","guid":{"rendered":"https:\/\/storempss.com\/?post_type=product&#038;p=138577"},"modified":"2025-11-18T16:23:08","modified_gmt":"2025-11-18T16:23:08","slug":"cartes-de-mise-a-jour-navionics","status":"publish","type":"product","link":"https:\/\/mathies-antwerpen.com\/fr\/produit\/cartes-de-mise-a-jour-navionics\/","title":{"rendered":"Cartes de mise \u00e0 jour Navionics+"},"content":{"rendered":"<p><strong>Cartes de mise \u00e0 jour Navionics+<\/strong><\/p>\n<p>Vous poss\u00e9dez d\u00e9j\u00e0 une carte Navionics ? Vous pouvez alors la mettre \u00e0 jour vous-m\u00eame avec les cartes NAVIONICS Update.<\/p>\n<p><strong>Donn\u00e9es du produit<\/strong><\/p>\n<p>EAN \/ code produit<br \/>\n8054242905847<\/p>\n<p>D\u00e9signation<br \/>\nNavionics &#8211; carte mise \u00e0 jour<\/p>\n<p>Type<br \/>\nModule SD\/microSD<\/p>\n","protected":false},"excerpt":{"rendered":"<p>Cartes de mise \u00e0 jour Navionics+ Vous poss\u00e9dez d\u00e9j\u00e0 une carte Navionics ? Vous pouvez alors la mettre \u00e0 jour vous-m\u00eame avec les cartes NAVIONICS Update. Donn\u00e9es du produit EAN \/ code produit 8054242905847 D\u00e9signation Navionics &#8211; carte mise \u00e0 jour Type Module SD\/microSD<\/p>\n","protected":false},"featured_media":139222,"template":"","meta":{"_glsr_average":0,"_glsr_ranking":0,"_glsr_reviews":0},"product_brand":[],"product_cat":[62],"product_tag":[],"class_list":{"0":"post-138577","1":"product","2":"type-product","3":"status-publish","4":"has-post-thumbnail","6":"product_cat-cartes-marines","8":"first","9":"instock","10":"taxable","11":"shipping-taxable","12":"purchasable","13":"product-type-simple"},"_links":{"self":[{"href":"https:\/\/mathies-antwerpen.com\/fr\/wp-json\/wp\/v2\/product\/138577","targetHints":{"allow":["GET"]}}],"collection":[{"href":"https:\/\/mathies-antwerpen.com\/fr\/wp-json\/wp\/v2\/product"}],"about":[{"href":"https:\/\/mathies-antwerpen.com\/fr\/wp-json\/wp\/v2\/types\/product"}],"wp:featuredmedia":[{"embeddable":true,"href":"https:\/\/mathies-antwerpen.com\/fr\/wp-json\/wp\/v2\/media\/139222"}],"wp:attachment":[{"href":"https:\/\/mathies-antwerpen.com\/fr\/wp-json\/wp\/v2\/media?parent=138577"}],"wp:term":[{"taxonomy":"product_brand","embeddable":true,"href":"https:\/\/mathies-antwerpen.com\/fr\/wp-json\/wp\/v2\/product_brand?post=138577"},{"taxonomy":"product_cat","embeddable":true,"href":"https:\/\/mathies-antwerpen.com\/fr\/wp-json\/wp\/v2\/product_cat?post=138577"},{"taxonomy":"product_tag","embeddable":true,"href":"https:\/\/mathies-antwerpen.com\/fr\/wp-json\/wp\/v2\/product_tag?post=138577"}],"curies":[{"name":"wp","href":"https:\/\/api.w.org\/{rel}","templated":true}]}}