{"id":138996,"date":"2025-11-29T20:11:30","date_gmt":"2025-11-29T20:11:30","guid":{"rendered":"https:\/\/storempss.com\/?post_type=product&#038;p=138996"},"modified":"2025-11-29T20:22:45","modified_gmt":"2025-11-29T20:22:45","slug":"emetteur-recepteur-ais-ais700-avec-sotdma-et-separateur","status":"publish","type":"product","link":"https:\/\/mathies-antwerpen.com\/fr\/produit\/emetteur-recepteur-ais-ais700-avec-sotdma-et-separateur\/","title":{"rendered":"AIS \u00c9metteur\/r\u00e9cepteur &#8211; AIS700 avec SOTDMA et s\u00e9parateur"},"content":{"rendered":"<p>RAYMARINE<br \/>\n\u00c9metteur\/r\u00e9cepteur AIS700 avec SOTDMA et s\u00e9parateur<\/p>\n<p>Raymarine AIS700 Transpondeur SOTDMA<\/p>\n<p>Le nouveau transpondeur AIS700 de Raymarine est \u00e9quip\u00e9 de la derni\u00e8re technologie SOTDMA-AIS qui permet d\u2019envoyer et de recevoir des donn\u00e9es AIS \u00e0 plus grande port\u00e9e, avec une puissance d\u2019\u00e9mission de 5 watts. En outre, les transpondeurs SOTDMA-AIS ne peuvent plus \u00eatre supprim\u00e9s par des appareils de classe A. L\u2019AIS700 dispose d\u2019un s\u00e9parateur interne qui permet d\u2019utiliser l\u2019antenne FM existante.<br \/>\nS\u00e9parateur d\u2019antenne interne<\/p>\n<p>\u2022 Technologie AIS SOTDMA avec une puissance d\u2019\u00e9mission de 5 W<br \/>\n\u2022 R\u00e9cepteur GPS 72 canaux int\u00e9gr\u00e9, avec antenne GPS externe (longueur du c\u00e2ble 10 m)<br \/>\n\u2022 NMEA2000 (Micro-C male), NMEA0183 et interface USB<\/p>\n<p>Donn\u00e9es du produit<\/p>\n<p>EAN code \/ code produit<br \/>\n00723193822616<\/p>\n<p>Num\u00e9ro de mod\u00e8le.<br \/>\nE70476<\/p>\n<p>D\u00e9signation<br \/>\n\u00c9metteur-r\u00e9cepteur RAYMARINE AIS700 avec s\u00e9parateur int\u00e9gr\u00e9<\/p>\n<p>Type de communication<br \/>\n\u00c9metteur\/r\u00e9cepteur<\/p>\n<p>Classe<br \/>\nClasse B<\/p>\n<p>SOTDMA capable<br \/>\nOui<\/p>\n<p>Puissance d\u2019\u00e9mission<br \/>\n5 W<\/p>\n<p>S\u00e9parateur VHF int\u00e9gr\u00e9<br \/>\nOui<\/p>\n<p>GPS<br \/>\nOui<\/p>\n<p>NMEA2000<br \/>\nOui<\/p>\n<p>NMEA0183<br \/>\nOui<\/p>\n<p>WiFi<br \/>\nOui<\/p>\n<p>USB<br \/>\nOui<\/p>\n<p>DAB<br \/>\nNon<\/p>\n<p>DVB-T2<br \/>\nNon<\/p>\n<p>Radio FM<br \/>\nOui<\/p>\n<p>Ethernet \/ r\u00e9seau<br \/>\nOui<\/p>\n<p>Emplacement pour carte SD<br \/>\nNon<\/p>\n<p>Saisie du num\u00e9ro MMSI<br \/>\nPar les clients finaux<\/p>\n<p>Contenu<\/p>\n<p>\u2022 Transpondeur AIS700 Class-B SOTDMA AIS<br \/>\n\u2022 Antenne GPS GNSS 72 canaux (avec c\u00e2ble de 10 m)<br \/>\n\u2022 C\u00e2ble d\u2019alimentation\/de donn\u00e9es (2 m \/ 6,56 pieds)<br \/>\n\u2022 C\u00e2ble radio FM (1 m \/ 3,28 pieds)<br \/>\n\u2022 C\u00e2ble adaptateur Micro-C sur SeaTalkNG<br \/>\n\u2022 Joint d\u2019antenne GPS<br \/>\n\u2022 Installation des antennes GPS sur le m\u00e2t<br \/>\n\u2022 Accessoires de montage<br \/>\n\u2022 M5 \u00e9crou et rondelle (mise \u00e0 la terre)<br \/>\n\u2022 Documentation 24 langues<\/p>\n<p>3 ans de garantie du fabricant<br \/>\nLivraison gratuite dans le monde entier<br \/>\nMontage et installation sur demande<\/p>\n<p>&nbsp;<\/p>\n","protected":false},"excerpt":{"rendered":"<p>3 ans de garantie du fabricant<br \/>\nLivraison gratuite dans le monde entier<br \/>\nMontage et installation sur demande<\/p>\n","protected":false},"featured_media":139191,"template":"","meta":{"_glsr_average":0,"_glsr_ranking":0,"_glsr_reviews":0},"product_brand":[],"product_cat":[50],"product_tag":[],"class_list":{"0":"post-138996","1":"product","2":"type-product","3":"status-publish","4":"has-post-thumbnail","6":"product_cat-electronique-gps-navigation","8":"first","9":"instock","10":"taxable","11":"shipping-taxable","12":"purchasable","13":"product-type-simple"},"_links":{"self":[{"href":"https:\/\/mathies-antwerpen.com\/fr\/wp-json\/wp\/v2\/product\/138996","targetHints":{"allow":["GET"]}}],"collection":[{"href":"https:\/\/mathies-antwerpen.com\/fr\/wp-json\/wp\/v2\/product"}],"about":[{"href":"https:\/\/mathies-antwerpen.com\/fr\/wp-json\/wp\/v2\/types\/product"}],"wp:featuredmedia":[{"embeddable":true,"href":"https:\/\/mathies-antwerpen.com\/fr\/wp-json\/wp\/v2\/media\/139191"}],"wp:attachment":[{"href":"https:\/\/mathies-antwerpen.com\/fr\/wp-json\/wp\/v2\/media?parent=138996"}],"wp:term":[{"taxonomy":"product_brand","embeddable":true,"href":"https:\/\/mathies-antwerpen.com\/fr\/wp-json\/wp\/v2\/product_brand?post=138996"},{"taxonomy":"product_cat","embeddable":true,"href":"https:\/\/mathies-antwerpen.com\/fr\/wp-json\/wp\/v2\/product_cat?post=138996"},{"taxonomy":"product_tag","embeddable":true,"href":"https:\/\/mathies-antwerpen.com\/fr\/wp-json\/wp\/v2\/product_tag?post=138996"}],"curies":[{"name":"wp","href":"https:\/\/api.w.org\/{rel}","templated":true}]}}