{"id":139354,"date":"2025-12-07T07:38:11","date_gmt":"2025-12-07T07:38:11","guid":{"rendered":"https:\/\/storempss.com\/?post_type=product&#038;p=139354"},"modified":"2025-12-07T07:46:59","modified_gmt":"2025-12-07T07:46:59","slug":"radar-doppler-quantum-2-q24d-cable-dalimentation-et-de-donnees-15-m","status":"publish","type":"product","link":"https:\/\/mathies-antwerpen.com\/fr\/produit\/radar-doppler-quantum-2-q24d-cable-dalimentation-et-de-donnees-15-m\/","title":{"rendered":"Radar Doppler QUANTUM 2 Q24D \/ c\u00e2ble d\u2019alimentation et de donn\u00e9es 15 m"},"content":{"rendered":"<p><strong>RAYMARINE<\/strong><br \/>\n<strong>Radar Doppler QUANTUM 2 Q24D \/ c\u00e2ble d\u2019alimentation et de donn\u00e9es 15 m<\/strong><\/p>\n<p>L\u2019antenne radar QUANTUM de Raymarine, par FLIR, est la prochaine g\u00e9n\u00e9ration d\u2019antennes radar marines avec technologie CHIRP. Livr\u00e9 avec 15 m de c\u00e2ble d\u2019alimentation et de donn\u00e9es.<\/p>\n<p>\u2022 L\u2019affichage Doppler pour les cibles mobiles permet une excellente \u00e9valuation de la situation en un coup d\u2019\u0153il<br \/>\n\u2022 Suivi automatique des objectifs ARPA avec mode manuel MARPA<br \/>\n\u2022 Parcours cible True Trails ajustable montrant le parcours de d\u00e9placement des contacts mobiles<br \/>\n\u2022 La compression d\u2019impulsions CHIRP d\u00e9tecte les contacts \u00e0 une distance de seulement 18 pieds lors de la navigation sans visibilit\u00e9<br \/>\n\u2022 Autonomie de 24 miles pour la d\u00e9tection pr\u00e9coce du trafic, des aides \u00e0 la navigation, de l\u2019atterrissage et de la m\u00e9t\u00e9o<br \/>\n\u2022 D\u00e9tection instantan\u00e9e &#8211; QUANTUM d\u00e9marre et est op\u00e9rationnel en quelques secondes<br \/>\n\u2022 Excellente suppression des interf\u00e9rences \u00e9liminant le bruit provenant d\u2019autres radars<br \/>\n\u2022 Installation simplifi\u00e9e avec le Wi-Fi<br \/>\n\u2022 Mise \u00e0 niveau facile &#8211; QUANTUM 2 s\u2019adapte au m\u00eame syst\u00e8me de vis que les autres antennes radar Raymarine<br \/>\n\u2022 L\u00e9ger et facile \u00e0 installer &#8211; QUANTUM p\u00e8se jusqu\u2019\u00e0 50\u00a0% de moins que les radars magn\u00e9tron comparables<br \/>\n\u2022 \u00c9missions s\u00fbres &#8211; QUANTUM peut \u00eatre install\u00e9 partout \u00e0 bord<br \/>\n\u2022 Faible consommation d\u2019\u00e9nergie pour une autonomie prolong\u00e9e<\/p>\n<p><strong>Donn\u00e9es techniques<\/strong><\/p>\n<p>Tension de bord:<br \/>\n12 V ou 24 V CC<\/p>\n<p>Nominal\u00a0: 10,8 V CC \/ 31,2 V CC<\/p>\n<p>Consommation \u00e9lectrique:<\/p>\n<p>Mode d\u2019\u00e9mission (maximum)\u00a0: 17 W<\/p>\n<p>Mode veille\u00a0: 7 W<\/p>\n<p>Mode veille (uniquement pour les radars via Wi-Fi)\u00a0: 2 W<\/p>\n<p>R\u00e9sistance \u00e0 l\u2019eau:<br \/>\nIPX6<\/p>\n<p>Dimensions:<br \/>\n541,0 mm x 209,5 mm<\/p>\n<p>Poids:<br \/>\n5,6 kg<\/p>\n<p>\u00c9metteur\u00a0: X-bande \u00e0 semi-conducteurs + technologie de compression d\u2019impulsions<\/p>\n<p>Fr\u00e9quence d\u2019\u00e9mission:<br \/>\n9354 MHz \u00e0 9446 MHz<\/p>\n<p>Puissance maximale:<br \/>\n20 W<\/p>\n<p>Duplexer:<br \/>\ncirculateur<\/p>\n<p>Largeur d\u2019impulsion (3 dB):<br \/>\n4 ns \u00e0 14,7<\/p>\n<p>Longueurs de chirp:<br \/>\n40 ns<\/p>\n<p>Fr\u00e9quence de r\u00e9p\u00e9tition des impulsions:<br \/>\n2083 Hz<\/p>\n<p>Bande passante Chirp:<br \/>\nJusqu\u2019\u00e0 32 MHz<\/p>\n<p>3 Garantie du fabricant<br \/>\nLivraison gratuite dans le monde entier<br \/>\nInstallation possible dans le monde entier.<\/p>\n","protected":false},"excerpt":{"rendered":"<p>3 Garantie du fabricant<br \/>\nLivraison gratuite dans le monde entier<br \/>\nInstallation possible dans le monde entier.<\/p>\n","protected":false},"featured_media":139319,"template":"","meta":{"_glsr_average":0,"_glsr_ranking":0,"_glsr_reviews":0},"product_brand":[],"product_cat":[71],"product_tag":[],"class_list":{"0":"post-139354","1":"product","2":"type-product","3":"status-publish","4":"has-post-thumbnail","6":"product_cat-systemes-radar","8":"first","9":"instock","10":"taxable","11":"shipping-taxable","12":"purchasable","13":"product-type-simple"},"_links":{"self":[{"href":"https:\/\/mathies-antwerpen.com\/fr\/wp-json\/wp\/v2\/product\/139354","targetHints":{"allow":["GET"]}}],"collection":[{"href":"https:\/\/mathies-antwerpen.com\/fr\/wp-json\/wp\/v2\/product"}],"about":[{"href":"https:\/\/mathies-antwerpen.com\/fr\/wp-json\/wp\/v2\/types\/product"}],"wp:featuredmedia":[{"embeddable":true,"href":"https:\/\/mathies-antwerpen.com\/fr\/wp-json\/wp\/v2\/media\/139319"}],"wp:attachment":[{"href":"https:\/\/mathies-antwerpen.com\/fr\/wp-json\/wp\/v2\/media?parent=139354"}],"wp:term":[{"taxonomy":"product_brand","embeddable":true,"href":"https:\/\/mathies-antwerpen.com\/fr\/wp-json\/wp\/v2\/product_brand?post=139354"},{"taxonomy":"product_cat","embeddable":true,"href":"https:\/\/mathies-antwerpen.com\/fr\/wp-json\/wp\/v2\/product_cat?post=139354"},{"taxonomy":"product_tag","embeddable":true,"href":"https:\/\/mathies-antwerpen.com\/fr\/wp-json\/wp\/v2\/product_tag?post=139354"}],"curies":[{"name":"wp","href":"https:\/\/api.w.org\/{rel}","templated":true}]}}