{"id":139491,"date":"2025-12-09T16:59:18","date_gmt":"2025-12-09T16:59:18","guid":{"rendered":"https:\/\/storempss.com\/?post_type=product&#038;p=139491"},"modified":"2025-12-09T17:08:24","modified_gmt":"2025-12-09T17:08:24","slug":"routeur-wi-fi-yachtsense-link","status":"publish","type":"product","link":"https:\/\/mathies-antwerpen.com\/fr\/produit\/routeur-wi-fi-yachtsense-link\/","title":{"rendered":"Routeur Wi-Fi YachtSense Link"},"content":{"rendered":"<p><strong>RAYMARINE<\/strong><br \/>\n<strong>Routeur Wi-Fi YachtSense Link<\/strong><\/p>\n<p>Le routeur YachtSense Link de Raymarine offre un acc\u00e8s Internet fiable \u00e0 l&rsquo;\u00e9quipage, aux \u00e9crans multifonctions, aux smartphones, aux tablettes et aux ordinateurs. La commutation automatique entre les r\u00e9seaux mobiles et le Wi-Fi du port garantit une connexion permanente. Ce routeur est \u00e9galement \u00e9quip\u00e9 de quatre ports Raynet (Ethernet) pour connecter divers \u00e9crans multifonctions.<\/p>\n<p>Sp\u00e9cialement con\u00e7u pour une utilisation \u00e0 bord\u00a0! Le routeur YachtSense Link de Raymarine offre un acc\u00e8s Internet fiable \u00e0 l&rsquo;\u00e9quipage, aux \u00e9crans multifonctions, aux smartphones, aux tablettes et aux ordinateurs. La commutation automatique entre les r\u00e9seaux mobiles et le Wi-Fi du port garantit une connexion permanente. Ce routeur est \u00e9galement \u00e9quip\u00e9 de quatre ports Raynet (Ethernet) pour connecter divers \u00e9crans multifonctions. Gr\u00e2ce \u00e0 l&rsquo;application Raymarine, vous pouvez \u00e9galement acc\u00e9der \u00e0 votre r\u00e9seau \u00e0 distance. Le YachtSense Link dispose \u00e9galement de canaux de commutation\/surveillance num\u00e9riques basse tension pour le contr\u00f4le et la surveillance des \u00e9quipements \u00e9lectriques de bord tels que les pompes, les batteries, l&rsquo;\u00e9clairage, etc.<\/p>\n<p><strong>Installation rapide<\/strong><\/p>\n<p>La configuration initiale du Raymarine YachtSense Link est simple et rapide gr\u00e2ce \u00e0 un \u00e9cran Raymarine AXIOM compatible ou \u00e0 un navigateur web. Vous pouvez par exemple vous connecter par c\u00e2ble \u00e0 l&rsquo;aide du c\u00e2ble r\u00e9seau RayNet vers RJ45 fourni ou sans fil \u00e0 votre ordinateur.<\/p>\n<p><strong>Fonction de g\u00e9orep\u00e9rage<\/strong><\/p>\n<p>Utilisez la fonction de g\u00e9orep\u00e9rage int\u00e9gr\u00e9e qui vous envoie des alertes et des notifications d\u00e8s que votre bateau entre ou sort d&rsquo;une zone de s\u00e9curit\u00e9 pr\u00e9d\u00e9finie. Cette fonction est \u00e9galement disponible en mode \u00e9conomie d&rsquo;\u00e9nergie et n\u00e9cessite un abonnement suppl\u00e9mentaire.<\/p>\n<p>Caract\u00e9ristiques principales :<\/p>\n<p>Connexion haut d\u00e9bit mobile aux r\u00e9seaux 4G (carte SIM et forfait de donn\u00e9es requis)<\/p>\n<p>Compatible avec deux cartes SIM pour une connectivit\u00e9 optimale aux r\u00e9seaux mobiles internationaux<\/p>\n<p>GPS int\u00e9gr\u00e9 avec antenne 4 en 1 (GPS\/GNSS, 3G, 4G et Wi-Fi)<\/p>\n<p>Mode \u00e9conomie d&rsquo;\u00e9nergie avec g\u00e9orep\u00e9rage et surveillance \u00e0 distance (abonnement requis)<\/p>\n<p>Port SeaTalkNG\/NMEA2000<\/p>\n<p>4 canaux de commutation d&rsquo;entr\u00e9e\/sortie num\u00e9riques basse tension<\/p>\n<p>Garantie constructeur de 3 ans<br \/>\nLivraison gratuite dans le monde entier<br \/>\nInstallation disponible dans le monde entier<\/p>\n","protected":false},"excerpt":{"rendered":"<p>Garantie constructeur de 3 ans<br \/>\nLivraison gratuite dans le monde entier<br \/>\nInstallation disponible dans le monde entier<\/p>\n","protected":false},"featured_media":139427,"template":"","meta":{"_glsr_average":0,"_glsr_ranking":0,"_glsr_reviews":0},"product_brand":[],"product_cat":[50],"product_tag":[],"class_list":{"0":"post-139491","1":"product","2":"type-product","3":"status-publish","4":"has-post-thumbnail","6":"product_cat-electronique-gps-navigation","8":"first","9":"instock","10":"taxable","11":"shipping-taxable","12":"purchasable","13":"product-type-simple"},"_links":{"self":[{"href":"https:\/\/mathies-antwerpen.com\/fr\/wp-json\/wp\/v2\/product\/139491","targetHints":{"allow":["GET"]}}],"collection":[{"href":"https:\/\/mathies-antwerpen.com\/fr\/wp-json\/wp\/v2\/product"}],"about":[{"href":"https:\/\/mathies-antwerpen.com\/fr\/wp-json\/wp\/v2\/types\/product"}],"wp:featuredmedia":[{"embeddable":true,"href":"https:\/\/mathies-antwerpen.com\/fr\/wp-json\/wp\/v2\/media\/139427"}],"wp:attachment":[{"href":"https:\/\/mathies-antwerpen.com\/fr\/wp-json\/wp\/v2\/media?parent=139491"}],"wp:term":[{"taxonomy":"product_brand","embeddable":true,"href":"https:\/\/mathies-antwerpen.com\/fr\/wp-json\/wp\/v2\/product_brand?post=139491"},{"taxonomy":"product_cat","embeddable":true,"href":"https:\/\/mathies-antwerpen.com\/fr\/wp-json\/wp\/v2\/product_cat?post=139491"},{"taxonomy":"product_tag","embeddable":true,"href":"https:\/\/mathies-antwerpen.com\/fr\/wp-json\/wp\/v2\/product_tag?post=139491"}],"curies":[{"name":"wp","href":"https:\/\/api.w.org\/{rel}","templated":true}]}}