{"id":139578,"date":"2025-12-11T20:50:59","date_gmt":"2025-12-11T20:50:59","guid":{"rendered":"https:\/\/storempss.com\/?post_type=product&#038;p=139578"},"modified":"2025-12-11T20:57:52","modified_gmt":"2025-12-11T20:57:52","slug":"instrument-multifonction-i70s","status":"publish","type":"product","link":"https:\/\/mathies-antwerpen.com\/fr\/produit\/instrument-multifonction-i70s\/","title":{"rendered":"Instrument multifonction i70s"},"content":{"rendered":"<p>RAYMARINE &#8211; Instrument multifonction i70s<\/p>\n<p>&nbsp;<\/p>\n<p>L&rsquo;instrument multifonction Raymarine i70s vous offre la possibilit\u00e9 d&rsquo;afficher des donn\u00e9es d&rsquo;instrumentation et de navigation.<\/p>\n<p>Caract\u00e9ristiques principales<\/p>\n<p>\u2022 \u00c9cran LCD surdimensionn\u00e9 de 4,1 pouces ultra-lumineux pour une visibilit\u00e9 optimale<\/p>\n<p>\u2022 Technologie d&rsquo;affichage tous temps \u00e0 collage optique offrant des couleurs \u00e9clatantes, un contraste net et un large angle de vision<\/p>\n<p>\u2022 Nouveau design Glass Bridge compl\u00e9tant les \u00e9crans multifonctions des s\u00e9ries Raymarine eS et gS<\/p>\n<p>\u2022 Interface intuitive avec clavier en caoutchouc moul\u00e9 pour une utilisation pr\u00e9cise en toutes conditions<\/p>\n<p>\u2022 Affichage personnalisable des donn\u00e9es de profondeur, vitesse, vent et plus encore<\/p>\n<p>\u2022 Compatible avec le r\u00e9seau SeaTalkng pour une connectivit\u00e9 optimale avec les syst\u00e8mes Raymarine et les r\u00e9seaux NMEA2000*<\/p>\n<p>\u2022 Connectivit\u00e9 NMEA2000* pour les donn\u00e9es moteur, environnementales, de carburant et de navigation<\/p>\n<p>\u2022 Mode r\u00e9cepteur AIS pratique pour le suivi visuel des cibles AIS \u00e0 proximit\u00e9<\/p>\n<p>\u2022 Associez l&rsquo;i70s au convertisseur de transducteur ITC-5 et connectez des transducteurs analogiques de profondeur, de vitesse et de vent<\/p>\n<p>\u2022 Connectez l&rsquo;i70s \u00e0 un transducteur Airmar DST800 et au nouveau transducteur intelligent int\u00e9gr\u00e9 P79s<\/p>\n<p>\u2022 Disponible en noir (design s\u00e9rie eS) et argent (Design s\u00e9rie e) Fa\u00e7ades avant et couvercle de protection<\/p>\n<p>&nbsp;<\/p>\n<p>R\u00e9seau<br \/>\nLe Raymarine i70s permet la connexion aux r\u00e9seaux embarqu\u00e9s suivants\u00a0:<\/p>\n<p>\u2022 R\u00e9seaux SeaTalk de premi\u00e8re g\u00e9n\u00e9ration via un c\u00e2ble adaptateur SeaTalk vers SeaTalkng<\/p>\n<p>R\u00e9seaux SeaTalkng de g\u00e9n\u00e9ration actuelle<\/p>\n<p>\u2022 R\u00e9seaux NMEA2000 via un adaptateur SeaTalkng DeviceNet<\/p>\n<p>\u2022 Outre ses capacit\u00e9s de mise en r\u00e9seau flexibles, l\u2019i70s offre des sources de donn\u00e9es s\u00e9lectionnables par l\u2019utilisateur pour l\u2019int\u00e9gration dans des r\u00e9seaux multi-capteurs.<\/p>\n<p>&nbsp;<\/p>\n<p>R\u00e9cepteur AIS<\/p>\n<p>Re\u00e7oit les donn\u00e9es AIS d\u2019un r\u00e9cepteur AIS NMEA2000 connect\u00e9 et affiche les 25 cibles les plus proches. La s\u00e9lection d\u2019une cible affiche les donn\u00e9es du navire correspondant.<\/p>\n<p>Connexion du transducteur<\/p>\n<p>Connectez l\u2019instrument i70s au convertisseur de transducteur innovant ITC-5 pour une int\u00e9gration transparente des transducteurs analogiques. L\u2019i70s fournit la profondeur, le vent, la vitesse, les relev\u00e9s de compas et la position du gouvernail. Il peut \u00e9galement \u00eatre utilis\u00e9 avec les transducteurs actifs Airmar DST800 et p79s. Transducteurs.<\/p>\n<p>Garantie constructeur de 3 ans.<br \/>\nLivraison gratuite dans le monde entier.<br \/>\nInstallation disponible dans le monde entier.<\/p>\n","protected":false},"excerpt":{"rendered":"<p>Garantie constructeur de 3 ans.<br \/>\nLivraison gratuite dans le monde entier.<br \/>\nInstallation disponible dans le monde entier.<\/p>\n","protected":false},"featured_media":139531,"template":"","meta":{"_glsr_average":0,"_glsr_ranking":0,"_glsr_reviews":0},"product_brand":[],"product_cat":[50],"product_tag":[],"class_list":{"0":"post-139578","1":"product","2":"type-product","3":"status-publish","4":"has-post-thumbnail","6":"product_cat-electronique-gps-navigation","8":"first","9":"instock","10":"taxable","11":"shipping-taxable","12":"purchasable","13":"product-type-simple"},"_links":{"self":[{"href":"https:\/\/mathies-antwerpen.com\/fr\/wp-json\/wp\/v2\/product\/139578","targetHints":{"allow":["GET"]}}],"collection":[{"href":"https:\/\/mathies-antwerpen.com\/fr\/wp-json\/wp\/v2\/product"}],"about":[{"href":"https:\/\/mathies-antwerpen.com\/fr\/wp-json\/wp\/v2\/types\/product"}],"wp:featuredmedia":[{"embeddable":true,"href":"https:\/\/mathies-antwerpen.com\/fr\/wp-json\/wp\/v2\/media\/139531"}],"wp:attachment":[{"href":"https:\/\/mathies-antwerpen.com\/fr\/wp-json\/wp\/v2\/media?parent=139578"}],"wp:term":[{"taxonomy":"product_brand","embeddable":true,"href":"https:\/\/mathies-antwerpen.com\/fr\/wp-json\/wp\/v2\/product_brand?post=139578"},{"taxonomy":"product_cat","embeddable":true,"href":"https:\/\/mathies-antwerpen.com\/fr\/wp-json\/wp\/v2\/product_cat?post=139578"},{"taxonomy":"product_tag","embeddable":true,"href":"https:\/\/mathies-antwerpen.com\/fr\/wp-json\/wp\/v2\/product_tag?post=139578"}],"curies":[{"name":"wp","href":"https:\/\/api.w.org\/{rel}","templated":true}]}}