{"id":139680,"date":"2025-12-13T17:24:36","date_gmt":"2025-12-13T17:24:36","guid":{"rendered":"https:\/\/storempss.com\/?post_type=product&#038;p=139680"},"modified":"2025-12-13T17:28:36","modified_gmt":"2025-12-13T17:28:36","slug":"pilote-de-pince-pilote-automatique-ev-100","status":"publish","type":"product","link":"https:\/\/mathies-antwerpen.com\/fr\/produit\/pilote-de-pince-pilote-automatique-ev-100\/","title":{"rendered":"Pilote de pince \/ pilote automatique EV-100"},"content":{"rendered":"<p>RAYMARINE<br \/>\nPilote de pince \/ pilote automatique EV-100<\/p>\n<p>Le EV-100 Pinnenpilot \/ Autopilot est un pilote automatique parfait pour les yachts pilot\u00e9s par broches<\/p>\n<p>Le EV-100 est un pilote automatique parfait pour les yachts pilot\u00e9s par pivot jusqu\u2019\u00e0 6 t de d\u00e9placement, longueur du bateau id\u00e9ale jusqu\u2019\u00e0 11 m.<br \/>\nAvec le nouveau pilote automatique EV-100 de Raymarine, piloter votre bateau n\u2019a jamais \u00e9t\u00e9 aussi simple. Aucun \u00e9talonnage complexe n\u2019est plus n\u00e9cessaire. Gr\u00e2ce au capteur VE intelligent, le pilote automatique surveille tous les mouvements du navire dans toutes les directions et adapte automatiquement la commande aux conditions de la mer sans que l\u2019utilisateur n\u2019ait \u00e0 effectuer d\u2019autres r\u00e9glages. Un autre grand avantage du pilote automatique est la flexibilit\u00e9 de l\u2019installation. Pendant que vous installez l\u2019unit\u00e9 de commande l\u00e0 o\u00f9 elle est le plus facile \u00e0 atteindre, vous pouvez installer le capteur EV l\u00e0 o\u00f9 cela vous convient le mieux. Que ce soit au-dessus ou en dessous du pont, le noyau du capteur est prot\u00e9g\u00e9 contre les infiltrations d\u2019eau selon IPx6 et IPx7. Les diff\u00e9rents composants peuvent \u00eatre facilement reli\u00e9s entre eux via SeatalkNG (NMEA2000). Les c\u00e2bles n\u00e9cessaires sont fournis.<\/p>\n<p>\u2022 Possibilit\u00e9 de connecter d\u2019autres unit\u00e9s de commande via le r\u00e9seau SeaTalkng<br \/>\n\u2022 unit\u00e9 d\u2019entra\u00eenement compacte et r\u00e9sistante, puissante<\/p>\n<p>Contenu<\/p>\n<p>\u2022 Unit\u00e9 d\u2019entra\u00eenement de commande de m\u00e2t S1<br \/>\n\u2022 Unit\u00e9 de commande du pilote automatique p70s<br \/>\n\u2022 Unit\u00e9 de contr\u00f4le d\u2019entra\u00eenement ACU-100<br \/>\n\u2022 Capteur EV-1<br \/>\n\u2022 1 c\u00e2ble d\u2019alimentation SeaTalkng<br \/>\n\u2022 1 c\u00e2ble backbone SeaTalkng (5 m)<br \/>\n\u2022 1 c\u00e2ble de voie SeaTalkng (1,0 m)<br \/>\n\u2022 1 connecteur 5 voies SeaTalkng<br \/>\n\u2022 2 pi\u00e8ces en T SeaTalkng<br \/>\n\u2022 2 x SeaTalkng Terminator<\/p>\n<p>3 Garantie du fabricant<br \/>\nLivraison gratuite dans le monde entier<br \/>\nInstallation possible dans le monde entier<\/p>\n","protected":false},"excerpt":{"rendered":"<p>3 Garantie du fabricant<br \/>\nLivraison gratuite dans le monde entier<br \/>\nInstallation possible dans le monde entier<\/p>\n","protected":false},"featured_media":139629,"template":"","meta":{"_glsr_average":0,"_glsr_ranking":0,"_glsr_reviews":0},"product_brand":[],"product_cat":[50],"product_tag":[],"class_list":{"0":"post-139680","1":"product","2":"type-product","3":"status-publish","4":"has-post-thumbnail","6":"product_cat-electronique-gps-navigation","8":"first","9":"instock","10":"taxable","11":"shipping-taxable","12":"purchasable","13":"product-type-simple"},"_links":{"self":[{"href":"https:\/\/mathies-antwerpen.com\/fr\/wp-json\/wp\/v2\/product\/139680","targetHints":{"allow":["GET"]}}],"collection":[{"href":"https:\/\/mathies-antwerpen.com\/fr\/wp-json\/wp\/v2\/product"}],"about":[{"href":"https:\/\/mathies-antwerpen.com\/fr\/wp-json\/wp\/v2\/types\/product"}],"wp:featuredmedia":[{"embeddable":true,"href":"https:\/\/mathies-antwerpen.com\/fr\/wp-json\/wp\/v2\/media\/139629"}],"wp:attachment":[{"href":"https:\/\/mathies-antwerpen.com\/fr\/wp-json\/wp\/v2\/media?parent=139680"}],"wp:term":[{"taxonomy":"product_brand","embeddable":true,"href":"https:\/\/mathies-antwerpen.com\/fr\/wp-json\/wp\/v2\/product_brand?post=139680"},{"taxonomy":"product_cat","embeddable":true,"href":"https:\/\/mathies-antwerpen.com\/fr\/wp-json\/wp\/v2\/product_cat?post=139680"},{"taxonomy":"product_tag","embeddable":true,"href":"https:\/\/mathies-antwerpen.com\/fr\/wp-json\/wp\/v2\/product_tag?post=139680"}],"curies":[{"name":"wp","href":"https:\/\/api.w.org\/{rel}","templated":true}]}}