{"id":139718,"date":"2025-12-16T15:10:43","date_gmt":"2025-12-16T15:10:43","guid":{"rendered":"https:\/\/storempss.com\/?post_type=product&#038;p=139718"},"modified":"2025-12-17T10:21:09","modified_gmt":"2025-12-17T10:21:09","slug":"autopilot-ev-dbw-volvo-edition","status":"publish","type":"product","link":"https:\/\/mathies-antwerpen.com\/fr\/produit\/autopilot-ev-dbw-volvo-edition\/","title":{"rendered":"Autopilot EV-DBW Volvo Edition"},"content":{"rendered":"<p>Raymarine<br \/>\n<strong>Auto Pilot EV-DBW Volvo Edition<\/strong><\/p>\n<p>Le pilote automatique num\u00e9rique EV-DBW Pilot est con\u00e7u pour les bateaux avec commande \u00e9lectronique drive-by-wire. La Volvo Edition doit \u00eatre consid\u00e9r\u00e9e comme une unit\u00e9 compl\u00e8te, ce qui inclut le mat\u00e9riel et les c\u00e2bles n\u00e9cessaires. Cela garantit que le montage sur un syst\u00e8me de transmission Volvo Penta IPS ou Aquamatic est facile.<\/p>\n<p>Une commande fiable du pilote automatique est assur\u00e9e par la technologie de capteur EV 2, car seule cette pr\u00e9cision permet un \u00e9change de donn\u00e9es via une communication bus CAN.<\/p>\n<p>Ce pack sp\u00e9cial SET EV-DBW Volvo Edition contient:<\/p>\n<p>\u2022 Unit\u00e9 de commande du pilote automatique p70Rs rotative<br \/>\n\u2022 Noyau de capteur EV-2<br \/>\n\u2022 Interface de commande sous l\u2019impl\u00e9mentation pour le moteur ECI-100<br \/>\n\u2022 C\u00e2ble Volvo EVC-Link<br \/>\n\u2022 Faisceau de c\u00e2bles Volvo Y<br \/>\n\u2022 Jeu de c\u00e2bles Evolution<\/p>\n<p>EV-DBW Volvo Edition Pilot &#8211; Des points qui parlent d\u2019eux-m\u00eames.<\/p>\n<p>\u2022 Compatible avec les syst\u00e8mes d\u2019entra\u00eenement et de commande Volvo Penta IPS et Aquamatic.<br \/>\n\u2022 Interface de donn\u00e9es machine et c\u00e2blage sp\u00e9cifique Volvo inclus.<br \/>\n\u2022 SeaTalkNG\/NMEA2000 pour la mise en r\u00e9seau avec les instruments et les traceurs.<br \/>\n\u2022 L\u2019installation et\/ou le calibrage du pilote automatique ne sont pas n\u00e9cessaires.<br \/>\n\u2022 Contient le noyau de capteur EV-2.<br \/>\n\u2022 Capteur intelligent \u00e0 9 axes.<br \/>\n\u2022 L\u2019adaptation et le d\u00e9veloppement des conditions maritimes changeantes et de la dynamique des navires.<\/p>\n<p>3 Garantie du fabricant<br \/>\nLivraison gratuite dans le monde entier<br \/>\nInstallation possible dans le monde entier<\/p>\n","protected":false},"excerpt":{"rendered":"<p>3 Garantie du fabricant<br \/>\nLivraison gratuite dans le monde entier<br \/>\nInstallation possible dans le monde entier<\/p>\n","protected":false},"featured_media":139726,"template":"","meta":{"_glsr_average":0,"_glsr_ranking":0,"_glsr_reviews":0},"product_brand":[],"product_cat":[50],"product_tag":[],"class_list":{"0":"post-139718","1":"product","2":"type-product","3":"status-publish","4":"has-post-thumbnail","6":"product_cat-electronique-gps-navigation","8":"first","9":"instock","10":"taxable","11":"shipping-taxable","12":"purchasable","13":"product-type-simple"},"_links":{"self":[{"href":"https:\/\/mathies-antwerpen.com\/fr\/wp-json\/wp\/v2\/product\/139718","targetHints":{"allow":["GET"]}}],"collection":[{"href":"https:\/\/mathies-antwerpen.com\/fr\/wp-json\/wp\/v2\/product"}],"about":[{"href":"https:\/\/mathies-antwerpen.com\/fr\/wp-json\/wp\/v2\/types\/product"}],"wp:featuredmedia":[{"embeddable":true,"href":"https:\/\/mathies-antwerpen.com\/fr\/wp-json\/wp\/v2\/media\/139726"}],"wp:attachment":[{"href":"https:\/\/mathies-antwerpen.com\/fr\/wp-json\/wp\/v2\/media?parent=139718"}],"wp:term":[{"taxonomy":"product_brand","embeddable":true,"href":"https:\/\/mathies-antwerpen.com\/fr\/wp-json\/wp\/v2\/product_brand?post=139718"},{"taxonomy":"product_cat","embeddable":true,"href":"https:\/\/mathies-antwerpen.com\/fr\/wp-json\/wp\/v2\/product_cat?post=139718"},{"taxonomy":"product_tag","embeddable":true,"href":"https:\/\/mathies-antwerpen.com\/fr\/wp-json\/wp\/v2\/product_tag?post=139718"}],"curies":[{"name":"wp","href":"https:\/\/api.w.org\/{rel}","templated":true}]}}