{"id":139839,"date":"2025-12-20T15:59:04","date_gmt":"2025-12-20T15:59:04","guid":{"rendered":"https:\/\/storempss.com\/?post_type=product&#038;p=139839"},"modified":"2025-12-20T16:04:13","modified_gmt":"2025-12-20T16:04:13","slug":"radar-de-compression-dimpulsions-halo20","status":"publish","type":"product","link":"https:\/\/mathies-antwerpen.com\/fr\/produit\/radar-de-compression-dimpulsions-halo20\/","title":{"rendered":"Radar de compression d\u2019impulsions HALO20"},"content":{"rendered":"<p><strong>B&amp;G<\/strong><br \/>\n<strong>Radar de compression d\u2019impulsions HALO20<\/strong><\/p>\n<p>Avec le radar de compression d\u2019impulsions HALO20 de B&amp;G, vous am\u00e9liorez votre connaissance de la situation et r\u00e9duisez les risques de collision en d\u00e9tectant et en affichant de mani\u00e8re fiable les dangers et autres cibles dans un rayon allant jusqu\u2019\u00e0 24 milles nautiques. Gr\u00e2ce \u00e0 son bo\u00eetier compact et \u00e0 son excellent rapport qualit\u00e9-prix, ce radar est la solution id\u00e9ale pour les acheteurs soucieux de leur budget. Livr\u00e9 avec 20 m de c\u00e2ble radar<\/p>\n<p><strong>Caract\u00e9ristiques<\/strong><\/p>\n<p>\u2022 D\u00f4me l\u00e9ger et compact<br \/>\n\u2022 Permet d\u2019atteindre jusqu\u2019\u00e0 24 milles nautiques<br \/>\n\u2022 Technologie avanc\u00e9e de compression des impulsions<br \/>\n\u2022 Utilisation simple<br \/>\n\u2022 Suivi des objectifs MARPA (jusqu\u2019\u00e0 10 objectifs)<br \/>\n\u2022 Pr\u00eat d\u00e8s la sortie du mode veille<br \/>\n\u2022 Fonction permettant de masquer les secteurs<br \/>\n\u2022 Livr\u00e9 avec 20 m de c\u00e2ble radar et 1,5 m d\u2019adaptateur RJ45 vers Ethernet<\/p>\n<p><strong>Donn\u00e9es techniques<\/strong><\/p>\n<p>tension<br \/>\n9 &#8211; 31,2 V CC<\/p>\n<p>Consommation \u00e9lectrique<br \/>\n17 &#8211; 20 W @ 13,8 V<\/p>\n<p>Consommation \u00e9lectrique<br \/>\n(Standby) 3,9 W<\/p>\n<p>Plage de temp\u00e9rature<br \/>\n-25 \u00e0 +55 \u00b0C<\/p>\n<p>\u00c9tanche<br \/>\nIPX6<\/p>\n<p>Dimensions<br \/>\n\u00d8 510 mm x H 223 mm<\/p>\n<p>Vitesse relative maximale du vent<br \/>\n51 m\/s (100 n\u0153uds)<\/p>\n<p>Port\u00e9e<br \/>\n100 m \u00e0 24 sm<\/p>\n<p>Port\u00e9e minimale<br \/>\n6 m<\/p>\n<p>Rotation<br \/>\n20 &#8211; 24 tr\/min<\/p>\n<p>Puissance de sortie de l\u2019\u00e9metteur<br \/>\n10 W<\/p>\n<p>Fr\u00e9quence de r\u00e9p\u00e9tition<br \/>\n700 &#8211; 2400 Hz<\/p>\n<p>Bande passante max.<br \/>\n48 MHz<\/p>\n<p>C\u00e2ble de donn\u00e9es<br \/>\nEthernet<\/p>\n<p>Longueur maximale du c\u00e2ble de donn\u00e9es<br \/>\n30 m<\/p>\n<p>3 Garantie du fabricant<br \/>\nLivraison gratuite dans le monde entier<br \/>\nInstallation possible dans le monde entier<\/p>\n","protected":false},"excerpt":{"rendered":"<p>3 Garantie du fabricant<br \/>\nLivraison gratuite dans le monde entier<br \/>\nInstallation possible dans le monde entier<\/p>\n","protected":false},"featured_media":139808,"template":"","meta":{"_glsr_average":0,"_glsr_ranking":0,"_glsr_reviews":0},"product_brand":[],"product_cat":[71],"product_tag":[],"class_list":{"0":"post-139839","1":"product","2":"type-product","3":"status-publish","4":"has-post-thumbnail","6":"product_cat-systemes-radar","8":"first","9":"instock","10":"taxable","11":"shipping-taxable","12":"purchasable","13":"product-type-simple"},"_links":{"self":[{"href":"https:\/\/mathies-antwerpen.com\/fr\/wp-json\/wp\/v2\/product\/139839","targetHints":{"allow":["GET"]}}],"collection":[{"href":"https:\/\/mathies-antwerpen.com\/fr\/wp-json\/wp\/v2\/product"}],"about":[{"href":"https:\/\/mathies-antwerpen.com\/fr\/wp-json\/wp\/v2\/types\/product"}],"wp:featuredmedia":[{"embeddable":true,"href":"https:\/\/mathies-antwerpen.com\/fr\/wp-json\/wp\/v2\/media\/139808"}],"wp:attachment":[{"href":"https:\/\/mathies-antwerpen.com\/fr\/wp-json\/wp\/v2\/media?parent=139839"}],"wp:term":[{"taxonomy":"product_brand","embeddable":true,"href":"https:\/\/mathies-antwerpen.com\/fr\/wp-json\/wp\/v2\/product_brand?post=139839"},{"taxonomy":"product_cat","embeddable":true,"href":"https:\/\/mathies-antwerpen.com\/fr\/wp-json\/wp\/v2\/product_cat?post=139839"},{"taxonomy":"product_tag","embeddable":true,"href":"https:\/\/mathies-antwerpen.com\/fr\/wp-json\/wp\/v2\/product_tag?post=139839"}],"curies":[{"name":"wp","href":"https:\/\/api.w.org\/{rel}","templated":true}]}}