{"id":139869,"date":"2025-12-20T16:45:06","date_gmt":"2025-12-20T16:45:06","guid":{"rendered":"https:\/\/storempss.com\/?post_type=product&#038;p=139869"},"modified":"2025-12-20T16:49:28","modified_gmt":"2025-12-20T16:49:28","slug":"radar-de-compression-dimpulsions-doppler-halo24","status":"publish","type":"product","link":"https:\/\/mathies-antwerpen.com\/fr\/produit\/radar-de-compression-dimpulsions-doppler-halo24\/","title":{"rendered":"Radar de compression d\u2019impulsions Doppler HALO24"},"content":{"rendered":"<p><strong>B&amp;G<\/strong><br \/>\n<strong>Radar de compression d\u2019impulsions Doppler HALO24<\/strong><\/p>\n<p>Le radar de compression d\u2019impulsions HALO24 de B&amp;G utilise la technologie novatrice VelocityTrack Doppler pour identifier imm\u00e9diatement les dangers \u00e0 courte et longue distance. Avec une vitesse de rotation imbattable allant jusqu\u2019\u00e0 60 tr\/min, l\u2019antenne radar 24&Prime; offre une vue quasi en temps r\u00e9el et vous permet d\u2019avoir une visibilit\u00e9 optimale pour \u00e9viter les collisions<\/p>\n<p><strong>Caract\u00e9ristiques<\/strong><\/p>\n<p>\u2022 Port\u00e9e de 48 sm<br \/>\n\u2022 D\u00f4me compact 24&Prime; avec luminaires LED int\u00e9gr\u00e9s<br \/>\n\u2022 Technologie avanc\u00e9e de compression des impulsions avec accentuation du faisceau<br \/>\n\u2022 Le mode Dual Range d\u00e9tecte les dangers \u00e0 la fois dans les zones proches et lointaines<br \/>\n\u2022 Fonctionnement ultra-rapide \u00e0 60 tr\/min pour des port\u00e9es allant jusqu\u2019\u00e0 2 sm<br \/>\n\u2022 La technologie Doppler VelocityTrackTM permet d\u2019\u00e9viter les collisions de mani\u00e8re optimale<br \/>\n\u2022 Utilisation simple avec les esp\u00e8ces de ports, offshore, m\u00e9t\u00e9orologiques et d\u2019oiseaux<br \/>\n\u2022 MARPA suivi des objectifs (jusqu\u2019\u00e0 10 objectifs, 20 dans la zone double).<br \/>\n\u2022 Le radar peut \u00eatre utilis\u00e9 imm\u00e9diatement, m\u00eame en mode veille<\/p>\n<p><strong>Donn\u00e9es techniques<\/strong><\/p>\n<p>tension<br \/>\n9 &#8211; 31,2 V CC<\/p>\n<p>Consommation \u00e9lectrique<br \/>\n14,5 &#8211; 27 W \u00e0 13,8 V CC<\/p>\n<p>Consommation \u00e9lectrique (veille)<br \/>\n3,9 W \u00e0 13,8 V CC<\/p>\n<p>Plage de temp\u00e9rature<br \/>\n-25\u00b0 \u00e0 +55\u00b0C<\/p>\n<p>\u00c9tanche<br \/>\nIPX6<\/p>\n<p>Dimensions<br \/>\n\u00d8 610 mm x H 225 mm<\/p>\n<p>Vitesse relative maximale du vent<br \/>\n51 m\/s (100 n\u0153uds)<\/p>\n<p>Port\u00e9e<br \/>\n100 m \u00e0 48 sm<\/p>\n<p>Port\u00e9e minimale<br \/>\n6 m<\/p>\n<p>Rotation<br \/>\n20 &#8211; 60 tr\/min<\/p>\n<p>Puissance de sortie de l\u2019\u00e9metteur<br \/>\n25 W<\/p>\n<p>Fr\u00e9quence de r\u00e9p\u00e9tition<br \/>\n700 &#8211; 2400 Hz<\/p>\n<p>Bande passante max.<br \/>\n48 MHz<\/p>\n<p>C\u00e2ble de donn\u00e9es<br \/>\nEthernet<\/p>\n<p>Longueur maximale du c\u00e2ble de donn\u00e9es<br \/>\n30 m<\/p>\n<p>3 Garantie du fabricant<br \/>\nLivraison gratuite dans le monde entier<br \/>\nInstallation possible dans le monde entier<\/p>\n","protected":false},"excerpt":{"rendered":"<p>3 Garantie du fabricant<br \/>\nLivraison gratuite dans le monde entier<br \/>\nInstallation possible dans le monde entier<\/p>\n","protected":false},"featured_media":139808,"template":"","meta":{"_glsr_average":0,"_glsr_ranking":0,"_glsr_reviews":0},"product_brand":[],"product_cat":[71],"product_tag":[],"class_list":{"0":"post-139869","1":"product","2":"type-product","3":"status-publish","4":"has-post-thumbnail","6":"product_cat-systemes-radar","8":"first","9":"instock","10":"taxable","11":"shipping-taxable","12":"purchasable","13":"product-type-simple"},"_links":{"self":[{"href":"https:\/\/mathies-antwerpen.com\/fr\/wp-json\/wp\/v2\/product\/139869","targetHints":{"allow":["GET"]}}],"collection":[{"href":"https:\/\/mathies-antwerpen.com\/fr\/wp-json\/wp\/v2\/product"}],"about":[{"href":"https:\/\/mathies-antwerpen.com\/fr\/wp-json\/wp\/v2\/types\/product"}],"wp:featuredmedia":[{"embeddable":true,"href":"https:\/\/mathies-antwerpen.com\/fr\/wp-json\/wp\/v2\/media\/139808"}],"wp:attachment":[{"href":"https:\/\/mathies-antwerpen.com\/fr\/wp-json\/wp\/v2\/media?parent=139869"}],"wp:term":[{"taxonomy":"product_brand","embeddable":true,"href":"https:\/\/mathies-antwerpen.com\/fr\/wp-json\/wp\/v2\/product_brand?post=139869"},{"taxonomy":"product_cat","embeddable":true,"href":"https:\/\/mathies-antwerpen.com\/fr\/wp-json\/wp\/v2\/product_cat?post=139869"},{"taxonomy":"product_tag","embeddable":true,"href":"https:\/\/mathies-antwerpen.com\/fr\/wp-json\/wp\/v2\/product_tag?post=139869"}],"curies":[{"name":"wp","href":"https:\/\/api.w.org\/{rel}","templated":true}]}}