{"id":140018,"date":"2025-12-27T16:43:44","date_gmt":"2025-12-27T16:43:44","guid":{"rendered":"https:\/\/storempss.com\/?post_type=product&#038;p=140018"},"modified":"2025-12-27T16:48:30","modified_gmt":"2025-12-27T16:48:30","slug":"radar-cyclone-pro-121-cm","status":"publish","type":"product","link":"https:\/\/mathies-antwerpen.com\/fr\/produit\/radar-cyclone-pro-121-cm\/","title":{"rendered":"Radar CYCLONE PRO \/ 121 cm"},"content":{"rendered":"<p><strong>RAYMARINE<\/strong><br \/>\n<strong>Radar CYCLONE PRO \/ 121 cm<\/strong><\/p>\n<p>Avec le radar Cyclone Pro de Raymarine, vous b\u00e9n\u00e9ficiez d\u2019une connaissance in\u00e9gal\u00e9e de la situation et naviguez en toute s\u00e9curit\u00e9 sur les voies navigables tr\u00e8s fr\u00e9quent\u00e9es. Il dispose de diff\u00e9rentes technologies innovantes et convainc par une imagerie rapide de 60 tr\/min. Puissance\u00a0: 110 W.<\/p>\n<p>Extr\u00eamement r\u00e9sistant<br \/>\nLe radar peut \u00eatre utilis\u00e9 jusqu\u2019\u00e0 100 kn de vent, ce qui lui permet de r\u00e9sister aux conditions m\u00e9t\u00e9orologiques extr\u00eames.<\/p>\n<p>Vue panoramique \u00e0 360\u00b0<br \/>\nGr\u00e2ce \u00e0 la vitesse de rotation \u00e9lev\u00e9e de 60 tr\/min, vous b\u00e9n\u00e9ficiez d\u2019un suivi pr\u00e9cis de votre cible et d\u2019une connaissance fiable de la situation \u00e0 360\u00b0.<\/p>\n<p>Suivi des objectifs Doppler et ARPA<br \/>\nLa fonction Doppler int\u00e9gr\u00e9e permet de distinguer facilement les cibles dangereuses des cibles s\u00fbres. La technologie ARPA permet \u00e9galement un suivi professionnel de jusqu\u2019\u00e0 50 cibles avec la m\u00eame technologie ARPA avanc\u00e9e.<\/p>\n<p>Technologie RangeFusion<br \/>\nLa technologie RangeFusion combine des impulsions courtes et longues en une seule image radar haute r\u00e9solution, tout en fournissant des cibles exceptionnelles \u00e0 courte et longue port\u00e9e.<\/p>\n<p>Assistance sp\u00e9ciale pour les p\u00eacheurs<br \/>\nUn autre avantage de la s\u00e9rie Cyclone Pro est que les performances peuvent \u00eatre adapt\u00e9es sp\u00e9cifiquement \u00e0 la localisation des bancs d\u2019oiseaux. Cette m\u00e9thode intelligente permet d\u2019optimiser les r\u00e9glages de gain et de syntonisation pour la d\u00e9tection des oiseaux marins \u00e9loign\u00e9s.<\/p>\n<p>Faible hauteur totale et installation propre<br \/>\nLe projecteur \u00e0 fente convainc \u00e9galement par sa faible hauteur de montage de seulement 335 mm. En outre, le pied de l\u2019antenne dispose d\u2019un passage de c\u00e2ble int\u00e9gr\u00e9 qui permet de dissimuler proprement tous les raccordements des c\u00e2bles.<\/p>\n<p>3 Garantie du fabricant<br \/>\nLivraison gratuite dans le monde entier<br \/>\nInstallation possible dans le monde entier<\/p>\n","protected":false},"excerpt":{"rendered":"<p>3 Garantie du fabricant<br \/>\nLivraison gratuite dans le monde entier<br \/>\nInstallation possible dans le monde entier<\/p>\n","protected":false},"featured_media":139971,"template":"","meta":{"_glsr_average":0,"_glsr_ranking":0,"_glsr_reviews":0},"product_brand":[],"product_cat":[71],"product_tag":[],"class_list":{"0":"post-140018","1":"product","2":"type-product","3":"status-publish","4":"has-post-thumbnail","6":"product_cat-systemes-radar","8":"first","9":"instock","10":"taxable","11":"shipping-taxable","12":"purchasable","13":"product-type-simple"},"_links":{"self":[{"href":"https:\/\/mathies-antwerpen.com\/fr\/wp-json\/wp\/v2\/product\/140018","targetHints":{"allow":["GET"]}}],"collection":[{"href":"https:\/\/mathies-antwerpen.com\/fr\/wp-json\/wp\/v2\/product"}],"about":[{"href":"https:\/\/mathies-antwerpen.com\/fr\/wp-json\/wp\/v2\/types\/product"}],"wp:featuredmedia":[{"embeddable":true,"href":"https:\/\/mathies-antwerpen.com\/fr\/wp-json\/wp\/v2\/media\/139971"}],"wp:attachment":[{"href":"https:\/\/mathies-antwerpen.com\/fr\/wp-json\/wp\/v2\/media?parent=140018"}],"wp:term":[{"taxonomy":"product_brand","embeddable":true,"href":"https:\/\/mathies-antwerpen.com\/fr\/wp-json\/wp\/v2\/product_brand?post=140018"},{"taxonomy":"product_cat","embeddable":true,"href":"https:\/\/mathies-antwerpen.com\/fr\/wp-json\/wp\/v2\/product_cat?post=140018"},{"taxonomy":"product_tag","embeddable":true,"href":"https:\/\/mathies-antwerpen.com\/fr\/wp-json\/wp\/v2\/product_tag?post=140018"}],"curies":[{"name":"wp","href":"https:\/\/api.w.org\/{rel}","templated":true}]}}