{"id":140070,"date":"2025-12-28T15:40:26","date_gmt":"2025-12-28T15:40:26","guid":{"rendered":"https:\/\/storempss.com\/?post_type=product&#038;p=140070"},"modified":"2025-12-28T15:47:46","modified_gmt":"2025-12-28T15:47:46","slug":"systeme-de-vent-sans-fil-i70s-dst800","status":"publish","type":"product","link":"https:\/\/mathies-antwerpen.com\/fr\/produit\/systeme-de-vent-sans-fil-i70s-dst800\/","title":{"rendered":"Syst\u00e8me de vent sans fil i70s + DST800"},"content":{"rendered":"<p><strong>RAYMARINE<\/strong><br \/>\n<strong>Syst\u00e8me de vent sans fil i70s avec DST800, EV1-Heading capteur et deuxi\u00e8me i70s<\/strong><\/p>\n<p>Ce syst\u00e8me complet de Raymarine comprend l\u2019\u00e9cran multifonction i70S, la passerelle sans fil Micro-Talk Gateway, un pyl\u00f4ne \u00e9olien sans fil, le capteur de cap EV-1 et un transmetteur DST-800 pour les donn\u00e9es de profondeur, de vitesse et de temp\u00e9rature.<\/p>\n<p>Ce syst\u00e8me complet de Raymarine comprend l\u2019\u00e9cran multifonction i70S, la passerelle sans fil Micro-Talk Gateway, un pyl\u00f4ne \u00e9olien sans fil, le capteur de cap EV-1 et un transmetteur DST-800 pour les donn\u00e9es de profondeur, de vitesse et de temp\u00e9rature.<\/p>\n<p>Tous les c\u00e2bles et connecteurs n\u00e9cessaires pour construire un r\u00e9seau SeaTalkNG sont inclus. La passerelle Micro-Talk fournie communique directement avec l\u2019unit\u00e9 de m\u00e2t sans fil T120. Le capteur de rupture DST800 mesure la profondeur, la temp\u00e9rature et la vitesse directement sur l\u2019i70S.<\/p>\n<p>Contenu<br \/>\nPasserelle Micro-Talk sans fil E70361<br \/>\nUnit\u00e9 \u00e9olienne sans fil T120<br \/>\nAfficheur sans fil T113<br \/>\nMultifunktionsdisplay i70S E70327<br \/>\nEvolution EV-1 Capteur de cap E70096<br \/>\nCapteur de rupture DST-800 (profondeur, temp\u00e9rature, vitesse) A22111<br \/>\nSeaTalkNG C\u00e2ble d\u2019alimentation A06049<br \/>\nC\u00e2ble backbone SeaTalkNG (5 m) A06036<br \/>\nSeaTalk NG r\u00e9partiteur \u00e0 5 voies A06064<br \/>\nSeaTalkNG R\u00e9sistances d\u2019extr\u00e9mit\u00e9 (2 pi\u00e8ces) A06031<br \/>\nSeaTalkNG pi\u00e8ce en t A06028<\/p>\n<p>3 Garantie du fabricant<br \/>\nLivraison gratuite dans le monde entier<br \/>\nInstallation possible dans le monde entier.<\/p>\n","protected":false},"excerpt":{"rendered":"<p>3 Garantie du fabricant<br \/>\nLivraison gratuite dans le monde entier<br \/>\nInstallation possible dans le monde entier.<\/p>\n","protected":false},"featured_media":140042,"template":"","meta":{"_glsr_average":0,"_glsr_ranking":0,"_glsr_reviews":0},"product_brand":[],"product_cat":[50],"product_tag":[],"class_list":{"0":"post-140070","1":"product","2":"type-product","3":"status-publish","4":"has-post-thumbnail","6":"product_cat-electronique-gps-navigation","8":"first","9":"instock","10":"taxable","11":"shipping-taxable","12":"purchasable","13":"product-type-simple"},"_links":{"self":[{"href":"https:\/\/mathies-antwerpen.com\/fr\/wp-json\/wp\/v2\/product\/140070","targetHints":{"allow":["GET"]}}],"collection":[{"href":"https:\/\/mathies-antwerpen.com\/fr\/wp-json\/wp\/v2\/product"}],"about":[{"href":"https:\/\/mathies-antwerpen.com\/fr\/wp-json\/wp\/v2\/types\/product"}],"wp:featuredmedia":[{"embeddable":true,"href":"https:\/\/mathies-antwerpen.com\/fr\/wp-json\/wp\/v2\/media\/140042"}],"wp:attachment":[{"href":"https:\/\/mathies-antwerpen.com\/fr\/wp-json\/wp\/v2\/media?parent=140070"}],"wp:term":[{"taxonomy":"product_brand","embeddable":true,"href":"https:\/\/mathies-antwerpen.com\/fr\/wp-json\/wp\/v2\/product_brand?post=140070"},{"taxonomy":"product_cat","embeddable":true,"href":"https:\/\/mathies-antwerpen.com\/fr\/wp-json\/wp\/v2\/product_cat?post=140070"},{"taxonomy":"product_tag","embeddable":true,"href":"https:\/\/mathies-antwerpen.com\/fr\/wp-json\/wp\/v2\/product_tag?post=140070"}],"curies":[{"name":"wp","href":"https:\/\/api.w.org\/{rel}","templated":true}]}}