{"id":140323,"date":"2025-12-31T18:14:33","date_gmt":"2025-12-31T18:14:33","guid":{"rendered":"https:\/\/storempss.com\/?post_type=product&#038;p=140323"},"modified":"2025-12-31T18:21:30","modified_gmt":"2025-12-31T18:21:30","slug":"axiom-2-pro-9-s","status":"publish","type":"product","link":"https:\/\/mathies-antwerpen.com\/fr\/produit\/axiom-2-pro-9-s\/","title":{"rendered":"AXIOM 2 PRO 9 S"},"content":{"rendered":"<p>RAYMARINE<br \/>\nAXIOM 2 PRO 9 S<\/p>\n<p>Le Raymarine AXIOM 2 Pro est dot\u00e9 d&rsquo;un processeur 6 c\u0153urs ultrarapide et offre un \u00e9cran de qualit\u00e9 sup\u00e9rieure, une ergonomie am\u00e9lior\u00e9e et le syst\u00e8me d&rsquo;exploitation intuitif LightHouse 4. La technologie HybridTouch permet une utilisation simple et fiable gr\u00e2ce \u00e0 l&rsquo;\u00e9cran tactile et aux boutons. Un capteur de luminosit\u00e9 ambiante ajuste automatiquement la luminosit\u00e9 de l&rsquo;\u00e9cran en fonction des conditions d&rsquo;\u00e9clairage, et gr\u00e2ce au module sondeur int\u00e9gr\u00e9, vous pouvez \u00e9galement observer le monde sous-marin. De plus, la s\u00e9rie AXIOM 2 Pro est compatible avec une grande vari\u00e9t\u00e9 de cartes marines d\u00e9taill\u00e9es. La version Pro S est \u00e9quip\u00e9e d&rsquo;un sondeur CHIRP monocanal.<\/p>\n<p>Plus de puissance et une fr\u00e9quence d&rsquo;images plus \u00e9lev\u00e9e<br \/>\nGr\u00e2ce au processeur 6 c\u0153urs int\u00e9gr\u00e9, vous b\u00e9n\u00e9ficiez d&rsquo;une vitesse accrue. Cette technologie permet un d\u00e9marrage 10 % plus rapide et une fr\u00e9quence d&rsquo;images par seconde plus \u00e9lev\u00e9e pour une image encore plus fluide.<\/p>\n<p>Commandes HybridTouch<br \/>\nPlanifiez et cr\u00e9ez vos itin\u00e9raires gr\u00e2ce aux commandes tactiles fluides ou prenez le contr\u00f4le m\u00eame par mer agit\u00e9e gr\u00e2ce aux commandes par boutons fiables.<\/p>\n<p>\u00c9cran HydroTough<br \/>\nHydroTough est un nano-rev\u00eatement r\u00e9sistant \u00e0 l&rsquo;eau, con\u00e7u pour les conditions extr\u00eames. Il garantit un fonctionnement fiable de l&rsquo;\u00e9cran tactile par temps humide comme par temps sec, ainsi que des couleurs \u00e9clatantes et une excellente visibilit\u00e9, m\u00eame en plein soleil. Gr\u00e2ce \u00e0 ses propri\u00e9t\u00e9s anti-traces de doigts, l&rsquo;\u00e9cran reste propre et se nettoie facilement.<\/p>\n<p>R\u00e9glage automatique de la luminosit\u00e9 de l&rsquo;\u00e9cran<br \/>\nUn capteur de luminosit\u00e9 ambiante ajuste automatiquement la luminosit\u00e9 de l&rsquo;\u00e9cran en fonction de la lumi\u00e8re ambiante, de jour comme de nuit. Il en r\u00e9sulte une consommation d&rsquo;\u00e9nergie r\u00e9duite et une temp\u00e9rature de fonctionnement plus basse. Si n\u00e9cessaire, le r\u00e9glage automatique peut \u00eatre d\u00e9sactiv\u00e9 et ajust\u00e9 manuellement d&rsquo;une simple pression sur un bouton.<\/p>\n<p>Boutons personnalisables<br \/>\nLe clavier situ\u00e9 \u00e0 droite de l&rsquo;\u00e9cran est personnalisable. Choisissez entre les commandes du pilote automatique et des touches programmables par l&rsquo;utilisateur. Les deux options sont incluses et peuvent \u00eatre interchang\u00e9es rapidement et facilement.<\/p>\n<p>Cartes marines d\u00e9taill\u00e9es (en option)<br \/>\nL&rsquo;AXIOM 2 Pro peut traiter et afficher une grande vari\u00e9t\u00e9 de cartes marines. S\u00e9lectionnez simplement une zone de navigation adapt\u00e9e parmi la gamme de marques fiables Navionics+, Navionics Platinum+ ou C-MAP 4D (vendue s\u00e9par\u00e9ment), et vous \u00eates pr\u00eat \u00e0 partir. Deux zones de navigation diff\u00e9rentes ou une carte marine, ainsi qu&rsquo;une carte m\u00e9moire suppl\u00e9mentaire, peuvent \u00eatre int\u00e9gr\u00e9es gr\u00e2ce aux deux emplacements pour cartes microSD. Le r\u00e9cepteur GPS int\u00e9gr\u00e9 garantit un positionnement pr\u00e9cis et fiable.<\/p>\n<p>Module sondeur CHIRP int\u00e9gr\u00e9<br \/>\n\u00c9quip\u00e9 d&rsquo;un canal sondeur CHIRP haute fr\u00e9quence. Compatible avec les transducteurs CPT-S.<\/p>\n<p>Un appareil v\u00e9ritablement polyvalent\u00a0!<br \/>\nLes nombreuses options de connectivit\u00e9 de la s\u00e9rie AXIOM 2 Pro sont particuli\u00e8rement remarquables. Pilotes automatiques, antennes radar, appareils AIS, syst\u00e8mes audio, transducteurs sondeur ou cam\u00e9ras vid\u00e9o\u00a0: tous les \u00e9quipements \u00e9lectroniques du bateau peuvent \u00eatre int\u00e9gr\u00e9s et affich\u00e9s sur l&rsquo;\u00e9cran multifonctions. Cr\u00e9ez un syst\u00e8me avec plusieurs \u00e9crans Axiom via Raynet\/Ethernet ou transmettez des flux vid\u00e9o et audio vers des moniteurs ou t\u00e9l\u00e9viseurs distants via la sortie micro HDMI. Profitez d&rsquo;une utilisation intuitive gr\u00e2ce au syst\u00e8me d&rsquo;exploitation LightHouse 4.<\/p>\n<p>Aper\u00e7u des connexions\u00a0:<br \/>\n2 ports Raynet\/Ethernet<br \/>\n1 port NMEA2000 (avec adaptateur SeaTalkNG)<br \/>\n1 port pour antenne GPS externe<br \/>\n1 sortie micro HDMI<br \/>\n1 sortie alimentation\/vid\u00e9o\/audio<br \/>\n1 connecteur sondeur 25 broches<br \/>\n1 port USB<\/p>\n<p>Garantie constructeur de 3 ans<br \/>\nLivraison gratuite dans le monde entier<br \/>\nMontage et installation disponibles sur demande<\/p>\n","protected":false},"excerpt":{"rendered":"<p>Garantie constructeur de 3 ans<br \/>\nLivraison gratuite dans le monde entier<br \/>\nMontage et installation disponibles sur demande<\/p>\n","protected":false},"featured_media":140284,"template":"","meta":{"_glsr_average":0,"_glsr_ranking":0,"_glsr_reviews":0},"product_brand":[],"product_cat":[50],"product_tag":[],"class_list":{"0":"post-140323","1":"product","2":"type-product","3":"status-publish","4":"has-post-thumbnail","6":"product_cat-electronique-gps-navigation","8":"first","9":"instock","10":"taxable","11":"shipping-taxable","12":"purchasable","13":"product-type-simple"},"_links":{"self":[{"href":"https:\/\/mathies-antwerpen.com\/fr\/wp-json\/wp\/v2\/product\/140323","targetHints":{"allow":["GET"]}}],"collection":[{"href":"https:\/\/mathies-antwerpen.com\/fr\/wp-json\/wp\/v2\/product"}],"about":[{"href":"https:\/\/mathies-antwerpen.com\/fr\/wp-json\/wp\/v2\/types\/product"}],"wp:featuredmedia":[{"embeddable":true,"href":"https:\/\/mathies-antwerpen.com\/fr\/wp-json\/wp\/v2\/media\/140284"}],"wp:attachment":[{"href":"https:\/\/mathies-antwerpen.com\/fr\/wp-json\/wp\/v2\/media?parent=140323"}],"wp:term":[{"taxonomy":"product_brand","embeddable":true,"href":"https:\/\/mathies-antwerpen.com\/fr\/wp-json\/wp\/v2\/product_brand?post=140323"},{"taxonomy":"product_cat","embeddable":true,"href":"https:\/\/mathies-antwerpen.com\/fr\/wp-json\/wp\/v2\/product_cat?post=140323"},{"taxonomy":"product_tag","embeddable":true,"href":"https:\/\/mathies-antwerpen.com\/fr\/wp-json\/wp\/v2\/product_tag?post=140323"}],"curies":[{"name":"wp","href":"https:\/\/api.w.org\/{rel}","templated":true}]}}