{"id":140373,"date":"2025-12-31T19:09:49","date_gmt":"2025-12-31T19:09:49","guid":{"rendered":"https:\/\/storempss.com\/?post_type=product&#038;p=140373"},"modified":"2025-12-31T19:16:23","modified_gmt":"2025-12-31T19:16:23","slug":"axiom-2-pro-9-rvm","status":"publish","type":"product","link":"https:\/\/mathies-antwerpen.com\/fr\/produit\/axiom-2-pro-9-rvm\/","title":{"rendered":"AXIOM 2 PRO 9 RVM"},"content":{"rendered":"<p><strong>RAYMARINE<\/strong><br \/>\n<strong>AXIOM 2 PRO 9 RVM<\/strong><\/p>\n<p>Plus de puissance et une fr\u00e9quence de rafra\u00eechissement plus \u00e9lev\u00e9e<\/p>\n<p>Gr\u00e2ce au processeur int\u00e9gr\u00e9 \u00e0 6 c\u0153urs, vous b\u00e9n\u00e9ficierez d&rsquo;une vitesse accrue. Cette technologie permet un d\u00e9marrage 10 % plus rapide et une fr\u00e9quence d&rsquo;images par seconde plus \u00e9lev\u00e9e pour une fluidit\u00e9 visuelle optimale.<\/p>\n<p>Fonctionnement HybridTouch<br \/>\nPlanifiez et cr\u00e9ez vos itin\u00e9raires en toute simplicit\u00e9 gr\u00e2ce \u00e0 l&rsquo;\u00e9cran tactile ou gardez le contr\u00f4le m\u00eame par mer agit\u00e9e gr\u00e2ce aux boutons fiables.<\/p>\n<p>\u00c9cran HydroTough<br \/>\nHydroTough est un nano-rev\u00eatement hydrofuge con\u00e7u pour les conditions extr\u00eames. Il garantit un fonctionnement fiable de l&rsquo;\u00e9cran tactile par temps humide ou sec, ainsi que des couleurs \u00e9clatantes et une excellente visibilit\u00e9, m\u00eame en plein soleil. Gr\u00e2ce \u00e0 ses propri\u00e9t\u00e9s anti-traces de doigts, l&rsquo;\u00e9cran reste propre et se nettoie facilement.<\/p>\n<p>R\u00e9glage automatique de la luminosit\u00e9 de l&rsquo;\u00e9cran<\/p>\n<p>Un capteur de luminosit\u00e9 ambiante ajuste automatiquement la luminosit\u00e9 de l&rsquo;\u00e9cran en fonction de la lumi\u00e8re ambiante, de jour comme de nuit. Il en r\u00e9sulte une consommation d&rsquo;\u00e9nergie r\u00e9duite et une temp\u00e9rature de fonctionnement plus basse. Si n\u00e9cessaire, ce r\u00e9glage peut \u00eatre d\u00e9sactiv\u00e9 et ajust\u00e9 manuellement d&rsquo;une simple pression sur un bouton.<\/p>\n<p>Boutons interchangeables individuellement<\/p>\n<p>Le clavier situ\u00e9 \u00e0 droite de l&rsquo;\u00e9cran est enti\u00e8rement personnalisable. Choisissez entre les commandes du pilote automatique et des touches programmables. Les deux options sont incluses et peuvent \u00eatre interchang\u00e9es rapidement et facilement.<\/p>\n<p>Cartes marines d\u00e9taill\u00e9es (en option)<\/p>\n<p>L&rsquo;AXIOM 2 Pro est compatible avec une large gamme de cartes marines. S\u00e9lectionnez simplement une zone de navigation adapt\u00e9e parmi les marques reconnues Navionics+, Navionics Platinum+ ou C-MAP 4D (vendues s\u00e9par\u00e9ment), et vous \u00eates pr\u00eat \u00e0 partir. Deux zones de navigation diff\u00e9rentes ou une carte marine et une carte m\u00e9moire suppl\u00e9mentaire peuvent \u00eatre int\u00e9gr\u00e9es via les deux emplacements pour cartes microSD. Le r\u00e9cepteur GPS int\u00e9gr\u00e9 garantit un positionnement pr\u00e9cis et fiable.<\/p>\n<p>Trouvez plus de poissons avec RealVision MAX<\/p>\n<p>\u00c9quip\u00e9 de la nouvelle technologie sonar RealVision MAX et CHIRP 1 kW, RealVision MAX optimise les modes DownVision, SideVision et 3D pour une port\u00e9e accrue, une r\u00e9solution am\u00e9lior\u00e9e et un ciblage plus pr\u00e9cis. Il est \u00e9galement compatible avec les anciennes sondes RV (r\u00e9trocompatibilit\u00e9).<\/p>\n<p>Un appareil v\u00e9ritablement polyvalent !<\/p>\n<p>Les nombreuses options de connectivit\u00e9 de la s\u00e9rie AXIOM 2 Pro sont particuli\u00e8rement remarquables. Pilotes automatiques, antennes radar, appareils AIS, syst\u00e8mes audio, transducteurs sonar ou cam\u00e9ras vid\u00e9o\u00a0: toute l\u2019\u00e9lectronique de votre bateau s\u2019int\u00e8gre parfaitement et s\u2019affiche sur l\u2019\u00e9cran multifonction. Cr\u00e9ez un syst\u00e8me avec plusieurs \u00e9crans Axiom via Raynet\/Ethernet ou transmettez la vid\u00e9o et l\u2019audio vers des moniteurs ou t\u00e9l\u00e9viseurs distants via la sortie micro HDMI. De plus, son utilisation est intuitive gr\u00e2ce au syst\u00e8me d\u2019exploitation LightHouse 4.<\/p>\n<p>Connectivit\u00e9 en un coup d\u2019\u0153il\u00a0:<br \/>\n2 ports Ethernet Raynet<br \/>\n1 port NMEA2000 (avec adaptateur SeaTalkNG)<br \/>\n1 port pour antenne GPS externe<br \/>\n1 sortie micro HDMI<br \/>\n1 sortie alimentation\/vid\u00e9o\/audio<br \/>\n2 ports sonar<br \/>\n1 port USB<\/p>\n<p>Garantie constructeur de 3\u00a0ans<br \/>\nLivraison gratuite dans le monde entier<br \/>\nMontage et installation disponibles sur demande<\/p>\n","protected":false},"excerpt":{"rendered":"<p>Garantie constructeur de 3\u00a0ans<br \/>\nLivraison gratuite dans le monde entier<br \/>\nMontage et installation disponibles sur demande<\/p>\n","protected":false},"featured_media":140334,"template":"","meta":{"_glsr_average":0,"_glsr_ranking":0,"_glsr_reviews":0},"product_brand":[],"product_cat":[50],"product_tag":[],"class_list":{"0":"post-140373","1":"product","2":"type-product","3":"status-publish","4":"has-post-thumbnail","6":"product_cat-electronique-gps-navigation","8":"first","9":"instock","10":"taxable","11":"shipping-taxable","12":"purchasable","13":"product-type-simple"},"_links":{"self":[{"href":"https:\/\/mathies-antwerpen.com\/fr\/wp-json\/wp\/v2\/product\/140373","targetHints":{"allow":["GET"]}}],"collection":[{"href":"https:\/\/mathies-antwerpen.com\/fr\/wp-json\/wp\/v2\/product"}],"about":[{"href":"https:\/\/mathies-antwerpen.com\/fr\/wp-json\/wp\/v2\/types\/product"}],"wp:featuredmedia":[{"embeddable":true,"href":"https:\/\/mathies-antwerpen.com\/fr\/wp-json\/wp\/v2\/media\/140334"}],"wp:attachment":[{"href":"https:\/\/mathies-antwerpen.com\/fr\/wp-json\/wp\/v2\/media?parent=140373"}],"wp:term":[{"taxonomy":"product_brand","embeddable":true,"href":"https:\/\/mathies-antwerpen.com\/fr\/wp-json\/wp\/v2\/product_brand?post=140373"},{"taxonomy":"product_cat","embeddable":true,"href":"https:\/\/mathies-antwerpen.com\/fr\/wp-json\/wp\/v2\/product_cat?post=140373"},{"taxonomy":"product_tag","embeddable":true,"href":"https:\/\/mathies-antwerpen.com\/fr\/wp-json\/wp\/v2\/product_tag?post=140373"}],"curies":[{"name":"wp","href":"https:\/\/api.w.org\/{rel}","templated":true}]}}