{"id":140586,"date":"2026-01-02T16:51:17","date_gmt":"2026-01-02T16:51:17","guid":{"rendered":"https:\/\/storempss.com\/?post_type=product&#038;p=140586"},"modified":"2026-01-02T16:55:35","modified_gmt":"2026-01-02T16:55:35","slug":"raynet-commutateur-reseau-rns-5-a-5-ports","status":"publish","type":"product","link":"https:\/\/mathies-antwerpen.com\/fr\/produit\/raynet-commutateur-reseau-rns-5-a-5-ports\/","title":{"rendered":"RayNet Commutateur r\u00e9seau RNS-5 \u00e0 5 ports"},"content":{"rendered":"<p><strong>RAYMARINE<\/strong><br \/>\n<strong>RayNet Commutateur r\u00e9seau RNS-5 \u00e0 5 ports<\/strong><\/p>\n<p>Avec le commutateur r\u00e9seau RNS-5 facile \u00e0 installer, vous pouvez \u00e9tendre les syst\u00e8mes de traceurs int\u00e9gr\u00e9s de Raymarine avec le c\u00e2blage Ethernet haute vitesse de RayNet. Utilisez le commutateur r\u00e9seau pour int\u00e9grer des affichages Axiom avec des radars, des modules de sondeur, des cam\u00e9ras IP et des cam\u00e9ras thermiques Teledyne FLIR. Le RNS-5 prend \u00e9galement en charge les r\u00e9seaux avec les syst\u00e8mes de contr\u00f4le num\u00e9rique YachtSense de Raymarine et le routeur mobile marin YachtSense Link. En outre, deux RNS-5 peuvent \u00eatre connect\u00e9s en s\u00e9rie pour des r\u00e9seaux plus \u00e9tendus.<\/p>\n<p>Points importants<\/p>\n<p>5 ports Gigabit Ethernet de RayNet pour une connectivit\u00e9 rapide et fiable<br \/>\nConstruction robuste IPX 6<br \/>\nRaccordements de c\u00e2ble Ethernet fiables et \u00e9tanches pour les connexions<br \/>\nMontage simple des cloisons<br \/>\nVoyant de fonctionnement et d\u2019\u00e9tat du port r\u00e9seau<br \/>\nInstallation ou configuration facile &#8211; il suffit de brancher et d\u2019utiliser avec les appareils Raymarine<\/p>\n<p>3 Garantie du fabricant<br \/>\nLivraison gratuite dans le monde entier<br \/>\nInstallation possible dans le monde entier<\/p>\n","protected":false},"excerpt":{"rendered":"<p>3 Garantie du fabricant<br \/>\nLivraison gratuite dans le monde entier<br \/>\nInstallation possible dans le monde entier<\/p>\n","protected":false},"featured_media":140550,"template":"","meta":{"_glsr_average":0,"_glsr_ranking":0,"_glsr_reviews":0},"product_brand":[],"product_cat":[50],"product_tag":[],"class_list":{"0":"post-140586","1":"product","2":"type-product","3":"status-publish","4":"has-post-thumbnail","6":"product_cat-electronique-gps-navigation","8":"first","9":"instock","10":"taxable","11":"shipping-taxable","12":"purchasable","13":"product-type-simple"},"_links":{"self":[{"href":"https:\/\/mathies-antwerpen.com\/fr\/wp-json\/wp\/v2\/product\/140586","targetHints":{"allow":["GET"]}}],"collection":[{"href":"https:\/\/mathies-antwerpen.com\/fr\/wp-json\/wp\/v2\/product"}],"about":[{"href":"https:\/\/mathies-antwerpen.com\/fr\/wp-json\/wp\/v2\/types\/product"}],"wp:featuredmedia":[{"embeddable":true,"href":"https:\/\/mathies-antwerpen.com\/fr\/wp-json\/wp\/v2\/media\/140550"}],"wp:attachment":[{"href":"https:\/\/mathies-antwerpen.com\/fr\/wp-json\/wp\/v2\/media?parent=140586"}],"wp:term":[{"taxonomy":"product_brand","embeddable":true,"href":"https:\/\/mathies-antwerpen.com\/fr\/wp-json\/wp\/v2\/product_brand?post=140586"},{"taxonomy":"product_cat","embeddable":true,"href":"https:\/\/mathies-antwerpen.com\/fr\/wp-json\/wp\/v2\/product_cat?post=140586"},{"taxonomy":"product_tag","embeddable":true,"href":"https:\/\/mathies-antwerpen.com\/fr\/wp-json\/wp\/v2\/product_tag?post=140586"}],"curies":[{"name":"wp","href":"https:\/\/api.w.org\/{rel}","templated":true}]}}