{"id":140721,"date":"2026-01-09T12:31:58","date_gmt":"2026-01-09T12:31:58","guid":{"rendered":"https:\/\/storempss.com\/?post_type=product&#038;p=140721"},"modified":"2026-01-09T12:35:26","modified_gmt":"2026-01-09T12:35:26","slug":"radio-vhf-marine-ray90-black-box","status":"publish","type":"product","link":"https:\/\/mathies-antwerpen.com\/fr\/produit\/radio-vhf-marine-ray90-black-box\/","title":{"rendered":"Radio VHF marine RAY90 Black Box"},"content":{"rendered":"<p><strong>RAYMARINE<\/strong><\/p>\n<p><strong>Radio VHF marine RAY90 Black Box<\/strong><\/p>\n<p>\u2022 Radio VHF multi-stations Black Box<\/p>\n<p>\u2022 Combin\u00e9 filaire et haut-parleur passif inclus<\/p>\n<p>\u2022 Extensible \u00e0 2 combin\u00e9s RayMic<\/p>\n<p>\u2022 M\u00e9gaphone int\u00e9gr\u00e9 et g\u00e9n\u00e9rateur de signal de brume (imp\u00e9dance 4 ohms, 30 W max.)<\/p>\n<p>\u2022 R\u00e9cepteur GPS int\u00e9gr\u00e9 (extensible avec un module GPS optionnel)<\/p>\n<p>\u2022 Connexion r\u00e9seau NMEA2000 et NMEA0183 simplifi\u00e9e<\/p>\n<p>Un concentr\u00e9 de puissance en communication<\/p>\n<p>La Ray90 est \u00e9quip\u00e9e d&rsquo;un puissant \u00e9metteur de 25 W et de composants \u00e9lectroniques de qualit\u00e9 professionnelle pour une longue dur\u00e9e de vie et des performances optimales. Balayage des canaux, double veille, triple veille et alertes m\u00e9t\u00e9o sont des fonctions standard. Le GPS int\u00e9gr\u00e9 simplifie la configuration des fonctions de s\u00e9curit\u00e9 et d&rsquo;appel modernes. Il suffit de saisir le num\u00e9ro MMSI de votre bateau lors de la configuration et vous \u00eates pr\u00eat \u00e0 naviguer. Veuillez noter que selon l&#8217;emplacement d&rsquo;installation de la radio, le r\u00e9cepteur GPS int\u00e9gr\u00e9 peut ne pas capter un signal GPS suffisant. Dans ce cas, il est recommand\u00e9 d&rsquo;utiliser l&rsquo;antenne GPS GA200 (vendue s\u00e9par\u00e9ment) ou d&rsquo;importer des donn\u00e9es GPS depuis un r\u00e9seau NMEA2000.<\/p>\n<p>Suivi de position<br \/>\nLa fonction de suivi de position du Ray90 vous permet de surveiller jusqu&rsquo;\u00e0 cinq navires \u00e9quip\u00e9s d&rsquo;un ASN (Appel S\u00e9lectif Num\u00e9rique) \u00e0 proximit\u00e9. Les positions sont automatiquement partag\u00e9es avec votre \u00e9cran multifonctions Raymarine. En Europe, la radio est compatible avec le syst\u00e8me ATIS sur les voies navigables int\u00e9rieures.<\/p>\n<p>M\u00e9gaphone<br \/>\nGr\u00e2ce au m\u00e9gaphone int\u00e9gr\u00e9 du Ray90, vous serez entendu sur le pont et dans tout le port. Connectez un m\u00e9gaphone (en option) et signalez votre pr\u00e9sence avec une puissance audio de 30 watts et une communication bidirectionnelle. Par temps de brouillard, le m\u00e9gaphone peut \u00eatre configur\u00e9 pour diffuser automatiquement les signaux de brume n\u00e9cessaires aux bateaux de course et aux voiliers, qu&rsquo;ils soient en mer ou au mouillage.<\/p>\n<p>\u00c9tanch\u00e9it\u00e9 et robustesse<\/p>\n<p>L&rsquo;\u00e9metteur-r\u00e9cepteur Ray90 est fabriqu\u00e9 en aluminium massif pour une r\u00e9sistance optimale aux chocs et aux vibrations, ainsi qu&rsquo;une dissipation thermique maximale. Pour une excellente lisibilit\u00e9 en toutes circonstances, le microphone portatif RayMic est dot\u00e9 d&rsquo;un r\u00e9tro\u00e9clairage lumineux. Les boutons surdimensionn\u00e9s offrent une prise en main s\u00fbre et un acc\u00e8s facile aux fonctions fr\u00e9quemment utilis\u00e9es.<\/p>\n","protected":false},"excerpt":{"rendered":"<p>RAYMARINE Radio VHF marine RAY90 Black Box \u2022 Radio VHF multi-stations Black Box \u2022 Combin\u00e9 filaire et haut-parleur passif inclus \u2022 Extensible \u00e0 2 combin\u00e9s RayMic \u2022 M\u00e9gaphone int\u00e9gr\u00e9 et g\u00e9n\u00e9rateur de signal de brume (imp\u00e9dance 4 ohms, 30 W max.) \u2022 R\u00e9cepteur GPS int\u00e9gr\u00e9 (extensible avec un module GPS optionnel) \u2022 Connexion r\u00e9seau NMEA2000 [&hellip;]<\/p>\n","protected":false},"featured_media":140674,"template":"","meta":{"_glsr_average":0,"_glsr_ranking":0,"_glsr_reviews":0},"product_brand":[],"product_cat":[50],"product_tag":[],"class_list":{"0":"post-140721","1":"product","2":"type-product","3":"status-publish","4":"has-post-thumbnail","6":"product_cat-electronique-gps-navigation","8":"first","9":"instock","10":"taxable","11":"shipping-taxable","12":"purchasable","13":"product-type-simple"},"_links":{"self":[{"href":"https:\/\/mathies-antwerpen.com\/fr\/wp-json\/wp\/v2\/product\/140721","targetHints":{"allow":["GET"]}}],"collection":[{"href":"https:\/\/mathies-antwerpen.com\/fr\/wp-json\/wp\/v2\/product"}],"about":[{"href":"https:\/\/mathies-antwerpen.com\/fr\/wp-json\/wp\/v2\/types\/product"}],"wp:featuredmedia":[{"embeddable":true,"href":"https:\/\/mathies-antwerpen.com\/fr\/wp-json\/wp\/v2\/media\/140674"}],"wp:attachment":[{"href":"https:\/\/mathies-antwerpen.com\/fr\/wp-json\/wp\/v2\/media?parent=140721"}],"wp:term":[{"taxonomy":"product_brand","embeddable":true,"href":"https:\/\/mathies-antwerpen.com\/fr\/wp-json\/wp\/v2\/product_brand?post=140721"},{"taxonomy":"product_cat","embeddable":true,"href":"https:\/\/mathies-antwerpen.com\/fr\/wp-json\/wp\/v2\/product_cat?post=140721"},{"taxonomy":"product_tag","embeddable":true,"href":"https:\/\/mathies-antwerpen.com\/fr\/wp-json\/wp\/v2\/product_tag?post=140721"}],"curies":[{"name":"wp","href":"https:\/\/api.w.org\/{rel}","templated":true}]}}