{"id":140809,"date":"2026-01-12T13:21:19","date_gmt":"2026-01-12T13:21:19","guid":{"rendered":"https:\/\/storempss.com\/?post_type=product&#038;p=140809"},"modified":"2026-01-12T13:25:11","modified_gmt":"2026-01-12T13:25:11","slug":"camera-infrarouge-ip-m232-avec-ar200","status":"publish","type":"product","link":"https:\/\/mathies-antwerpen.com\/fr\/produit\/camera-infrarouge-ip-m232-avec-ar200\/","title":{"rendered":"Cam\u00e9ra infrarouge IP M232 avec AR200"},"content":{"rendered":"<p><strong>RAYMARINE<\/strong><br \/>\n<strong>Cam\u00e9ra infrarouge IP M232 avec module de r\u00e9alit\u00e9 augment\u00e9e AR200<\/strong><\/p>\n<p>La cam\u00e9ra infrarouge IP M232 de Flir est la plus petite de la gamme et offre une technologie d\u2019imagerie thermique qui am\u00e9liore la perception dans les applications maritimes. Gr\u00e2ce \u00e0 une excellente r\u00e9solution, les obstacles et les cibles sont d\u00e9tect\u00e9s m\u00eame dans l\u2019obscurit\u00e9 totale, ce qui garantit une navigation s\u00fbre, m\u00eame dans les conditions les plus difficiles. Associ\u00e9 au module de r\u00e9alit\u00e9 augment\u00e9e Raymarine AR200, les donn\u00e9es de navigation sont affich\u00e9es en temps r\u00e9el sur l\u2019image de la cam\u00e9ra.<\/p>\n<p>Cam\u00e9ra thermique FLIR M232<\/p>\n<p>La cam\u00e9ra infrarouge IP M232 de Flir est la plus petite de la gamme et offre une technologie d\u2019imagerie thermique qui am\u00e9liore la perception dans les applications maritimes. Gr\u00e2ce \u00e0 une excellente r\u00e9solution, les obstacles et les cibles sont d\u00e9tect\u00e9s m\u00eame dans l\u2019obscurit\u00e9 totale, ce qui garantit une navigation s\u00fbre, m\u00eame dans les conditions les plus difficiles.<\/p>\n<p>Navigation s\u00e9curis\u00e9e et ClearCruise compatible<br \/>\nLa technologie d\u2019imagerie thermique permet une excellente d\u00e9tection de cible, m\u00eame dans l\u2019obscurit\u00e9 totale, et aide les conducteurs \u00e0 s\u2019orienter sur le plan d\u2019eau de mani\u00e8re plus s\u00fbre que ce qui serait possible avec un syst\u00e8me radar ou des projecteurs.<br \/>\nEn combinaison avec un \u00e9cran multifonction disponible en option, vous pouvez \u00e9galement profiter des avantages de la technologie d\u2019analyse thermique ClearCruise. ClearCruise \u00e9met des alertes sonores et visuelles lorsque des objets tels que des bateaux, des obstacles ou des rep\u00e8res de navigation sont d\u00e9tect\u00e9s dans le champ de vision de la cam\u00e9ra.<\/p>\n<p>Vision id\u00e9ale et fonction de zoom<br \/>\nGr\u00e2ce \u00e0 une excellente r\u00e9solution, la meilleure vue possible est garantie sur l\u2019ensemble de l\u2019horizon. En outre, l\u2019appareil photo dispose d\u2019une fonction de zoom continu \u00e0 quatre vitesses.<\/p>\n<p>3 ans de garantie du fabricant<br \/>\nLivraison gratuite dans le monde entier<br \/>\nMontage et installation sur demande<\/p>\n","protected":false},"excerpt":{"rendered":"<p>3 ans de garantie du fabricant<br \/>\nLivraison gratuite dans le monde entier<br \/>\nMontage et installation sur demande<\/p>\n","protected":false},"featured_media":140774,"template":"","meta":{"_glsr_average":0,"_glsr_ranking":0,"_glsr_reviews":0},"product_brand":[],"product_cat":[50],"product_tag":[],"class_list":{"0":"post-140809","1":"product","2":"type-product","3":"status-publish","4":"has-post-thumbnail","6":"product_cat-electronique-gps-navigation","8":"first","9":"instock","10":"taxable","11":"shipping-taxable","12":"purchasable","13":"product-type-simple"},"_links":{"self":[{"href":"https:\/\/mathies-antwerpen.com\/fr\/wp-json\/wp\/v2\/product\/140809","targetHints":{"allow":["GET"]}}],"collection":[{"href":"https:\/\/mathies-antwerpen.com\/fr\/wp-json\/wp\/v2\/product"}],"about":[{"href":"https:\/\/mathies-antwerpen.com\/fr\/wp-json\/wp\/v2\/types\/product"}],"wp:featuredmedia":[{"embeddable":true,"href":"https:\/\/mathies-antwerpen.com\/fr\/wp-json\/wp\/v2\/media\/140774"}],"wp:attachment":[{"href":"https:\/\/mathies-antwerpen.com\/fr\/wp-json\/wp\/v2\/media?parent=140809"}],"wp:term":[{"taxonomy":"product_brand","embeddable":true,"href":"https:\/\/mathies-antwerpen.com\/fr\/wp-json\/wp\/v2\/product_brand?post=140809"},{"taxonomy":"product_cat","embeddable":true,"href":"https:\/\/mathies-antwerpen.com\/fr\/wp-json\/wp\/v2\/product_cat?post=140809"},{"taxonomy":"product_tag","embeddable":true,"href":"https:\/\/mathies-antwerpen.com\/fr\/wp-json\/wp\/v2\/product_tag?post=140809"}],"curies":[{"name":"wp","href":"https:\/\/api.w.org\/{rel}","templated":true}]}}