{"id":141048,"date":"2026-01-19T14:04:11","date_gmt":"2026-01-19T14:04:11","guid":{"rendered":"http:\/\/mathies-antwerpen.com\/?post_type=product&#038;p=141048"},"modified":"2026-01-19T14:07:55","modified_gmt":"2026-01-19T14:07:55","slug":"support-radar-a-cardan-pour-pataras-lmb-f2","status":"publish","type":"product","link":"https:\/\/mathies-antwerpen.com\/fr\/produit\/support-radar-a-cardan-pour-pataras-lmb-f2\/","title":{"rendered":"Support radar \u00e0 cardan pour pataras \/ LMB-F2"},"content":{"rendered":"<p><strong>SCANSTRUT<\/strong><\/p>\n<p><strong>Support radar \u00e0 cardan pour pataras \/ LMB-F2<\/strong><\/p>\n<p>Ce support \u00e0 cardan autonivelant optimise consid\u00e9rablement les performances de l&rsquo;antenne\u00a0! M\u00eame par mer agit\u00e9e, l&rsquo;antenne reste horizontale et offre d&rsquo;excellentes images radar.<\/p>\n<p><strong>Compatibilit\u00e9<\/strong><\/p>\n<p>Furuno 1621 \/ 1622 \/ 1623<br \/>\n1715 \/ 1724 \/ 1734<br \/>\n1815 \/ 1824 \/ 1832 \/ 1834 \/ 1835<br \/>\nDRS2D \/ DRS23-NXT<br \/>\nDRS42DL \/ DRS42DL+<br \/>\nDRS4D \/ DRS42-NXT \/ DRS4W<br \/>\nNavNet 18&Prime; \/ NavNet 24&Prime;<br \/>\nSimrad GB40<br \/>\nNX40 \/ NX45<br \/>\nNSE8 \/ NSE12<br \/>\nRB712A<br \/>\nDX42S<\/p>\n<p><strong>Contenu de la livraison<\/strong><\/p>\n<p>1 support de nivellement<br \/>\n2 poteaux de montage de 1,3 m<br \/>\n1 connecteur pour poteau de montage<br \/>\n1 base universelle pour poteau de montage<br \/>\n1 kit de fixation complet<\/p>\n<p>Garantie constructeur de 3 ans<br \/>\nLivraison gratuite dans le monde entier<br \/>\nMontage et installation disponibles sur demande<\/p>\n","protected":false},"excerpt":{"rendered":"<p>SCANSTRUT Support radar \u00e0 cardan pour pataras \/ LMB-F2 Ce support \u00e0 cardan autonivelant optimise consid\u00e9rablement les performances de l&rsquo;antenne\u00a0! M\u00eame par mer agit\u00e9e, l&rsquo;antenne reste horizontale et offre d&rsquo;excellentes images radar. Compatibilit\u00e9 Furuno 1621 \/ 1622 \/ 1623 1715 \/ 1724 \/ 1734 1815 \/ 1824 \/ 1832 \/ 1834 \/ 1835 DRS2D \/ [&hellip;]<\/p>\n","protected":false},"featured_media":140865,"template":"","meta":{"_glsr_average":0,"_glsr_ranking":0,"_glsr_reviews":0},"product_brand":[],"product_cat":[71],"product_tag":[],"class_list":{"0":"post-141048","1":"product","2":"type-product","3":"status-publish","4":"has-post-thumbnail","6":"product_cat-systemes-radar","8":"first","9":"instock","10":"taxable","11":"shipping-taxable","12":"purchasable","13":"product-type-simple"},"_links":{"self":[{"href":"https:\/\/mathies-antwerpen.com\/fr\/wp-json\/wp\/v2\/product\/141048","targetHints":{"allow":["GET"]}}],"collection":[{"href":"https:\/\/mathies-antwerpen.com\/fr\/wp-json\/wp\/v2\/product"}],"about":[{"href":"https:\/\/mathies-antwerpen.com\/fr\/wp-json\/wp\/v2\/types\/product"}],"wp:featuredmedia":[{"embeddable":true,"href":"https:\/\/mathies-antwerpen.com\/fr\/wp-json\/wp\/v2\/media\/140865"}],"wp:attachment":[{"href":"https:\/\/mathies-antwerpen.com\/fr\/wp-json\/wp\/v2\/media?parent=141048"}],"wp:term":[{"taxonomy":"product_brand","embeddable":true,"href":"https:\/\/mathies-antwerpen.com\/fr\/wp-json\/wp\/v2\/product_brand?post=141048"},{"taxonomy":"product_cat","embeddable":true,"href":"https:\/\/mathies-antwerpen.com\/fr\/wp-json\/wp\/v2\/product_cat?post=141048"},{"taxonomy":"product_tag","embeddable":true,"href":"https:\/\/mathies-antwerpen.com\/fr\/wp-json\/wp\/v2\/product_tag?post=141048"}],"curies":[{"name":"wp","href":"https:\/\/api.w.org\/{rel}","templated":true}]}}