{"id":141058,"date":"2026-01-19T14:11:54","date_gmt":"2026-01-19T14:11:54","guid":{"rendered":"http:\/\/mathies-antwerpen.com\/?post_type=product&#038;p=141058"},"modified":"2026-01-19T14:15:33","modified_gmt":"2026-01-19T14:15:33","slug":"support-de-mat-radar-sc20","status":"publish","type":"product","link":"https:\/\/mathies-antwerpen.com\/fr\/produit\/support-de-mat-radar-sc20\/","title":{"rendered":"Support de m\u00e2t radar SC20"},"content":{"rendered":"<p><strong>SCANSTRUT<\/strong><br \/>\n<strong>Support de m\u00e2t radar SC20<\/strong><\/p>\n<p>Support de m\u00e2t facile \u00e0 installer pour antennes rad\u00f4me, compatible avec la plupart des antennes de 2 et 4 kW. Fabriqu\u00e9 en aluminium avec rev\u00eatement blanc.<\/p>\n<p><strong>Antennes radar compatibles\u00a0:<\/strong><\/p>\n<p>B&amp;G \/ SIMRAD \/ LOWRANCE 3G<br \/>\nB&amp;G \/ SIMRAD \/ LOWRANCE 4G<br \/>\nB&amp;G \/ SIMRAD \/ LOWRANCE 20<br \/>\nB&amp;G \/ SIMRAD \/ LOWRANCE 20+<br \/>\nRAYMARINE Quantum<br \/>\nRAYMARINE Quantum 2<br \/>\nGARMIN Fantom 18<br \/>\nGARMIN GMR18 HD \/ 18 xHD \/ 18 HD+<br \/>\nHUMMINBIRD HB2124 CHRIP<\/p>\n<p><strong>Contenu de la livraison\u00a0:<\/strong><\/p>\n<p>Support radar<br \/>\n12 rivets aveugles 4,8 x 16 mm<br \/>\n4 vis M6 x 45 mm<br \/>\n4 \u00e9crous autobloquants M6<br \/>\n8 rondelles 6 mm<br \/>\n8 cache-\u00e9crous blancs<br \/>\n8 passe-c\u00e2bles (caoutchouc)<br \/>\n4 supports de fixation blancs<br \/>\n2 rivets aveugles 4,8 x 12 mm<br \/>\nKit de fixation Support<br \/>\nC\u00e2ble de s\u00e9curit\u00e9<\/p>\n<p>Garantie constructeur de 3 ans<br \/>\nLivraison gratuite dans le monde entier<br \/>\nMontage et installation sur demande<\/p>\n","protected":false},"excerpt":{"rendered":"<p>SCANSTRUT Support de m\u00e2t radar SC20 Support de m\u00e2t facile \u00e0 installer pour antennes rad\u00f4me, compatible avec la plupart des antennes de 2 et 4 kW. Fabriqu\u00e9 en aluminium avec rev\u00eatement blanc. Antennes radar compatibles\u00a0: B&amp;G \/ SIMRAD \/ LOWRANCE 3G B&amp;G \/ SIMRAD \/ LOWRANCE 4G B&amp;G \/ SIMRAD \/ LOWRANCE 20 B&amp;G \/ [&hellip;]<\/p>\n","protected":false},"featured_media":140949,"template":"","meta":{"_glsr_average":0,"_glsr_ranking":0,"_glsr_reviews":0},"product_brand":[],"product_cat":[71],"product_tag":[],"class_list":{"0":"post-141058","1":"product","2":"type-product","3":"status-publish","4":"has-post-thumbnail","6":"product_cat-systemes-radar","8":"first","9":"instock","10":"taxable","11":"shipping-taxable","12":"purchasable","13":"product-type-simple"},"_links":{"self":[{"href":"https:\/\/mathies-antwerpen.com\/fr\/wp-json\/wp\/v2\/product\/141058","targetHints":{"allow":["GET"]}}],"collection":[{"href":"https:\/\/mathies-antwerpen.com\/fr\/wp-json\/wp\/v2\/product"}],"about":[{"href":"https:\/\/mathies-antwerpen.com\/fr\/wp-json\/wp\/v2\/types\/product"}],"wp:featuredmedia":[{"embeddable":true,"href":"https:\/\/mathies-antwerpen.com\/fr\/wp-json\/wp\/v2\/media\/140949"}],"wp:attachment":[{"href":"https:\/\/mathies-antwerpen.com\/fr\/wp-json\/wp\/v2\/media?parent=141058"}],"wp:term":[{"taxonomy":"product_brand","embeddable":true,"href":"https:\/\/mathies-antwerpen.com\/fr\/wp-json\/wp\/v2\/product_brand?post=141058"},{"taxonomy":"product_cat","embeddable":true,"href":"https:\/\/mathies-antwerpen.com\/fr\/wp-json\/wp\/v2\/product_cat?post=141058"},{"taxonomy":"product_tag","embeddable":true,"href":"https:\/\/mathies-antwerpen.com\/fr\/wp-json\/wp\/v2\/product_tag?post=141058"}],"curies":[{"name":"wp","href":"https:\/\/api.w.org\/{rel}","templated":true}]}}