{"id":141067,"date":"2026-01-19T14:19:45","date_gmt":"2026-01-19T14:19:45","guid":{"rendered":"http:\/\/mathies-antwerpen.com\/?post_type=product&#038;p=141067"},"modified":"2026-01-19T14:22:37","modified_gmt":"2026-01-19T14:22:37","slug":"support-de-mat-pour-radar-4-kw-m92698","status":"publish","type":"product","link":"https:\/\/mathies-antwerpen.com\/fr\/produit\/support-de-mat-pour-radar-4-kw-m92698\/","title":{"rendered":"Support de m\u00e2t pour radar 4 kW \/ M92698"},"content":{"rendered":"<p><strong>SCANSTRUT<\/strong><br \/>\n<strong>Support de m\u00e2t pour radar 4 kW \/ M92698<\/strong><\/p>\n<p>Support de m\u00e2t facile \u00e0 installer pour antennes rad\u00f4me, compatible avec la plupart des antennes 4 kW. Disponible en plusieurs versions. Fabriqu\u00e9 en aluminium avec rev\u00eatement blanc.<\/p>\n<p><strong>Antennes radar compatibles\u00a0:<\/strong><\/p>\n<p>RAYMARINE RD424 \/ RD424HD<\/p>\n<p><strong>Contenu de la livraison\u00a0:<\/strong><\/p>\n<p>Support radar<br \/>\nRivets aveugles 4,8 x 16 \/ 12 pi\u00e8ces<br \/>\nVis M6 x 40 \/ 4 pi\u00e8ces<br \/>\n\u00c9crous autobloquants M6 \/ 6 pi\u00e8ces<br \/>\nRonfles 6 mm \/ 8 pi\u00e8ces<br \/>\nCache-\u00e9crous \/ 10 pi\u00e8ces<br \/>\nVis M6 x 25 \/ 2 pi\u00e8ces<br \/>\nEmbases de fixation \/ 4 pi\u00e8ces<br \/>\nRivets aveugles 4,8 x 12 \/ 2 pi\u00e8ces<br \/>\nPatte de fixation<br \/>\nC\u00e2ble de s\u00e9curit\u00e9<\/p>\n<p>Garantie constructeur de 3 ans<br \/>\nLivraison gratuite dans le monde entier<br \/>\nMontage et installation disponibles sur demande<\/p>\n","protected":false},"excerpt":{"rendered":"<p>SCANSTRUT Support de m\u00e2t pour radar 4 kW \/ M92698 Support de m\u00e2t facile \u00e0 installer pour antennes rad\u00f4me, compatible avec la plupart des antennes 4 kW. Disponible en plusieurs versions. Fabriqu\u00e9 en aluminium avec rev\u00eatement blanc. Antennes radar compatibles\u00a0: RAYMARINE RD424 \/ RD424HD Contenu de la livraison\u00a0: Support radar Rivets aveugles 4,8 x 16 [&hellip;]<\/p>\n","protected":false},"featured_media":141013,"template":"","meta":{"_glsr_average":0,"_glsr_ranking":0,"_glsr_reviews":0},"product_brand":[],"product_cat":[71],"product_tag":[],"class_list":{"0":"post-141067","1":"product","2":"type-product","3":"status-publish","4":"has-post-thumbnail","6":"product_cat-systemes-radar","8":"first","9":"instock","10":"taxable","11":"shipping-taxable","12":"purchasable","13":"product-type-simple"},"_links":{"self":[{"href":"https:\/\/mathies-antwerpen.com\/fr\/wp-json\/wp\/v2\/product\/141067","targetHints":{"allow":["GET"]}}],"collection":[{"href":"https:\/\/mathies-antwerpen.com\/fr\/wp-json\/wp\/v2\/product"}],"about":[{"href":"https:\/\/mathies-antwerpen.com\/fr\/wp-json\/wp\/v2\/types\/product"}],"wp:featuredmedia":[{"embeddable":true,"href":"https:\/\/mathies-antwerpen.com\/fr\/wp-json\/wp\/v2\/media\/141013"}],"wp:attachment":[{"href":"https:\/\/mathies-antwerpen.com\/fr\/wp-json\/wp\/v2\/media?parent=141067"}],"wp:term":[{"taxonomy":"product_brand","embeddable":true,"href":"https:\/\/mathies-antwerpen.com\/fr\/wp-json\/wp\/v2\/product_brand?post=141067"},{"taxonomy":"product_cat","embeddable":true,"href":"https:\/\/mathies-antwerpen.com\/fr\/wp-json\/wp\/v2\/product_cat?post=141067"},{"taxonomy":"product_tag","embeddable":true,"href":"https:\/\/mathies-antwerpen.com\/fr\/wp-json\/wp\/v2\/product_tag?post=141067"}],"curies":[{"name":"wp","href":"https:\/\/api.w.org\/{rel}","templated":true}]}}