{"id":141144,"date":"2026-01-22T06:02:10","date_gmt":"2026-01-22T06:02:10","guid":{"rendered":"http:\/\/mathies-antwerpen.com\/?post_type=product&#038;p=141144"},"modified":"2026-01-22T06:04:12","modified_gmt":"2026-01-22T06:04:12","slug":"ray53-radio-vhf-marine-recepteur-gps-integre","status":"publish","type":"product","link":"https:\/\/mathies-antwerpen.com\/fr\/produit\/ray53-radio-vhf-marine-recepteur-gps-integre\/","title":{"rendered":"Ray53 Radio VHF Marine \/ R\u00e9cepteur GPS int\u00e9gr\u00e9"},"content":{"rendered":"<p><strong>RAYMARINE<\/strong><\/p>\n<p><strong>Ray53 Radio VHF Marine \/ R\u00e9cepteur GPS int\u00e9gr\u00e9<\/strong><\/p>\n<p>La radio VHF compacte Ray53 de Raymarine int\u00e8gre un r\u00e9cepteur GPS et offre des performances de pointe ainsi qu&rsquo;une connectivit\u00e9 polyvalente.<\/p>\n<p>Caract\u00e9ristiques principales<\/p>\n<p>Radio VHF compacte avec appel s\u00e9lectif num\u00e9rique (ASN)<\/p>\n<p>R\u00e9cepteur GPS int\u00e9gr\u00e9\u00a0; possibilit\u00e9 de connecter une antenne GPS externe (en option)<\/p>\n<p>Connectivit\u00e9 NMEA2000 et NMEA0183<\/p>\n<p>Sortie audio pour haut-parleur passif d\u00e9port\u00e9 (en option)<\/p>\n<p>Garantie revendeur de 3 ans<\/p>\n<p>Livraison gratuite dans le monde entier<br \/>\nMontage et installation sur demande<\/p>\n","protected":false},"excerpt":{"rendered":"<p>RAYMARINE Ray53 Radio VHF Marine \/ R\u00e9cepteur GPS int\u00e9gr\u00e9 La radio VHF compacte Ray53 de Raymarine int\u00e8gre un r\u00e9cepteur GPS et offre des performances de pointe ainsi qu&rsquo;une connectivit\u00e9 polyvalente. Caract\u00e9ristiques principales Radio VHF compacte avec appel s\u00e9lectif num\u00e9rique (ASN) R\u00e9cepteur GPS int\u00e9gr\u00e9\u00a0; possibilit\u00e9 de connecter une antenne GPS externe (en option) Connectivit\u00e9 NMEA2000 et [&hellip;]<\/p>\n","protected":false},"featured_media":141105,"template":"","meta":{"_glsr_average":0,"_glsr_ranking":0,"_glsr_reviews":0},"product_brand":[],"product_cat":[50],"product_tag":[],"class_list":{"0":"post-141144","1":"product","2":"type-product","3":"status-publish","4":"has-post-thumbnail","6":"product_cat-electronique-gps-navigation","8":"first","9":"instock","10":"taxable","11":"shipping-taxable","12":"purchasable","13":"product-type-simple"},"_links":{"self":[{"href":"https:\/\/mathies-antwerpen.com\/fr\/wp-json\/wp\/v2\/product\/141144","targetHints":{"allow":["GET"]}}],"collection":[{"href":"https:\/\/mathies-antwerpen.com\/fr\/wp-json\/wp\/v2\/product"}],"about":[{"href":"https:\/\/mathies-antwerpen.com\/fr\/wp-json\/wp\/v2\/types\/product"}],"wp:featuredmedia":[{"embeddable":true,"href":"https:\/\/mathies-antwerpen.com\/fr\/wp-json\/wp\/v2\/media\/141105"}],"wp:attachment":[{"href":"https:\/\/mathies-antwerpen.com\/fr\/wp-json\/wp\/v2\/media?parent=141144"}],"wp:term":[{"taxonomy":"product_brand","embeddable":true,"href":"https:\/\/mathies-antwerpen.com\/fr\/wp-json\/wp\/v2\/product_brand?post=141144"},{"taxonomy":"product_cat","embeddable":true,"href":"https:\/\/mathies-antwerpen.com\/fr\/wp-json\/wp\/v2\/product_cat?post=141144"},{"taxonomy":"product_tag","embeddable":true,"href":"https:\/\/mathies-antwerpen.com\/fr\/wp-json\/wp\/v2\/product_tag?post=141144"}],"curies":[{"name":"wp","href":"https:\/\/api.w.org\/{rel}","templated":true}]}}