{"id":141219,"date":"2026-01-22T08:01:36","date_gmt":"2026-01-22T08:01:36","guid":{"rendered":"http:\/\/mathies-antwerpen.com\/?post_type=product&#038;p=141219"},"modified":"2026-01-22T08:03:42","modified_gmt":"2026-01-22T08:03:42","slug":"systeme-double-i70s-avec-sondeur-loch-v2-et-anemometre","status":"publish","type":"product","link":"https:\/\/mathies-antwerpen.com\/fr\/produit\/systeme-double-i70s-avec-sondeur-loch-v2-et-anemometre\/","title":{"rendered":"Syst\u00e8me double i70s avec sondeur, loch V2 et an\u00e9mom\u00e8tre"},"content":{"rendered":"<p><strong>RAYMARINE<\/strong><\/p>\n<p><strong>Syst\u00e8me double i70s avec sondeur, loch V2 et an\u00e9mom\u00e8tre<\/strong><\/p>\n<p>L&rsquo;instrument multifonction Raymarine i70s vous offre la possibilit\u00e9 d&rsquo;afficher les donn\u00e9es d&rsquo;instrumentation et de navigation qui vous importent. Dot\u00e9 d&rsquo;un \u00e9cran lumineux de 4,1 pouces, l&rsquo;i70s s&rsquo;adapte facilement \u00e0 vos besoins gr\u00e2ce \u00e0 des affichages num\u00e9riques, analogiques et graphiques pour la profondeur, la vitesse, le vent et bien plus encore. Int\u00e9grez l&rsquo;i70s \u00e0 votre syst\u00e8me d&rsquo;instruments Raymarine existant ou cr\u00e9ez un nouveau r\u00e9seau d&rsquo;\u00e9crans et de capteurs i70.<\/p>\n<p>\u00c9cran LCD surdimensionn\u00e9 ultra-lumineux de 4,1 pouces pour une visibilit\u00e9 optimale.<\/p>\n<p>Technologie d&rsquo;affichage tous temps \u00e0 liaison optique offrant des couleurs \u00e9clatantes, un contraste net et un large angle de vision.<br \/>\nNouveau design Glass Bridge, compatible avec les \u00e9crans multifonctions Raymarine des s\u00e9ries eS et gS.<br \/>\nInterface intuitive avec clavier en caoutchouc moul\u00e9 pour une utilisation pr\u00e9cise en toutes conditions.<br \/>\nAffichage personnalisable des donn\u00e9es de profondeur, de vitesse, de vent et bien plus encore.<br \/>\nCompatible avec le r\u00e9seau SeaTalkng pour une connectivit\u00e9 optimale avec les syst\u00e8mes Raymarine et les r\u00e9seaux NMEA2000*.<\/p>\n<p>Connectivit\u00e9 NMEA2000* pour les donn\u00e9es moteur, environnementales, de carburant et de navigation.<br \/>\nMode r\u00e9cepteur AIS pratique pour le suivi visuel des navires approchants. Cibles AIS \u00e0 proximit\u00e9.<\/p>\n<p>Combinez l&rsquo;i70s avec\u2026 Convertisseur de transducteurs ITC-5 et connexion de transducteurs analogiques de profondeur, de vitesse et de vent<\/p>\n<p>Faces avant et capots de protection noirs (s\u00e9rie eS) et argent\u00e9s (s\u00e9rie e)<\/p>\n<p>Garantie constructeur de 3 ans<\/p>\n<p>Livraison gratuite dans le monde entier<\/p>\n<p>Montage et installation disponibles sur demande<\/p>\n","protected":false},"excerpt":{"rendered":"<p>RAYMARINE Syst\u00e8me double i70s avec sondeur, loch V2 et an\u00e9mom\u00e8tre L&rsquo;instrument multifonction Raymarine i70s vous offre la possibilit\u00e9 d&rsquo;afficher les donn\u00e9es d&rsquo;instrumentation et de navigation qui vous importent. Dot\u00e9 d&rsquo;un \u00e9cran lumineux de 4,1 pouces, l&rsquo;i70s s&rsquo;adapte facilement \u00e0 vos besoins gr\u00e2ce \u00e0 des affichages num\u00e9riques, analogiques et graphiques pour la profondeur, la vitesse, le [&hellip;]<\/p>\n","protected":false},"featured_media":141156,"template":"","meta":{"_glsr_average":0,"_glsr_ranking":0,"_glsr_reviews":0},"product_brand":[],"product_cat":[50],"product_tag":[],"class_list":{"0":"post-141219","1":"product","2":"type-product","3":"status-publish","4":"has-post-thumbnail","6":"product_cat-electronique-gps-navigation","8":"first","9":"instock","10":"taxable","11":"shipping-taxable","12":"purchasable","13":"product-type-simple"},"_links":{"self":[{"href":"https:\/\/mathies-antwerpen.com\/fr\/wp-json\/wp\/v2\/product\/141219","targetHints":{"allow":["GET"]}}],"collection":[{"href":"https:\/\/mathies-antwerpen.com\/fr\/wp-json\/wp\/v2\/product"}],"about":[{"href":"https:\/\/mathies-antwerpen.com\/fr\/wp-json\/wp\/v2\/types\/product"}],"wp:featuredmedia":[{"embeddable":true,"href":"https:\/\/mathies-antwerpen.com\/fr\/wp-json\/wp\/v2\/media\/141156"}],"wp:attachment":[{"href":"https:\/\/mathies-antwerpen.com\/fr\/wp-json\/wp\/v2\/media?parent=141219"}],"wp:term":[{"taxonomy":"product_brand","embeddable":true,"href":"https:\/\/mathies-antwerpen.com\/fr\/wp-json\/wp\/v2\/product_brand?post=141219"},{"taxonomy":"product_cat","embeddable":true,"href":"https:\/\/mathies-antwerpen.com\/fr\/wp-json\/wp\/v2\/product_cat?post=141219"},{"taxonomy":"product_tag","embeddable":true,"href":"https:\/\/mathies-antwerpen.com\/fr\/wp-json\/wp\/v2\/product_tag?post=141219"}],"curies":[{"name":"wp","href":"https:\/\/api.w.org\/{rel}","templated":true}]}}