{"id":141305,"date":"2026-01-23T13:31:14","date_gmt":"2026-01-23T13:31:14","guid":{"rendered":"https:\/\/storempss.com\/?post_type=product&#038;p=141305"},"modified":"2026-01-23T13:33:38","modified_gmt":"2026-01-23T13:33:38","slug":"autopilot-ev200-paquet-lineaire","status":"publish","type":"product","link":"https:\/\/mathies-antwerpen.com\/fr\/produit\/autopilot-ev200-paquet-lineaire\/","title":{"rendered":"Autopilot EV200 Paquet lin\u00e9aire"},"content":{"rendered":"<p><strong>RAYMARINE<\/strong><br \/>\n<strong>Autopilot EV200 Paquet lin\u00e9aire<\/strong><\/p>\n<p>Avec le nouveau pilote automatique EVOLUTION de Raymarine, piloter votre bateau n\u2019a jamais \u00e9t\u00e9 aussi simple. Il n\u2019est plus n\u00e9cessaire d\u2019effectuer un \u00e9talonnage complexe. Gr\u00e2ce au capteur VE intelligent, le pilote automatique surveille tous les mouvements du navire dans toutes les directions et adapte automatiquement la commande aux conditions de la mer sans que l\u2019utilisateur n\u2019ait \u00e0 effectuer d\u2019autres r\u00e9glages. Une arriv\u00e9e s\u00fbre \u00e0 la destination souhait\u00e9e est ainsi garantie.Un autre grand avantage du pilote automatique est la flexibilit\u00e9 dans l\u2019installation. Pendant que vous installez l\u2019unit\u00e9 de commande l\u00e0 o\u00f9 elle est le plus facile \u00e0 atteindre, vous pouvez monter le capteur EV l\u00e0 o\u00f9 il vous convient le mieux. Que ce soit au-dessus ou en dessous du pont, il n\u2019y a aucune restriction sur le montage comme avec les capteurs de direction conventionnels. Le noyau du capteur est prot\u00e9g\u00e9 contre l\u2019infiltration d\u2019eau apr\u00e8s IPx6 et IPx7. Vous pouvez facilement connecter les diff\u00e9rents composants via SeaTalk. Les c\u00e2bles n\u00e9cessaires et un capteur de position sont fournis, et le pilote automatique NMEA2000 est \u00e9galement compatible.<\/p>\n<p><strong>Contenu<\/strong><br \/>\n\u2022 Unit\u00e9 de commande du pilote automatique p70s (avec c\u00e2ble d\u2019alignement SeaTalkng 0,4 m)<br \/>\n\u2022 Unit\u00e9 de contr\u00f4le d\u2019entra\u00eenement ACU-200 (avec c\u00e2ble de voie SeaTalkng \u00e0 extr\u00e9mit\u00e9s ouvertes unilat\u00e9ralement 1,0 m)<br \/>\n\u2022 Actionneur lin\u00e9aire de type 1<br \/>\n\u2022 Capteur de cap EV-1 (avec c\u00e2ble d\u2019alignement SeaTalkng de 1,0 m)<br \/>\n\u2022 G\u00e9n\u00e9rateur de position d\u2019aviron<br \/>\n1 c\u00e2ble d\u2019alimentation SeaTalkng<br \/>\n1 c\u00e2ble backbone SeaTalkng (5 m)<br \/>\n1 c\u00e2ble de piste SeaTalkng (0,4 m)<br \/>\n1 connecteur 5 voies SeaTalkng<br \/>\n2 pi\u00e8ces en T SeaTalkng<br \/>\n2 x SeaTalkng Terminator<\/p>\n<p>3 ans de garantie du fabricant<br \/>\nLivraison gratuite dans le monde entier<br \/>\nMontage et installation sur demande<\/p>\n","protected":false},"excerpt":{"rendered":"<p>RAYMARINE Autopilot EV200 Paquet lin\u00e9aire Avec le nouveau pilote automatique EVOLUTION de Raymarine, piloter votre bateau n\u2019a jamais \u00e9t\u00e9 aussi simple. Il n\u2019est plus n\u00e9cessaire d\u2019effectuer un \u00e9talonnage complexe. Gr\u00e2ce au capteur VE intelligent, le pilote automatique surveille tous les mouvements du navire dans toutes les directions et adapte automatiquement la commande aux conditions de [&hellip;]<\/p>\n","protected":false},"featured_media":141254,"template":"","meta":{"_glsr_average":0,"_glsr_ranking":0,"_glsr_reviews":0},"product_brand":[],"product_cat":[50],"product_tag":[],"class_list":{"0":"post-141305","1":"product","2":"type-product","3":"status-publish","4":"has-post-thumbnail","6":"product_cat-electronique-gps-navigation","8":"first","9":"instock","10":"taxable","11":"shipping-taxable","12":"purchasable","13":"product-type-simple"},"_links":{"self":[{"href":"https:\/\/mathies-antwerpen.com\/fr\/wp-json\/wp\/v2\/product\/141305","targetHints":{"allow":["GET"]}}],"collection":[{"href":"https:\/\/mathies-antwerpen.com\/fr\/wp-json\/wp\/v2\/product"}],"about":[{"href":"https:\/\/mathies-antwerpen.com\/fr\/wp-json\/wp\/v2\/types\/product"}],"wp:featuredmedia":[{"embeddable":true,"href":"https:\/\/mathies-antwerpen.com\/fr\/wp-json\/wp\/v2\/media\/141254"}],"wp:attachment":[{"href":"https:\/\/mathies-antwerpen.com\/fr\/wp-json\/wp\/v2\/media?parent=141305"}],"wp:term":[{"taxonomy":"product_brand","embeddable":true,"href":"https:\/\/mathies-antwerpen.com\/fr\/wp-json\/wp\/v2\/product_brand?post=141305"},{"taxonomy":"product_cat","embeddable":true,"href":"https:\/\/mathies-antwerpen.com\/fr\/wp-json\/wp\/v2\/product_cat?post=141305"},{"taxonomy":"product_tag","embeddable":true,"href":"https:\/\/mathies-antwerpen.com\/fr\/wp-json\/wp\/v2\/product_tag?post=141305"}],"curies":[{"name":"wp","href":"https:\/\/api.w.org\/{rel}","templated":true}]}}