{"id":141343,"date":"2026-01-25T06:41:46","date_gmt":"2026-01-25T06:41:46","guid":{"rendered":"https:\/\/storempss.com\/?post_type=product&#038;p=141343"},"modified":"2026-01-25T06:44:42","modified_gmt":"2026-01-25T06:44:42","slug":"module-de-realite-augmentee-ar200","status":"publish","type":"product","link":"https:\/\/mathies-antwerpen.com\/fr\/produit\/module-de-realite-augmentee-ar200\/","title":{"rendered":"Module de r\u00e9alit\u00e9 augment\u00e9e AR200"},"content":{"rendered":"<p><strong>RAYMARINE<\/strong><br \/>\n<strong>Module de r\u00e9alit\u00e9 augment\u00e9e AR200<\/strong><\/p>\n<p>Prenez des d\u00e9cisions intelligentes et pr\u00e9visionnelles pendant que vous conduisez gr\u00e2ce \u00e0 la r\u00e9alit\u00e9 augment\u00e9e de Raymarine. Cette fonction am\u00e9liore la perception en affichant les objets de navigation directement sur un \u00e9cran multifonction compatible, en qualit\u00e9 haute d\u00e9finition (HD). Compatible avec les appareils en version logicielle\u00a0: Lighthouse 3.7<\/p>\n<p>Code-barres \/ code produit<br \/>\n00723193828724<\/p>\n<p>Num\u00e9ro de mod\u00e8le.<br \/>\nE70537<\/p>\n<p>3 ans de garantie du fabricant<br \/>\nLivraison gratuite dans le monde entier<br \/>\nMontage et installation sur demande<\/p>\n","protected":false},"excerpt":{"rendered":"<p>RAYMARINE Module de r\u00e9alit\u00e9 augment\u00e9e AR200 Prenez des d\u00e9cisions intelligentes et pr\u00e9visionnelles pendant que vous conduisez gr\u00e2ce \u00e0 la r\u00e9alit\u00e9 augment\u00e9e de Raymarine. Cette fonction am\u00e9liore la perception en affichant les objets de navigation directement sur un \u00e9cran multifonction compatible, en qualit\u00e9 haute d\u00e9finition (HD). Compatible avec les appareils en version logicielle\u00a0: Lighthouse 3.7 Code-barres [&hellip;]<\/p>\n","protected":false},"featured_media":141328,"template":"","meta":{"_glsr_average":0,"_glsr_ranking":0,"_glsr_reviews":0},"product_brand":[],"product_cat":[50],"product_tag":[],"class_list":{"0":"post-141343","1":"product","2":"type-product","3":"status-publish","4":"has-post-thumbnail","6":"product_cat-electronique-gps-navigation","8":"first","9":"instock","10":"taxable","11":"shipping-taxable","12":"purchasable","13":"product-type-simple"},"_links":{"self":[{"href":"https:\/\/mathies-antwerpen.com\/fr\/wp-json\/wp\/v2\/product\/141343","targetHints":{"allow":["GET"]}}],"collection":[{"href":"https:\/\/mathies-antwerpen.com\/fr\/wp-json\/wp\/v2\/product"}],"about":[{"href":"https:\/\/mathies-antwerpen.com\/fr\/wp-json\/wp\/v2\/types\/product"}],"wp:featuredmedia":[{"embeddable":true,"href":"https:\/\/mathies-antwerpen.com\/fr\/wp-json\/wp\/v2\/media\/141328"}],"wp:attachment":[{"href":"https:\/\/mathies-antwerpen.com\/fr\/wp-json\/wp\/v2\/media?parent=141343"}],"wp:term":[{"taxonomy":"product_brand","embeddable":true,"href":"https:\/\/mathies-antwerpen.com\/fr\/wp-json\/wp\/v2\/product_brand?post=141343"},{"taxonomy":"product_cat","embeddable":true,"href":"https:\/\/mathies-antwerpen.com\/fr\/wp-json\/wp\/v2\/product_cat?post=141343"},{"taxonomy":"product_tag","embeddable":true,"href":"https:\/\/mathies-antwerpen.com\/fr\/wp-json\/wp\/v2\/product_tag?post=141343"}],"curies":[{"name":"wp","href":"https:\/\/api.w.org\/{rel}","templated":true}]}}