{"id":141369,"date":"2026-01-25T09:46:23","date_gmt":"2026-01-25T09:46:23","guid":{"rendered":"https:\/\/storempss.com\/?post_type=product&#038;p=141369"},"modified":"2026-01-25T09:49:02","modified_gmt":"2026-01-25T09:49:02","slug":"axiom-ecran-multifonction-12","status":"publish","type":"product","link":"https:\/\/mathies-antwerpen.com\/fr\/produit\/axiom-ecran-multifonction-12\/","title":{"rendered":"AXIOM+ \u00c9cran multifonction 12&Prime;"},"content":{"rendered":"<p><strong>Raymarine<\/strong><\/p>\n<p><strong>AXIOM+ \u00c9cran multifonction 12&Prime;<\/strong><\/p>\n<p>L&rsquo;\u00e9cran multifonction Raymarine AXIOM est \u00e9volutif et s&rsquo;adapte \u00e0 vos besoins. Il est compatible avec toute la gamme d&rsquo;accessoires Raymarine, notamment le radar Quantum, le sondeur CHIRP, les cam\u00e9ras thermiques FLIR, l&rsquo;int\u00e9gration audio, les instruments, les cam\u00e9ras et le pilote automatique Evolution. La connectivit\u00e9 Wi-Fi et Bluetooth standard vous permet d&rsquo;acc\u00e9der \u00e0 toutes les applications Raymarine pour tablettes et smartphones.<\/p>\n<p>L&rsquo;\u00e9cran Raymarine AXIOM est fourni avec des kits de montage en surface et sur colonne, la visserie de montage, les c\u00e2bles d&rsquo;alimentation et de donn\u00e9es, ainsi qu&rsquo;un guide d&rsquo;installation.<\/p>\n<p>Taille de l&rsquo;\u00e9cran\u00a0:<br \/>\n\u00c9cran LCD IPS 12,1&Prime; \u00e0 int\u00e9gration optique<\/p>\n<p>R\u00e9solution de l&rsquo;\u00e9cran\u00a0:<br \/>\n1280 x 800 pixels WXGA (HD) IPS<\/p>\n<p>Type d&rsquo;\u00e9cran\u00a0:<br \/>\nTactile<\/p>\n<p>Luminosit\u00e9\u00a0:<br \/>\n1200 nits<\/p>\n<p>Angle de vision\u00a0:<br \/>\n88\u00b0 (haut\/bas\/gauche\/droite)<\/p>\n<p>Dimensions\u00a0:<\/p>\n<p>314 x 217 x 77 mm Dimensions (12,36 po x 8,54 po x 3,00 po)<\/p>\n<p>Poids<\/p>\n<p>2,84 kg (6,25 lb)<\/p>\n<p>Installation<br \/>\nSur le dessus, sur le comptoir, en fa\u00e7ade ou sur support<\/p>\n<p>\u00c9tanch\u00e9it\u00e9<\/p>\n<p>IPX6 \/ IPX7<\/p>\n<p>Temp\u00e9rature de fonctionnement<\/p>\n<p>-25 \u00b0C \u00e0 +55 \u00b0C (-13 \u00b0F \u00e0 131 \u00b0F)<\/p>\n<p>Temp\u00e9rature de stockage<\/p>\n<p>-30 \u00b0C \u00e0 +70 \u00b0C (-22 \u00b0F \u00e0 158 \u00b0F)<\/p>\n<p>Garantie constructeur de 3 ans<\/p>\n<p>Livraison gratuite dans le monde entier<br \/>\nMontage et installation disponibles sur demande<\/p>\n","protected":false},"excerpt":{"rendered":"<p>Raymarine AXIOM+ \u00c9cran multifonction 12&Prime; L&rsquo;\u00e9cran multifonction Raymarine AXIOM est \u00e9volutif et s&rsquo;adapte \u00e0 vos besoins. Il est compatible avec toute la gamme d&rsquo;accessoires Raymarine, notamment le radar Quantum, le sondeur CHIRP, les cam\u00e9ras thermiques FLIR, l&rsquo;int\u00e9gration audio, les instruments, les cam\u00e9ras et le pilote automatique Evolution. La connectivit\u00e9 Wi-Fi et Bluetooth standard vous permet [&hellip;]<\/p>\n","protected":false},"featured_media":141355,"template":"","meta":{"_glsr_average":0,"_glsr_ranking":0,"_glsr_reviews":0},"product_brand":[],"product_cat":[50],"product_tag":[],"class_list":{"0":"post-141369","1":"product","2":"type-product","3":"status-publish","4":"has-post-thumbnail","6":"product_cat-electronique-gps-navigation","8":"first","9":"instock","10":"taxable","11":"shipping-taxable","12":"purchasable","13":"product-type-simple"},"_links":{"self":[{"href":"https:\/\/mathies-antwerpen.com\/fr\/wp-json\/wp\/v2\/product\/141369","targetHints":{"allow":["GET"]}}],"collection":[{"href":"https:\/\/mathies-antwerpen.com\/fr\/wp-json\/wp\/v2\/product"}],"about":[{"href":"https:\/\/mathies-antwerpen.com\/fr\/wp-json\/wp\/v2\/types\/product"}],"wp:featuredmedia":[{"embeddable":true,"href":"https:\/\/mathies-antwerpen.com\/fr\/wp-json\/wp\/v2\/media\/141355"}],"wp:attachment":[{"href":"https:\/\/mathies-antwerpen.com\/fr\/wp-json\/wp\/v2\/media?parent=141369"}],"wp:term":[{"taxonomy":"product_brand","embeddable":true,"href":"https:\/\/mathies-antwerpen.com\/fr\/wp-json\/wp\/v2\/product_brand?post=141369"},{"taxonomy":"product_cat","embeddable":true,"href":"https:\/\/mathies-antwerpen.com\/fr\/wp-json\/wp\/v2\/product_cat?post=141369"},{"taxonomy":"product_tag","embeddable":true,"href":"https:\/\/mathies-antwerpen.com\/fr\/wp-json\/wp\/v2\/product_tag?post=141369"}],"curies":[{"name":"wp","href":"https:\/\/api.w.org\/{rel}","templated":true}]}}