{"id":141434,"date":"2026-01-26T10:36:27","date_gmt":"2026-01-26T10:36:27","guid":{"rendered":"https:\/\/storempss.com\/?post_type=product&#038;p=141434"},"modified":"2026-01-26T10:51:29","modified_gmt":"2026-01-26T10:51:29","slug":"pare-battage-long-de-haute-qualite-noir","status":"publish","type":"product","link":"https:\/\/mathies-antwerpen.com\/fr\/produit\/pare-battage-long-de-haute-qualite-noir\/","title":{"rendered":"Pare-battage long de haute qualit\u00e9 \/ noir"},"content":{"rendered":"<p><strong>SEATEC<\/strong><br \/>\n<strong>Pare-battage long de haute qualit\u00e9 \/ noir<\/strong><\/p>\n<p>haute qualit\u00e9<br \/>\nanneaux renforc\u00e9s<br \/>\nutilisable \u00e0 la verticale ou \u00e0 l&rsquo;horizontale<br \/>\nconvient \u00e0 la plaisance ou pour des petits bateaux de travail<\/p>\n","protected":false},"excerpt":{"rendered":"<p>SEATEC Pare-battage long de haute qualit\u00e9 \/ noir haute qualit\u00e9 anneaux renforc\u00e9s utilisable \u00e0 la verticale ou \u00e0 l&rsquo;horizontale convient \u00e0 la plaisance ou pour des petits bateaux de travail<\/p>\n","protected":false},"featured_media":141422,"template":"","meta":{"_glsr_average":0,"_glsr_ranking":0,"_glsr_reviews":0},"product_brand":[],"product_cat":[110],"product_tag":[],"class_list":{"0":"post-141434","1":"product","2":"type-product","3":"status-publish","4":"has-post-thumbnail","6":"product_cat-pare-battage-long-de-haute-qualite-noir","8":"first","9":"instock","10":"taxable","11":"shipping-taxable","12":"purchasable","13":"product-type-variable"},"_links":{"self":[{"href":"https:\/\/mathies-antwerpen.com\/fr\/wp-json\/wp\/v2\/product\/141434","targetHints":{"allow":["GET"]}}],"collection":[{"href":"https:\/\/mathies-antwerpen.com\/fr\/wp-json\/wp\/v2\/product"}],"about":[{"href":"https:\/\/mathies-antwerpen.com\/fr\/wp-json\/wp\/v2\/types\/product"}],"wp:featuredmedia":[{"embeddable":true,"href":"https:\/\/mathies-antwerpen.com\/fr\/wp-json\/wp\/v2\/media\/141422"}],"wp:attachment":[{"href":"https:\/\/mathies-antwerpen.com\/fr\/wp-json\/wp\/v2\/media?parent=141434"}],"wp:term":[{"taxonomy":"product_brand","embeddable":true,"href":"https:\/\/mathies-antwerpen.com\/fr\/wp-json\/wp\/v2\/product_brand?post=141434"},{"taxonomy":"product_cat","embeddable":true,"href":"https:\/\/mathies-antwerpen.com\/fr\/wp-json\/wp\/v2\/product_cat?post=141434"},{"taxonomy":"product_tag","embeddable":true,"href":"https:\/\/mathies-antwerpen.com\/fr\/wp-json\/wp\/v2\/product_tag?post=141434"}],"curies":[{"name":"wp","href":"https:\/\/api.w.org\/{rel}","templated":true}]}}