{"id":141581,"date":"2026-01-26T22:00:27","date_gmt":"2026-01-26T22:00:27","guid":{"rendered":"https:\/\/storempss.com\/?post_type=product&#038;p=141581"},"modified":"2026-01-26T22:18:07","modified_gmt":"2026-01-26T22:18:07","slug":"pare-battage-spherique-blanc","status":"publish","type":"product","link":"https:\/\/mathies-antwerpen.com\/fr\/produit\/pare-battage-spherique-blanc\/","title":{"rendered":"Pare-battage sph\u00e9rique \/ blanc"},"content":{"rendered":"<p><strong>SEATEC<\/strong><br \/>\n<strong>Pare-battage sph\u00e9rique \/ blanc<\/strong><\/p>\n<p>Pare-battages sph\u00e9riques et bou\u00e9es de marquage ultrar\u00e9sistants et gonflables. \u0152illets renforc\u00e9s. Conviennent aux bateaux de plaisance aussi bien qu&rsquo;aux embarcations de travail l\u00e9g\u00e8res.<\/p>\n","protected":false},"excerpt":{"rendered":"<p>SEATEC Pare-battage sph\u00e9rique \/ blanc Pare-battages sph\u00e9riques et bou\u00e9es de marquage ultrar\u00e9sistants et gonflables. \u0152illets renforc\u00e9s. Conviennent aux bateaux de plaisance aussi bien qu&rsquo;aux embarcations de travail l\u00e9g\u00e8res.<\/p>\n","protected":false},"featured_media":141555,"template":"","meta":{"_glsr_average":0,"_glsr_ranking":0,"_glsr_reviews":0},"product_brand":[],"product_cat":[111],"product_tag":[],"class_list":{"0":"post-141581","1":"product","2":"type-product","3":"status-publish","4":"has-post-thumbnail","6":"product_cat-pare-battage-spherique-blanc","8":"first","9":"instock","10":"taxable","11":"shipping-taxable","12":"purchasable","13":"product-type-variable"},"_links":{"self":[{"href":"https:\/\/mathies-antwerpen.com\/fr\/wp-json\/wp\/v2\/product\/141581","targetHints":{"allow":["GET"]}}],"collection":[{"href":"https:\/\/mathies-antwerpen.com\/fr\/wp-json\/wp\/v2\/product"}],"about":[{"href":"https:\/\/mathies-antwerpen.com\/fr\/wp-json\/wp\/v2\/types\/product"}],"wp:featuredmedia":[{"embeddable":true,"href":"https:\/\/mathies-antwerpen.com\/fr\/wp-json\/wp\/v2\/media\/141555"}],"wp:attachment":[{"href":"https:\/\/mathies-antwerpen.com\/fr\/wp-json\/wp\/v2\/media?parent=141581"}],"wp:term":[{"taxonomy":"product_brand","embeddable":true,"href":"https:\/\/mathies-antwerpen.com\/fr\/wp-json\/wp\/v2\/product_brand?post=141581"},{"taxonomy":"product_cat","embeddable":true,"href":"https:\/\/mathies-antwerpen.com\/fr\/wp-json\/wp\/v2\/product_cat?post=141581"},{"taxonomy":"product_tag","embeddable":true,"href":"https:\/\/mathies-antwerpen.com\/fr\/wp-json\/wp\/v2\/product_tag?post=141581"}],"curies":[{"name":"wp","href":"https:\/\/api.w.org\/{rel}","templated":true}]}}