{"id":141681,"date":"2026-01-26T22:30:53","date_gmt":"2026-01-26T22:30:53","guid":{"rendered":"https:\/\/storempss.com\/?post_type=product&#038;p=141681"},"modified":"2026-01-26T22:34:28","modified_gmt":"2026-01-26T22:34:28","slug":"pare-battage-spherique-bleu","status":"publish","type":"product","link":"https:\/\/mathies-antwerpen.com\/fr\/produit\/pare-battage-spherique-bleu\/","title":{"rendered":"Pare-battage sph\u00e9rique \/ bleu"},"content":{"rendered":"<p><strong>SEATEC<\/strong><br \/>\n<strong>Pare-battage sph\u00e9rique \/ bleu<\/strong><\/p>\n<p>Pare-battages sph\u00e9riques et bou\u00e9es de marquage ultrar\u00e9sistants et gonflables. \u0152illets renforc\u00e9s. Conviennent aux bateaux de plaisance aussi bien qu&rsquo;aux embarcations de travail l\u00e9g\u00e8res.<\/p>\n","protected":false},"excerpt":{"rendered":"<p>SEATEC Pare-battage sph\u00e9rique \/ bleu Pare-battages sph\u00e9riques et bou\u00e9es de marquage ultrar\u00e9sistants et gonflables. \u0152illets renforc\u00e9s. Conviennent aux bateaux de plaisance aussi bien qu&rsquo;aux embarcations de travail l\u00e9g\u00e8res.<\/p>\n","protected":false},"featured_media":141563,"template":"","meta":{"_glsr_average":0,"_glsr_ranking":0,"_glsr_reviews":0},"product_brand":[],"product_cat":[112],"product_tag":[],"class_list":{"0":"post-141681","1":"product","2":"type-product","3":"status-publish","4":"has-post-thumbnail","6":"product_cat-pare-battage-spherique-bleu","8":"first","9":"instock","10":"taxable","11":"shipping-taxable","12":"purchasable","13":"product-type-variable"},"_links":{"self":[{"href":"https:\/\/mathies-antwerpen.com\/fr\/wp-json\/wp\/v2\/product\/141681","targetHints":{"allow":["GET"]}}],"collection":[{"href":"https:\/\/mathies-antwerpen.com\/fr\/wp-json\/wp\/v2\/product"}],"about":[{"href":"https:\/\/mathies-antwerpen.com\/fr\/wp-json\/wp\/v2\/types\/product"}],"wp:featuredmedia":[{"embeddable":true,"href":"https:\/\/mathies-antwerpen.com\/fr\/wp-json\/wp\/v2\/media\/141563"}],"wp:attachment":[{"href":"https:\/\/mathies-antwerpen.com\/fr\/wp-json\/wp\/v2\/media?parent=141681"}],"wp:term":[{"taxonomy":"product_brand","embeddable":true,"href":"https:\/\/mathies-antwerpen.com\/fr\/wp-json\/wp\/v2\/product_brand?post=141681"},{"taxonomy":"product_cat","embeddable":true,"href":"https:\/\/mathies-antwerpen.com\/fr\/wp-json\/wp\/v2\/product_cat?post=141681"},{"taxonomy":"product_tag","embeddable":true,"href":"https:\/\/mathies-antwerpen.com\/fr\/wp-json\/wp\/v2\/product_tag?post=141681"}],"curies":[{"name":"wp","href":"https:\/\/api.w.org\/{rel}","templated":true}]}}