{"id":141848,"date":"2026-01-27T13:50:47","date_gmt":"2026-01-27T13:50:47","guid":{"rendered":"https:\/\/storempss.com\/?post_type=product&#038;p=141848"},"modified":"2026-01-27T13:53:24","modified_gmt":"2026-01-27T13:53:24","slug":"raymarine-cable-de-donnees-quantum-25-m","status":"publish","type":"product","link":"https:\/\/mathies-antwerpen.com\/fr\/produit\/raymarine-cable-de-donnees-quantum-25-m\/","title":{"rendered":"RAYMARINE &#8211; C\u00e2ble de donn\u00e9es Quantum 25 m"},"content":{"rendered":"<p>RAYMARINE &#8211; C\u00e2ble de donn\u00e9es Quantum 25 m<\/p>\n<p>A80311<\/p>\n","protected":false},"excerpt":{"rendered":"<p>RAYMARINE &#8211; C\u00e2ble de donn\u00e9es Quantum 25 m A80311<\/p>\n","protected":false},"featured_media":141842,"template":"","meta":{"_glsr_average":0,"_glsr_ranking":0,"_glsr_reviews":0},"product_brand":[],"product_cat":[50],"product_tag":[],"class_list":{"0":"post-141848","1":"product","2":"type-product","3":"status-publish","4":"has-post-thumbnail","6":"product_cat-electronique-gps-navigation","8":"first","9":"instock","10":"taxable","11":"shipping-taxable","12":"purchasable","13":"product-type-simple"},"_links":{"self":[{"href":"https:\/\/mathies-antwerpen.com\/fr\/wp-json\/wp\/v2\/product\/141848","targetHints":{"allow":["GET"]}}],"collection":[{"href":"https:\/\/mathies-antwerpen.com\/fr\/wp-json\/wp\/v2\/product"}],"about":[{"href":"https:\/\/mathies-antwerpen.com\/fr\/wp-json\/wp\/v2\/types\/product"}],"wp:featuredmedia":[{"embeddable":true,"href":"https:\/\/mathies-antwerpen.com\/fr\/wp-json\/wp\/v2\/media\/141842"}],"wp:attachment":[{"href":"https:\/\/mathies-antwerpen.com\/fr\/wp-json\/wp\/v2\/media?parent=141848"}],"wp:term":[{"taxonomy":"product_brand","embeddable":true,"href":"https:\/\/mathies-antwerpen.com\/fr\/wp-json\/wp\/v2\/product_brand?post=141848"},{"taxonomy":"product_cat","embeddable":true,"href":"https:\/\/mathies-antwerpen.com\/fr\/wp-json\/wp\/v2\/product_cat?post=141848"},{"taxonomy":"product_tag","embeddable":true,"href":"https:\/\/mathies-antwerpen.com\/fr\/wp-json\/wp\/v2\/product_tag?post=141848"}],"curies":[{"name":"wp","href":"https:\/\/api.w.org\/{rel}","templated":true}]}}