{"id":142096,"date":"2026-02-06T12:45:23","date_gmt":"2026-02-06T12:45:23","guid":{"rendered":"https:\/\/storempss.com\/?post_type=product&#038;p=142096"},"modified":"2026-02-06T13:01:10","modified_gmt":"2026-02-06T13:01:10","slug":"2x-axiom-12-avec-systeme-radar-doppler-quantum-2-q24c","status":"publish","type":"product","link":"https:\/\/mathies-antwerpen.com\/fr\/produit\/2x-axiom-12-avec-systeme-radar-doppler-quantum-2-q24c\/","title":{"rendered":"2x AXIOM+ 12 avec syst\u00e8me radar Doppler QUANTUM 2 Q24C"},"content":{"rendered":"<p><strong>RAYMARINE<\/strong><br \/>\n<strong>2x AXIOM+ 12 avec syst\u00e8me radar Doppler QUANTUM 2 Q24C, c\u00e2ble d\u2019alimentation et de donn\u00e9es 15 m inclus<\/strong><\/p>\n<p>Le Raymarine AXIOM+ est dot\u00e9 du nouvel \u00e9cran HydroToughTM nettement plus lumineux, d\u2019une m\u00e9moire interne accrue et d\u2019un processeur quad-core plus rapide. L\u2019antenne radar QUANTUM offre des images nettes \u00e0 courte et longue distance.<\/p>\n<p><strong>Ce kit contient:<\/strong><\/p>\n<p><strong>1 x AXIOM+ 12 avec AIS700, 1 x AXIOM+ 12 (\u00e9cran multifonction 12&Prime;), 1 x syst\u00e8me radar Doopler QUANTUM 2 Q24C et 15 m de c\u00e2ble d\u2019alimentation et de donn\u00e9es.<\/strong><\/p>\n<p><strong>Donn\u00e9es techniques<\/strong><\/p>\n<p>Taille de l\u2019\u00e9cran<br \/>\n12&Prime;<\/p>\n<p>R\u00e9solution de l\u2019\u00e9cran<br \/>\n1280 x 800<\/p>\n<p>Type d\u2019affichage<br \/>\nMultitouch avec HydroTough (rev\u00eatement r\u00e9sistant)<\/p>\n<p>Luminosit\u00e9<br \/>\n1800 nits<\/p>\n<p>Angle de vision<br \/>\n88\u00b0 en haut, en bas, gauche, droite<\/p>\n<p>tension<br \/>\n12 V CC (8 &#8211; 16 V CC)<\/p>\n<p>Consommation d\u2019\u00e9nergie<br \/>\n15,48 W<\/p>\n<p>Ethernet<br \/>\nOui, 1 connexion<\/p>\n<p>NMEA2000<br \/>\nOui, 1 connexion<\/p>\n<p>NMEA0183<br \/>\nNon<\/p>\n<p>SeaTalkNG<br \/>\nC\u00e2ble adaptateur n\u00e9cessaire<\/p>\n<p>USB<br \/>\n1 USB mircoAB<\/p>\n<p>WiFi<br \/>\nOui<\/p>\n<p>Bluetooth<br \/>\nOui 4.0<\/p>\n<p>GPS<br \/>\nInt\u00e9gr\u00e9 (10 Hz, 28 canaux)<br \/>\nGPS\/GLONASS\/Galileo\/Beidou<\/p>\n<p>Sonar<br \/>\nFacultatif<\/p>\n<p>Radar<br \/>\nCompatible avec Quantum, Digital, HD Color\/Super HD Color et Magnum<\/p>\n<p>Antennes radar<\/p>\n<p>AIS<br \/>\nOui, via NMEA2000<\/p>\n<p>Compatibilit\u00e9 des cartes marines<br \/>\nNavionics, C-MAP et Lighthouse<\/p>\n<p>Fente pour cartes<br \/>\n1x<\/p>\n<p>Commande du pilote automatique<br \/>\nEvolution Autopilot<\/p>\n<p>Image thermique<br \/>\nFLIR AX8, M232, s\u00e9rie M300, M400, M500<\/p>\n<p>Vid\u00e9o\/cam\u00e9ra<br \/>\nCompatible avec CAM210IP et CAM220IP (max 10 cam\u00e9ras)<\/p>\n<p>Temp\u00e9rature de fonctionnement<br \/>\n-25 \u00e0 +55 \u00b0C<\/p>\n<p>Temp\u00e9rature de stockage<br \/>\n-30 \u00e0 +70 \u00b0C<\/p>\n<p>\u00c9tanche<br \/>\nIPX6 \/ IPX7<\/p>\n<p>Dimensions<br \/>\n314 x 217 x 77 mm<\/p>\n<p>Poids<br \/>\n2,72 kg<\/p>\n<p>3 ans de garantie du fabricant<br \/>\nLivraison gratuite dans le monde entier<br \/>\nMontage et installation sur demande<\/p>\n","protected":false},"excerpt":{"rendered":"<p>3 ans de garantie du fabricant<br \/>\nLivraison gratuite dans le monde entier<br \/>\nMontage et installation sur demande<\/p>\n","protected":false},"featured_media":142052,"template":"","meta":{"_glsr_average":0,"_glsr_ranking":0,"_glsr_reviews":0},"product_brand":[],"product_cat":[50],"product_tag":[],"class_list":{"0":"post-142096","1":"product","2":"type-product","3":"status-publish","4":"has-post-thumbnail","6":"product_cat-electronique-gps-navigation","8":"first","9":"instock","10":"taxable","11":"shipping-taxable","12":"purchasable","13":"product-type-simple"},"_links":{"self":[{"href":"https:\/\/mathies-antwerpen.com\/fr\/wp-json\/wp\/v2\/product\/142096","targetHints":{"allow":["GET"]}}],"collection":[{"href":"https:\/\/mathies-antwerpen.com\/fr\/wp-json\/wp\/v2\/product"}],"about":[{"href":"https:\/\/mathies-antwerpen.com\/fr\/wp-json\/wp\/v2\/types\/product"}],"wp:featuredmedia":[{"embeddable":true,"href":"https:\/\/mathies-antwerpen.com\/fr\/wp-json\/wp\/v2\/media\/142052"}],"wp:attachment":[{"href":"https:\/\/mathies-antwerpen.com\/fr\/wp-json\/wp\/v2\/media?parent=142096"}],"wp:term":[{"taxonomy":"product_brand","embeddable":true,"href":"https:\/\/mathies-antwerpen.com\/fr\/wp-json\/wp\/v2\/product_brand?post=142096"},{"taxonomy":"product_cat","embeddable":true,"href":"https:\/\/mathies-antwerpen.com\/fr\/wp-json\/wp\/v2\/product_cat?post=142096"},{"taxonomy":"product_tag","embeddable":true,"href":"https:\/\/mathies-antwerpen.com\/fr\/wp-json\/wp\/v2\/product_tag?post=142096"}],"curies":[{"name":"wp","href":"https:\/\/api.w.org\/{rel}","templated":true}]}}