{"id":142185,"date":"2026-02-08T11:51:27","date_gmt":"2026-02-08T11:51:27","guid":{"rendered":"https:\/\/storempss.com\/?post_type=product&#038;p=142185"},"modified":"2026-02-08T11:56:02","modified_gmt":"2026-02-08T11:56:02","slug":"cordage-de-pare-battage-noir-26-m","status":"publish","type":"product","link":"https:\/\/mathies-antwerpen.com\/fr\/produit\/cordage-de-pare-battage-noir-26-m\/","title":{"rendered":"Cordage de pare-battage noir 2,6 m"},"content":{"rendered":"<p><strong>SEATEC<\/strong><br \/>\n<strong>Cordage de pare-battage noir \/ 2,6 m \/ 12 mm \/ la paire<\/strong><\/p>\n<p>Cordage pour pare-battage, facile \u00e0 manipuler ! Bout en nylon, avec un petit \u0153il \u00e9piss\u00e9, \u00e0 passer dans la d\u00e9fense. L&rsquo;autre extr\u00e9mit\u00e9 est coup\u00e9 \u00e0 chaud puis surli\u00e9e.<\/p>\n<p>Couleur:<br \/>\nNoir<\/p>\n<p>Longueur :<br \/>\n2,6 m<\/p>\n<p>Diam\u00e8tre du cordage:<br \/>\n12 mm<\/p>\n<p>Contenu de la livraison: 2 lignes<\/p>\n<p>Note<br \/>\nLes cordages pour d\u00e9fense sont adapt\u00e9s \u00e0 toutes les d\u00e9fenses SEATEC \u00e0 partir du mod\u00e8le F1 et \u00e0 toutes les d\u00e9fenses POLYFORM \u00e0 partir du mod\u00e8le F2 ainsi qu&rsquo;au d\u00e9fenses ballon de taille A1.<\/p>\n","protected":false},"excerpt":{"rendered":"<p>SEATEC Cordage de pare-battage noir \/ 2,6 m \/ 12 mm \/ la paire Cordage pour pare-battage, facile \u00e0 manipuler ! Bout en nylon, avec un petit \u0153il \u00e9piss\u00e9, \u00e0 passer dans la d\u00e9fense. L&rsquo;autre extr\u00e9mit\u00e9 est coup\u00e9 \u00e0 chaud puis surli\u00e9e. Couleur: Noir Longueur : 2,6 m Diam\u00e8tre du cordage: 12 mm Contenu de [&hellip;]<\/p>\n","protected":false},"featured_media":141770,"template":"","meta":{"_glsr_average":0,"_glsr_ranking":0,"_glsr_reviews":0},"product_brand":[],"product_cat":[149],"product_tag":[],"class_list":{"0":"post-142185","1":"product","2":"type-product","3":"status-publish","4":"has-post-thumbnail","6":"product_cat-cordage-de-pare-battage-noir","8":"first","9":"instock","10":"taxable","11":"shipping-taxable","12":"purchasable","13":"product-type-simple"},"_links":{"self":[{"href":"https:\/\/mathies-antwerpen.com\/fr\/wp-json\/wp\/v2\/product\/142185","targetHints":{"allow":["GET"]}}],"collection":[{"href":"https:\/\/mathies-antwerpen.com\/fr\/wp-json\/wp\/v2\/product"}],"about":[{"href":"https:\/\/mathies-antwerpen.com\/fr\/wp-json\/wp\/v2\/types\/product"}],"wp:featuredmedia":[{"embeddable":true,"href":"https:\/\/mathies-antwerpen.com\/fr\/wp-json\/wp\/v2\/media\/141770"}],"wp:attachment":[{"href":"https:\/\/mathies-antwerpen.com\/fr\/wp-json\/wp\/v2\/media?parent=142185"}],"wp:term":[{"taxonomy":"product_brand","embeddable":true,"href":"https:\/\/mathies-antwerpen.com\/fr\/wp-json\/wp\/v2\/product_brand?post=142185"},{"taxonomy":"product_cat","embeddable":true,"href":"https:\/\/mathies-antwerpen.com\/fr\/wp-json\/wp\/v2\/product_cat?post=142185"},{"taxonomy":"product_tag","embeddable":true,"href":"https:\/\/mathies-antwerpen.com\/fr\/wp-json\/wp\/v2\/product_tag?post=142185"}],"curies":[{"name":"wp","href":"https:\/\/api.w.org\/{rel}","templated":true}]}}