{"id":142249,"date":"2026-02-08T13:29:40","date_gmt":"2026-02-08T13:29:40","guid":{"rendered":"https:\/\/storempss.com\/?post_type=product&#038;p=142249"},"modified":"2026-02-08T13:32:34","modified_gmt":"2026-02-08T13:32:34","slug":"axiom-9-touch-sondeur-realvision-3d-capteur-cpt-100-dvs","status":"publish","type":"product","link":"https:\/\/mathies-antwerpen.com\/fr\/produit\/axiom-9-touch-sondeur-realvision-3d-capteur-cpt-100-dvs\/","title":{"rendered":"AXIOM 9 \/ Touch \/ Sondeur RealVision 3D \/ capteur CPT-100 DVS"},"content":{"rendered":"<p><strong>RAYMARINE<\/strong><br \/>\n<strong>AXIOM 9 \/ Touch \/ avec sondeur RealVision 3D int\u00e9gr\u00e9 et capteur CPT-100 DVS<\/strong><\/p>\n<p>Un nouveau syst\u00e8me de navigation multifonction puissant de Raymarine. Avec le nouveau syst\u00e8me d\u2019exploitation LightHouse 3 et la performance ultra rapide quad-core, Axiom va changer votre temps sur l\u2019eau.<\/p>\n<p>Le module de sondeur 3D RealVision int\u00e9gr\u00e9 r\u00e9unit les sondes CHIRP DownVision, CHIRP SideVision, CHIRP haute fr\u00e9quence et RealVision 3D dans un seul bo\u00eetier.<br \/>\nD\u00e9tectez facilement les structures sous-marines et trouvez facilement vos poissons cibles gr\u00e2ce \u00e0 la clart\u00e9 du sonar RealVision 3D.<br \/>\nLe spectre large CHIRP transmet 60 fr\u00e9quences diff\u00e9rentes pour offrir des images de sonars incroyablement r\u00e9alistes et une exp\u00e9rience de p\u00eache exceptionnelle.<br \/>\nLe capteur arri\u00e8re CPT-100 DVS correspondant est d\u00e9j\u00e0 inclus dans la livraison.<\/p>\n<p>3 ans de garantie du fabricant<br \/>\nLivraison gratuite dans le monde entier<br \/>\nMontage et installation sur demande<\/p>\n","protected":false},"excerpt":{"rendered":"<p>RAYMARINE AXIOM 9 \/ Touch \/ avec sondeur RealVision 3D int\u00e9gr\u00e9 et capteur CPT-100 DVS Un nouveau syst\u00e8me de navigation multifonction puissant de Raymarine. Avec le nouveau syst\u00e8me d\u2019exploitation LightHouse 3 et la performance ultra rapide quad-core, Axiom va changer votre temps sur l\u2019eau. Le module de sondeur 3D RealVision int\u00e9gr\u00e9 r\u00e9unit les sondes CHIRP [&hellip;]<\/p>\n","protected":false},"featured_media":142210,"template":"","meta":{"_glsr_average":0,"_glsr_ranking":0,"_glsr_reviews":0},"product_brand":[],"product_cat":[50],"product_tag":[],"class_list":{"0":"post-142249","1":"product","2":"type-product","3":"status-publish","4":"has-post-thumbnail","6":"product_cat-electronique-gps-navigation","8":"first","9":"instock","10":"taxable","11":"shipping-taxable","12":"purchasable","13":"product-type-simple"},"_links":{"self":[{"href":"https:\/\/mathies-antwerpen.com\/fr\/wp-json\/wp\/v2\/product\/142249","targetHints":{"allow":["GET"]}}],"collection":[{"href":"https:\/\/mathies-antwerpen.com\/fr\/wp-json\/wp\/v2\/product"}],"about":[{"href":"https:\/\/mathies-antwerpen.com\/fr\/wp-json\/wp\/v2\/types\/product"}],"wp:featuredmedia":[{"embeddable":true,"href":"https:\/\/mathies-antwerpen.com\/fr\/wp-json\/wp\/v2\/media\/142210"}],"wp:attachment":[{"href":"https:\/\/mathies-antwerpen.com\/fr\/wp-json\/wp\/v2\/media?parent=142249"}],"wp:term":[{"taxonomy":"product_brand","embeddable":true,"href":"https:\/\/mathies-antwerpen.com\/fr\/wp-json\/wp\/v2\/product_brand?post=142249"},{"taxonomy":"product_cat","embeddable":true,"href":"https:\/\/mathies-antwerpen.com\/fr\/wp-json\/wp\/v2\/product_cat?post=142249"},{"taxonomy":"product_tag","embeddable":true,"href":"https:\/\/mathies-antwerpen.com\/fr\/wp-json\/wp\/v2\/product_tag?post=142249"}],"curies":[{"name":"wp","href":"https:\/\/api.w.org\/{rel}","templated":true}]}}