{"id":142530,"date":"2026-02-22T22:22:03","date_gmt":"2026-02-22T22:22:03","guid":{"rendered":"https:\/\/storempss.com\/?post_type=product&#038;p=142530"},"modified":"2026-02-22T22:27:11","modified_gmt":"2026-02-22T22:27:11","slug":"ilot-de-sauvetage-sea-master-plus-conteneur","status":"publish","type":"product","link":"https:\/\/mathies-antwerpen.com\/fr\/produit\/ilot-de-sauvetage-sea-master-plus-conteneur\/","title":{"rendered":"\u00celot de sauvetage SEA MASTER PLUS \/ Conteneur"},"content":{"rendered":"<p><strong>SEAGO<\/strong><br \/>\n<strong>\u00celot de sauvetage SEA MASTER PLUS \/ Conteneur \/ ISO 9650-1 Type 1<\/strong><\/p>\n<p>Le SEAGO Life-Aid Island SEA MASTER PLUS est adapt\u00e9 \u00e0 une utilisation offshore sans restriction et r\u00e9pond \u00e0 la derni\u00e8re norme ISO 9650-1 type 1 (anciennement ISO 9650-1) ainsi qu\u2019aux exigences de l\u2019OSR 4.20.2 (d) pour les r\u00e9gates de cat\u00e9gorie 1 et 2.<\/p>\n<p>L\u2019\u00eelot de sauvetage est constitu\u00e9 d\u2019un syst\u00e8me \u00e0 trois chambres\u00a0: deux corps de flottaison s\u00e9par\u00e9s dispos\u00e9s les uns au-dessus des autres et une structure porteuse pour le toit de protection contre la m\u00e9t\u00e9o. Les intervalles d\u2019entretien sont de 3 ans et le fabricant offre une garantie de 18 ans pour les entretiens r\u00e9guliers. Les \u00eeles sont emball\u00e9es sous vide et livr\u00e9es soit dans un conteneur, soit dans un sac robuste.<br \/>\nSp\u00e9cification\u00a0: mat\u00e9riau test\u00e9 SOLAS pour corps de flotteur, toit de protection contre les intemp\u00e9ries, bande r\u00e9fl\u00e9chissante et syst\u00e8me d\u2019empilement automatique, certificat ISO du Germanischer Lloyd, rampe d\u2019acc\u00e8s pour un acc\u00e8s plus facile, \u00e9clairage int\u00e9rieur et ext\u00e9rieur, fente de ventilation, fen\u00eatre de vidange, syst\u00e8me de collecte des eaux pluviales, sol isol\u00e9 thermiquement, supports externes et internes, 2 x soupapes de surpression, 3 x soupapes de soufflage\/ventilation, manuel d\u2019utilisation, sangle sous le sol pour pouvoir \u00e9lever l\u2019\u00eelot en cas d\u2019urgence.<\/p>\n<p>1 paire de pagaies<br \/>\n3 x torches manuelles<br \/>\n2 x fus\u00e9es parachutistes<br \/>\n1 x panneau d\u2019instructions (pictogramme)<br \/>\n1 x couteau flottant<br \/>\n1 x ancre maritime<br \/>\n1 kit de r\u00e9paration<br \/>\n1 x bulle<br \/>\n1 x r\u00e9troviseur de signal<br \/>\n1 x Bou\u00e9e de sauvetage avec 30 m de ligne<br \/>\n1 x lampe de poche<br \/>\n1 x pipe \u00e0 trimmer<br \/>\n1 x mousse<br \/>\n2 x \u00e9ponge<br \/>\n1 x r\u00e9cipient \u00e0 boire<br \/>\n2 x combinaisons de protection contre le froid<br \/>\n1 x ration d\u2019eau (0,5 litre par personne)<br \/>\npar personne 1 parapluie contre le mal de mer (certifi\u00e9 RINA)<\/p>\n","protected":false},"excerpt":{"rendered":"<p>SEAGO \u00celot de sauvetage SEA MASTER PLUS \/ Conteneur \/ ISO 9650-1 Type 1 Le SEAGO Life-Aid Island SEA MASTER PLUS est adapt\u00e9 \u00e0 une utilisation offshore sans restriction et r\u00e9pond \u00e0 la derni\u00e8re norme ISO 9650-1 type 1 (anciennement ISO 9650-1) ainsi qu\u2019aux exigences de l\u2019OSR 4.20.2 (d) pour les r\u00e9gates de cat\u00e9gorie 1 [&hellip;]<\/p>\n","protected":false},"featured_media":142454,"template":"","meta":{"_glsr_average":0,"_glsr_ranking":0,"_glsr_reviews":0},"product_brand":[],"product_cat":[176],"product_tag":[],"class_list":{"0":"post-142530","1":"product","2":"type-product","3":"status-publish","4":"has-post-thumbnail","6":"product_cat-radeau-de-sauvetage","8":"first","9":"instock","10":"taxable","11":"shipping-taxable","12":"purchasable","13":"product-type-variable"},"_links":{"self":[{"href":"https:\/\/mathies-antwerpen.com\/fr\/wp-json\/wp\/v2\/product\/142530","targetHints":{"allow":["GET"]}}],"collection":[{"href":"https:\/\/mathies-antwerpen.com\/fr\/wp-json\/wp\/v2\/product"}],"about":[{"href":"https:\/\/mathies-antwerpen.com\/fr\/wp-json\/wp\/v2\/types\/product"}],"wp:featuredmedia":[{"embeddable":true,"href":"https:\/\/mathies-antwerpen.com\/fr\/wp-json\/wp\/v2\/media\/142454"}],"wp:attachment":[{"href":"https:\/\/mathies-antwerpen.com\/fr\/wp-json\/wp\/v2\/media?parent=142530"}],"wp:term":[{"taxonomy":"product_brand","embeddable":true,"href":"https:\/\/mathies-antwerpen.com\/fr\/wp-json\/wp\/v2\/product_brand?post=142530"},{"taxonomy":"product_cat","embeddable":true,"href":"https:\/\/mathies-antwerpen.com\/fr\/wp-json\/wp\/v2\/product_cat?post=142530"},{"taxonomy":"product_tag","embeddable":true,"href":"https:\/\/mathies-antwerpen.com\/fr\/wp-json\/wp\/v2\/product_tag?post=142530"}],"curies":[{"name":"wp","href":"https:\/\/api.w.org\/{rel}","templated":true}]}}