{"id":142666,"date":"2026-02-23T08:24:03","date_gmt":"2026-02-23T08:24:03","guid":{"rendered":"https:\/\/storempss.com\/?post_type=product&#038;p=142666"},"modified":"2026-02-23T08:27:00","modified_gmt":"2026-02-23T08:27:00","slug":"seatec-ile-de-sauvetage-offshore-plus-container","status":"publish","type":"product","link":"https:\/\/mathies-antwerpen.com\/fr\/produit\/seatec-ile-de-sauvetage-offshore-plus-container\/","title":{"rendered":"SEATEC \u00cele de sauvetage OFFSHORE PLUS \/ Container"},"content":{"rendered":"<p>&nbsp;<\/p>\n<p><strong>SEATEC Rettungsinsel OFFSHORE PLUS \/ ISO 9650-1 Type 2<\/strong><\/p>\n<p>Le SEATEC Life Raft OFFSHORE PLUS a \u00e9t\u00e9 d\u00e9velopp\u00e9 pour le march\u00e9 europ\u00e9en, est certifi\u00e9 selon la derni\u00e8re norme ISO 9650-1 Type 2 (anciennement ISO 9650-2) et poss\u00e8de en outre une homologation RINA.<br \/>\nDomaine d\u2019application\u00a0: c\u00f4tes et offshore, grands lacs et arri\u00e8re-pays<br \/>\nGarantie\u00a0: 18 ans de garantie (avec un entretien r\u00e9gulier)<br \/>\nIntervalle d\u2019entretien\u00a0: tous les 3 ans<\/p>\n<p>Mat\u00e9riau extra robuste en caoutchouc butyle, fond int\u00e9rieur isol\u00e9 thermiquement et toit de protection contre les intemp\u00e9ries jaune vif en tissu de nylon Rib-Stop 100\u00a0% \u00e9tanche. Clignotement automatique SOLAS sur le toit et \u00e9clairage int\u00e9rieur. Rubans r\u00e9fl\u00e9chissants conformes SOLAS sur le toit et les c\u00f4t\u00e9s ext\u00e9rieurs. 4 sacs de protection \u00e0 remplissage rapide et sans plomb, chacun d\u2019une capacit\u00e9 de 55 litres, garantissent une stabilit\u00e9 maximale &#8211; m\u00eame en cas de vagues &#8211; et emp\u00eachent le renversement de l\u2019\u00eele. Emball\u00e9 sous vide, au choix dans un conteneur en fibre de verre robuste ou dans un sac robuste.<\/p>\n<p>Il s\u2019agit d\u2019\u00eelots de sauvetage avec la variante d\u2019\u00e9quipement jusqu\u2019\u00e0 24 heures et comprenant les \u00e9quipements suivants\u00a0:<\/p>\n<p>1x paire de rames<br \/>\n3x torches \u00e0 la main<br \/>\n2x fus\u00e9es parachutistes<br \/>\n1x f\u00fbt<br \/>\n2x \u00e9ponge<br \/>\n1x pilote<br \/>\n1x pompe \u00e0 main<br \/>\n1x anneau de mise \u00e0 l\u2019eau avec une corde de sauvetage de 30 m<br \/>\n1x couteau de coupe et sifflet de signal<br \/>\n1x r\u00e9troviseur de signal<br \/>\n1x lampe de poche \u00e9tanche et piles<br \/>\n1x bloc-notes imperm\u00e9able<br \/>\n1x panneau de signalisation<br \/>\n1x kit de r\u00e9paration<br \/>\npar personne 1 parapluie contre le mal de mer (certifi\u00e9 RINA)<\/p>\n","protected":false},"excerpt":{"rendered":"<p>&nbsp; SEATEC Rettungsinsel OFFSHORE PLUS \/ ISO 9650-1 Type 2 Le SEATEC Life Raft OFFSHORE PLUS a \u00e9t\u00e9 d\u00e9velopp\u00e9 pour le march\u00e9 europ\u00e9en, est certifi\u00e9 selon la derni\u00e8re norme ISO 9650-1 Type 2 (anciennement ISO 9650-2) et poss\u00e8de en outre une homologation RINA. Domaine d\u2019application\u00a0: c\u00f4tes et offshore, grands lacs et arri\u00e8re-pays Garantie\u00a0: 18 ans [&hellip;]<\/p>\n","protected":false},"featured_media":142569,"template":"","meta":{"_glsr_average":0,"_glsr_ranking":0,"_glsr_reviews":0},"product_brand":[],"product_cat":[176],"product_tag":[],"class_list":{"0":"post-142666","1":"product","2":"type-product","3":"status-publish","4":"has-post-thumbnail","6":"product_cat-radeau-de-sauvetage","8":"first","9":"instock","10":"taxable","11":"shipping-taxable","12":"purchasable","13":"product-type-variable"},"_links":{"self":[{"href":"https:\/\/mathies-antwerpen.com\/fr\/wp-json\/wp\/v2\/product\/142666","targetHints":{"allow":["GET"]}}],"collection":[{"href":"https:\/\/mathies-antwerpen.com\/fr\/wp-json\/wp\/v2\/product"}],"about":[{"href":"https:\/\/mathies-antwerpen.com\/fr\/wp-json\/wp\/v2\/types\/product"}],"wp:featuredmedia":[{"embeddable":true,"href":"https:\/\/mathies-antwerpen.com\/fr\/wp-json\/wp\/v2\/media\/142569"}],"wp:attachment":[{"href":"https:\/\/mathies-antwerpen.com\/fr\/wp-json\/wp\/v2\/media?parent=142666"}],"wp:term":[{"taxonomy":"product_brand","embeddable":true,"href":"https:\/\/mathies-antwerpen.com\/fr\/wp-json\/wp\/v2\/product_brand?post=142666"},{"taxonomy":"product_cat","embeddable":true,"href":"https:\/\/mathies-antwerpen.com\/fr\/wp-json\/wp\/v2\/product_cat?post=142666"},{"taxonomy":"product_tag","embeddable":true,"href":"https:\/\/mathies-antwerpen.com\/fr\/wp-json\/wp\/v2\/product_tag?post=142666"}],"curies":[{"name":"wp","href":"https:\/\/api.w.org\/{rel}","templated":true}]}}