{"id":142729,"date":"2026-02-24T07:53:43","date_gmt":"2026-02-24T07:53:43","guid":{"rendered":"https:\/\/storempss.com\/?post_type=product&#038;p=142729"},"modified":"2026-02-24T08:26:02","modified_gmt":"2026-02-24T08:26:02","slug":"support-universel-pour-radeau-de-sauvetage","status":"publish","type":"product","link":"https:\/\/mathies-antwerpen.com\/fr\/produit\/support-universel-pour-radeau-de-sauvetage\/","title":{"rendered":"Support universel pour radeau de sauvetage"},"content":{"rendered":"<p><strong>Support universel pour appareil de secours<\/strong><\/p>\n<p>Support de sauvetage universel. Adapt\u00e9 \u00e0 tous les mod\u00e8les. Le support en acier inoxydable convient pour l\u2019assemblage sur pont ou rail.<br \/>\nDimensions:<\/p>\n<p>Longueur ext\u00e9rieure (variable)\u00a0: 770 &#8211; 920 mm<br \/>\nLongueur int\u00e9rieure (variable)\u00a0: 720 &#8211; 870 mm<br \/>\nLargeur ext\u00e9rieure\u00a0: 425 mm<br \/>\nHauteur\u00a0: 227,50 mm<\/p>\n","protected":false},"excerpt":{"rendered":"<p>Support universel pour appareil de secours Support de sauvetage universel. Adapt\u00e9 \u00e0 tous les mod\u00e8les. Le support en acier inoxydable convient pour l\u2019assemblage sur pont ou rail. Dimensions: Longueur ext\u00e9rieure (variable)\u00a0: 770 &#8211; 920 mm Longueur int\u00e9rieure (variable)\u00a0: 720 &#8211; 870 mm Largeur ext\u00e9rieure\u00a0: 425 mm Hauteur\u00a0: 227,50 mm<\/p>\n","protected":false},"featured_media":142702,"template":"","meta":{"_glsr_average":0,"_glsr_ranking":0,"_glsr_reviews":0},"product_brand":[],"product_cat":[176],"product_tag":[],"class_list":{"0":"post-142729","1":"product","2":"type-product","3":"status-publish","4":"has-post-thumbnail","6":"product_cat-radeau-de-sauvetage","8":"first","9":"instock","10":"taxable","11":"shipping-taxable","12":"purchasable","13":"product-type-simple"},"_links":{"self":[{"href":"https:\/\/mathies-antwerpen.com\/fr\/wp-json\/wp\/v2\/product\/142729","targetHints":{"allow":["GET"]}}],"collection":[{"href":"https:\/\/mathies-antwerpen.com\/fr\/wp-json\/wp\/v2\/product"}],"about":[{"href":"https:\/\/mathies-antwerpen.com\/fr\/wp-json\/wp\/v2\/types\/product"}],"wp:featuredmedia":[{"embeddable":true,"href":"https:\/\/mathies-antwerpen.com\/fr\/wp-json\/wp\/v2\/media\/142702"}],"wp:attachment":[{"href":"https:\/\/mathies-antwerpen.com\/fr\/wp-json\/wp\/v2\/media?parent=142729"}],"wp:term":[{"taxonomy":"product_brand","embeddable":true,"href":"https:\/\/mathies-antwerpen.com\/fr\/wp-json\/wp\/v2\/product_brand?post=142729"},{"taxonomy":"product_cat","embeddable":true,"href":"https:\/\/mathies-antwerpen.com\/fr\/wp-json\/wp\/v2\/product_cat?post=142729"},{"taxonomy":"product_tag","embeddable":true,"href":"https:\/\/mathies-antwerpen.com\/fr\/wp-json\/wp\/v2\/product_tag?post=142729"}],"curies":[{"name":"wp","href":"https:\/\/api.w.org\/{rel}","templated":true}]}}