{"id":142780,"date":"2026-02-24T09:11:05","date_gmt":"2026-02-24T09:11:05","guid":{"rendered":"https:\/\/storempss.com\/?post_type=product&#038;p=142780"},"modified":"2026-02-24T09:17:53","modified_gmt":"2026-02-24T09:17:53","slug":"seago-support-universel-pour-appareil-de-secours","status":"publish","type":"product","link":"https:\/\/mathies-antwerpen.com\/fr\/produit\/seago-support-universel-pour-appareil-de-secours\/","title":{"rendered":"SEAGO support universel pour appareil de secours"},"content":{"rendered":"<p><strong>SEAGO support universel pour appareil de secours<\/strong><\/p>\n<p>Support massif en acier inoxydable pour \u00eelot de sauvetage, adapt\u00e9 \u00e0 tous les conteneurs d\u2019\u00eelot de sauvetage. Montage sur pont et rail possible (tube de 25 mm). Les accessoires de montage sont inclus dans la livraison. Avec fermeture rapide pratique pour que l\u2019\u00e9chine de sauvetage puisse \u00eatre rapidement retir\u00e9e du support en cas d\u2019urgence.<\/p>\n<p>Le support de l\u2019\u00eelot de sauvetage est \u00e9quip\u00e9 de per\u00e7ages pr\u00e9liminaires pour un r\u00e9glage variable de la largeur et de la hauteur. Les possibilit\u00e9s de r\u00e9glage sont\u00a0:<\/p>\n<p>Largeur\u00a0: 700, 730, 750, 760, 790, 860, 900 mm<br \/>\nHauteur\u00a0: 420, 540, 650 mm<\/p>\n<p>Support de sauvetage universel. Adapt\u00e9 \u00e0 tous les mod\u00e8les. Le support en acier inoxydable convient pour l\u2019assemblage sur pont ou rail.<br \/>\nDimensions:<\/p>\n<p>Longueur ext\u00e9rieure (variable)\u00a0: 770 &#8211; 920 mm<br \/>\nLongueur int\u00e9rieure (variable)\u00a0: 720 &#8211; 870 mm<br \/>\nLargeur ext\u00e9rieure\u00a0: 425 mm<br \/>\nHauteur\u00a0: 227,50 mm<\/p>\n","protected":false},"excerpt":{"rendered":"<p>SEAGO support universel pour appareil de secours Support massif en acier inoxydable pour \u00eelot de sauvetage, adapt\u00e9 \u00e0 tous les conteneurs d\u2019\u00eelot de sauvetage. Montage sur pont et rail possible (tube de 25 mm). Les accessoires de montage sont inclus dans la livraison. Avec fermeture rapide pratique pour que l\u2019\u00e9chine de sauvetage puisse \u00eatre rapidement [&hellip;]<\/p>\n","protected":false},"featured_media":142748,"template":"","meta":{"_glsr_average":0,"_glsr_ranking":0,"_glsr_reviews":0},"product_brand":[],"product_cat":[176],"product_tag":[],"class_list":{"0":"post-142780","1":"product","2":"type-product","3":"status-publish","4":"has-post-thumbnail","6":"product_cat-radeau-de-sauvetage","8":"first","9":"instock","10":"taxable","11":"shipping-taxable","12":"purchasable","13":"product-type-simple"},"_links":{"self":[{"href":"https:\/\/mathies-antwerpen.com\/fr\/wp-json\/wp\/v2\/product\/142780","targetHints":{"allow":["GET"]}}],"collection":[{"href":"https:\/\/mathies-antwerpen.com\/fr\/wp-json\/wp\/v2\/product"}],"about":[{"href":"https:\/\/mathies-antwerpen.com\/fr\/wp-json\/wp\/v2\/types\/product"}],"wp:featuredmedia":[{"embeddable":true,"href":"https:\/\/mathies-antwerpen.com\/fr\/wp-json\/wp\/v2\/media\/142748"}],"wp:attachment":[{"href":"https:\/\/mathies-antwerpen.com\/fr\/wp-json\/wp\/v2\/media?parent=142780"}],"wp:term":[{"taxonomy":"product_brand","embeddable":true,"href":"https:\/\/mathies-antwerpen.com\/fr\/wp-json\/wp\/v2\/product_brand?post=142780"},{"taxonomy":"product_cat","embeddable":true,"href":"https:\/\/mathies-antwerpen.com\/fr\/wp-json\/wp\/v2\/product_cat?post=142780"},{"taxonomy":"product_tag","embeddable":true,"href":"https:\/\/mathies-antwerpen.com\/fr\/wp-json\/wp\/v2\/product_tag?post=142780"}],"curies":[{"name":"wp","href":"https:\/\/api.w.org\/{rel}","templated":true}]}}