{"id":142918,"date":"2026-03-05T07:19:13","date_gmt":"2026-03-05T07:19:13","guid":{"rendered":"https:\/\/mathies-antwerpen.com\/?post_type=product&#038;p=142918"},"modified":"2026-03-05T07:22:12","modified_gmt":"2026-03-05T07:22:12","slug":"element-7s-module-sonar-chirp","status":"publish","type":"product","link":"https:\/\/mathies-antwerpen.com\/fr\/produit\/element-7s-module-sonar-chirp\/","title":{"rendered":"\u00c9l\u00e9ment 7S \/ Module sonar CHIRP"},"content":{"rendered":"<p><strong>RAYMARINE<\/strong><br \/>\n<strong>\u00c9l\u00e9ment 7S \/ Touche \/ Module sonar CHIRP \/ incl. Carte de recherche Lighthouse<\/strong><\/p>\n<p>Un \u00e9cran multifonction intelligent de 7 pouces avec une interface utilisateur conviviale, une antenne GPS int\u00e9gr\u00e9e et un module sonar CHIRP int\u00e9gr\u00e9.Ce traceur Raymarine a d\u00e9lib\u00e9r\u00e9ment renonc\u00e9 \u00e0 un \u00e9cran tactile, car la commande classique par touches, associ\u00e9e \u00e0 l&rsquo;interface Raymarine LightHouse Sport, permet une utilisation intuitive et pr\u00e9cise de l&rsquo;appareil, m\u00eame lors de courses rapides et de forts courants.<\/p>\n<p>Contenu de la livraison<\/p>\n<p>Affichage des \u00e9l\u00e9ments<br \/>\nJoint de montage de structure<br \/>\n\u2022 Couverture solaire<br \/>\n\u2022 Vis \u00e0 cliquet<br \/>\n\u2022 Support de pinces<br \/>\nMat\u00e9riel de fixation<br \/>\nC\u00e2bles d&rsquo;alimentation et de donn\u00e9es<\/p>\n<p>3 ans de garantie constructeur<br \/>\nLivraison gratuite dans le monde entier<br \/>\nMontage et installation selon accord<\/p>\n","protected":false},"excerpt":{"rendered":"<p>RAYMARINE \u00c9l\u00e9ment 7S \/ Touche \/ Module sonar CHIRP \/ incl. Carte de recherche Lighthouse Un \u00e9cran multifonction intelligent de 7 pouces avec une interface utilisateur conviviale, une antenne GPS int\u00e9gr\u00e9e et un module sonar CHIRP int\u00e9gr\u00e9.Ce traceur Raymarine a d\u00e9lib\u00e9r\u00e9ment renonc\u00e9 \u00e0 un \u00e9cran tactile, car la commande classique par touches, associ\u00e9e \u00e0 l&rsquo;interface [&hellip;]<\/p>\n","protected":false},"featured_media":142870,"template":"","meta":{"_glsr_average":0,"_glsr_ranking":0,"_glsr_reviews":0},"product_brand":[],"product_cat":[50],"product_tag":[],"class_list":{"0":"post-142918","1":"product","2":"type-product","3":"status-publish","4":"has-post-thumbnail","6":"product_cat-electronique-gps-navigation","8":"first","9":"instock","10":"taxable","11":"shipping-taxable","12":"purchasable","13":"product-type-simple"},"_links":{"self":[{"href":"https:\/\/mathies-antwerpen.com\/fr\/wp-json\/wp\/v2\/product\/142918","targetHints":{"allow":["GET"]}}],"collection":[{"href":"https:\/\/mathies-antwerpen.com\/fr\/wp-json\/wp\/v2\/product"}],"about":[{"href":"https:\/\/mathies-antwerpen.com\/fr\/wp-json\/wp\/v2\/types\/product"}],"wp:featuredmedia":[{"embeddable":true,"href":"https:\/\/mathies-antwerpen.com\/fr\/wp-json\/wp\/v2\/media\/142870"}],"wp:attachment":[{"href":"https:\/\/mathies-antwerpen.com\/fr\/wp-json\/wp\/v2\/media?parent=142918"}],"wp:term":[{"taxonomy":"product_brand","embeddable":true,"href":"https:\/\/mathies-antwerpen.com\/fr\/wp-json\/wp\/v2\/product_brand?post=142918"},{"taxonomy":"product_cat","embeddable":true,"href":"https:\/\/mathies-antwerpen.com\/fr\/wp-json\/wp\/v2\/product_cat?post=142918"},{"taxonomy":"product_tag","embeddable":true,"href":"https:\/\/mathies-antwerpen.com\/fr\/wp-json\/wp\/v2\/product_tag?post=142918"}],"curies":[{"name":"wp","href":"https:\/\/api.w.org\/{rel}","templated":true}]}}