{"id":142967,"date":"2026-03-05T08:24:17","date_gmt":"2026-03-05T08:24:17","guid":{"rendered":"https:\/\/mathies-antwerpen.com\/?post_type=product&#038;p=142967"},"modified":"2026-03-05T08:26:27","modified_gmt":"2026-03-05T08:26:27","slug":"afficheur-multifonction-element-7-hv-avec-sondeur-hypervision-sans-capteur","status":"publish","type":"product","link":"https:\/\/mathies-antwerpen.com\/fr\/produit\/afficheur-multifonction-element-7-hv-avec-sondeur-hypervision-sans-capteur\/","title":{"rendered":"Afficheur multifonction Element 7 HV \/ avec sondeur HyperVision sans capteur"},"content":{"rendered":"<p><strong>RAYMARINE<\/strong><br \/>\n<strong>Afficheur multifonction Element 7 HV \/ avec sondeur HyperVision sans capteur<\/strong><\/p>\n<p>Afficheur multifonction 7&Prime; facile \u00e0 utiliser et antenne GPS int\u00e9gr\u00e9e. Il dispose d&rsquo;un clavier classique et du syst\u00e8me d&rsquo;interface utilisateur Raymarine Lighthouse Sport. Avec la technologie de sondeur HyperVision pour des images haute d\u00e9finition des fonds. Le capteur n&rsquo;est pas inclus.<\/p>\n<p>Garantie constructeur de 3 ans<br \/>\nLivraison gratuite dans le monde entier<br \/>\nMontage et installation disponibles sur demande<\/p>\n","protected":false},"excerpt":{"rendered":"<p>RAYMARINE Afficheur multifonction Element 7 HV \/ avec sondeur HyperVision sans capteur Afficheur multifonction 7&Prime; facile \u00e0 utiliser et antenne GPS int\u00e9gr\u00e9e. Il dispose d&rsquo;un clavier classique et du syst\u00e8me d&rsquo;interface utilisateur Raymarine Lighthouse Sport. Avec la technologie de sondeur HyperVision pour des images haute d\u00e9finition des fonds. Le capteur n&rsquo;est pas inclus. Garantie constructeur [&hellip;]<\/p>\n","protected":false},"featured_media":142931,"template":"","meta":{"_glsr_average":0,"_glsr_ranking":0,"_glsr_reviews":0},"product_brand":[],"product_cat":[50],"product_tag":[],"class_list":{"0":"post-142967","1":"product","2":"type-product","3":"status-publish","4":"has-post-thumbnail","6":"product_cat-electronique-gps-navigation","8":"first","9":"instock","10":"taxable","11":"shipping-taxable","12":"purchasable","13":"product-type-simple"},"_links":{"self":[{"href":"https:\/\/mathies-antwerpen.com\/fr\/wp-json\/wp\/v2\/product\/142967","targetHints":{"allow":["GET"]}}],"collection":[{"href":"https:\/\/mathies-antwerpen.com\/fr\/wp-json\/wp\/v2\/product"}],"about":[{"href":"https:\/\/mathies-antwerpen.com\/fr\/wp-json\/wp\/v2\/types\/product"}],"wp:featuredmedia":[{"embeddable":true,"href":"https:\/\/mathies-antwerpen.com\/fr\/wp-json\/wp\/v2\/media\/142931"}],"wp:attachment":[{"href":"https:\/\/mathies-antwerpen.com\/fr\/wp-json\/wp\/v2\/media?parent=142967"}],"wp:term":[{"taxonomy":"product_brand","embeddable":true,"href":"https:\/\/mathies-antwerpen.com\/fr\/wp-json\/wp\/v2\/product_brand?post=142967"},{"taxonomy":"product_cat","embeddable":true,"href":"https:\/\/mathies-antwerpen.com\/fr\/wp-json\/wp\/v2\/product_cat?post=142967"},{"taxonomy":"product_tag","embeddable":true,"href":"https:\/\/mathies-antwerpen.com\/fr\/wp-json\/wp\/v2\/product_tag?post=142967"}],"curies":[{"name":"wp","href":"https:\/\/api.w.org\/{rel}","templated":true}]}}