{"id":143015,"date":"2026-03-05T08:51:56","date_gmt":"2026-03-05T08:51:56","guid":{"rendered":"https:\/\/mathies-antwerpen.com\/?post_type=product&#038;p=143015"},"modified":"2026-03-05T08:53:38","modified_gmt":"2026-03-05T08:53:38","slug":"afficheur-multifonction-element-7-hv-avec-sonar-hypervision-chirp-et-sonde-hv-100","status":"publish","type":"product","link":"https:\/\/mathies-antwerpen.com\/fr\/produit\/afficheur-multifonction-element-7-hv-avec-sonar-hypervision-chirp-et-sonde-hv-100\/","title":{"rendered":"Afficheur multifonction Element 7 HV \/ avec sonar Hypervision Chirp et sonde HV-100"},"content":{"rendered":"<p><strong>RAYMARINE<\/strong><br \/>\n<strong>Afficheur multifonction Element 7 HV \/ avec sonar Hypervision Chirp et sonde HV-100<\/strong><\/p>\n<p>\u00c9cran multifonction Smart 7&Prime; avec interface conviviale et antenne GPS int\u00e9gr\u00e9e. L&rsquo;abcence de clavier tactile est d\u00e9lib\u00e9r\u00e9e, pour privil\u00e9gier le clavier classique associ\u00e9 \u00e0 l&rsquo;interface LightHouse Sport de Raymarine faciles \u00e0 utiliser dans toutes les conditions de mer. Technologie sonar int\u00e9gr\u00e9e HyperVision qui offre une exceptionnelle qualit\u00e9 d&rsquo;image sous-marine. Le processeur rapide QuadCore est parfaitement adapt\u00e9 \u00e0 la cartographie avec rendu 3D continu.Transducteur HV-100 inclus.<\/p>\n<p>Garantie constructeur de 3 ans<br \/>\nLivraison gratuite dans le monde entier<br \/>\nMontage et installation disponibles sur demande<\/p>\n","protected":false},"excerpt":{"rendered":"<p>RAYMARINE Afficheur multifonction Element 7 HV \/ avec sonar Hypervision Chirp et sonde HV-100 \u00c9cran multifonction Smart 7&Prime; avec interface conviviale et antenne GPS int\u00e9gr\u00e9e. L&rsquo;abcence de clavier tactile est d\u00e9lib\u00e9r\u00e9e, pour privil\u00e9gier le clavier classique associ\u00e9 \u00e0 l&rsquo;interface LightHouse Sport de Raymarine faciles \u00e0 utiliser dans toutes les conditions de mer. Technologie sonar int\u00e9gr\u00e9e [&hellip;]<\/p>\n","protected":false},"featured_media":142975,"template":"","meta":{"_glsr_average":0,"_glsr_ranking":0,"_glsr_reviews":0},"product_brand":[],"product_cat":[50],"product_tag":[],"class_list":{"0":"post-143015","1":"product","2":"type-product","3":"status-publish","4":"has-post-thumbnail","6":"product_cat-electronique-gps-navigation","8":"first","9":"instock","10":"taxable","11":"shipping-taxable","12":"purchasable","13":"product-type-simple"},"_links":{"self":[{"href":"https:\/\/mathies-antwerpen.com\/fr\/wp-json\/wp\/v2\/product\/143015","targetHints":{"allow":["GET"]}}],"collection":[{"href":"https:\/\/mathies-antwerpen.com\/fr\/wp-json\/wp\/v2\/product"}],"about":[{"href":"https:\/\/mathies-antwerpen.com\/fr\/wp-json\/wp\/v2\/types\/product"}],"wp:featuredmedia":[{"embeddable":true,"href":"https:\/\/mathies-antwerpen.com\/fr\/wp-json\/wp\/v2\/media\/142975"}],"wp:attachment":[{"href":"https:\/\/mathies-antwerpen.com\/fr\/wp-json\/wp\/v2\/media?parent=143015"}],"wp:term":[{"taxonomy":"product_brand","embeddable":true,"href":"https:\/\/mathies-antwerpen.com\/fr\/wp-json\/wp\/v2\/product_brand?post=143015"},{"taxonomy":"product_cat","embeddable":true,"href":"https:\/\/mathies-antwerpen.com\/fr\/wp-json\/wp\/v2\/product_cat?post=143015"},{"taxonomy":"product_tag","embeddable":true,"href":"https:\/\/mathies-antwerpen.com\/fr\/wp-json\/wp\/v2\/product_tag?post=143015"}],"curies":[{"name":"wp","href":"https:\/\/api.w.org\/{rel}","templated":true}]}}